{"id":8815,"date":"2016-02-10T13:22:25","date_gmt":"2016-02-10T13:22:25","guid":{"rendered":"https:\/\/myice.hockey\/?page_id=8815\/"},"modified":"2021-02-16T13:16:55","modified_gmt":"2021-02-16T13:16:55","slug":"my-ice-hockey-starter","status":"publish","type":"page","link":"https:\/\/myice.hockey\/sv\/produkter\/my-ice-hockey-starter\/","title":{"rendered":"My Ice Hockey Starter"},"content":{"rendered":"[vc_row][vc_column][vc_empty_space height=&#8221;80&#8243;][mk_fancy_title size=&#8221;36&#8243; font_family=&#8221;none&#8221; align=&#8221;center&#8221;]<strong>My Ice Hockey Starter <\/strong>\u00e4r den perfekta produkten f\u00f6r alla coacher som vill anv\u00e4nda ett onlineverktyg f\u00f6r s\u00e5v\u00e4l s\u00e4songs- och tr\u00e4ningsplanering som till match- och spelarhantering.[\/mk_fancy_title][vc_empty_space][mk_fancy_title color=&#8221;#e61e25&#8243; size=&#8221;28&#8243; font_weight=&#8221;200&#8243; font_family=&#8221;none&#8221; align=&#8221;center&#8221;]My Ice Hockey Starter inneh\u00e5ller f\u00f6ljande plattformar och moduler:[\/mk_fancy_title][\/vc_column][vc_column][vc_video link=&#8221;https:\/\/youtu.be\/oJgvqd6lyTs&#8221;][\/vc_column][\/vc_row][vc_row][vc_column][vc_empty_space][\/vc_column][vc_column width=&#8221;1\/2&#8243;][mk_padding_divider size=&#8221;20&#8243;][mk_image src=&#8221;https:\/\/myice.hockey\/wp-content\/uploads\/MIH-V3-DE-Teams.png&#8221; image_size=&#8221;full&#8221;][\/vc_column][vc_column width=&#8221;1\/2&#8243;][mk_padding_divider][mk_fancy_title size=&#8221;26&#8243; line_height=&#8221;85&#8243; font_weight=&#8221;bold&#8221; margin_top=&#8221;20&#8243; margin_bottom=&#8221;0&#8243; font_family=&#8221;none&#8221;]Coachers Platform[\/mk_fancy_title][mk_fancy_title color=&#8221;#e61e25&#8243; size=&#8221;30&#8243; font_weight=&#8221;100&#8243; margin_top=&#8221;5&#8243; margin_bottom=&#8221;0&#8243; font_family=&#8221;none&#8221;]Huvudmoduler[\/mk_fancy_title][mk_custom_list]\n<ul>\n<li><span class=\"VIiyi\" lang=\"sv\"><span class=\"JLqJ4b ChMk0b\" data-language-for-alternatives=\"sv\" data-language-to-translate-into=\"en\" data-phrase-index=\"0\">M\u00e5nadsplanering med specifikationer och utv\u00e4rderingar<\/span><\/span><\/li>\n<li>Spelar- och laghantering<\/li>\n<li>Tr\u00e4ningsplanering<\/li>\n<li>\u00d6ver 1,500 \u00e5ldersanpassade drills<\/li>\n<\/ul>\n[\/mk_custom_list][\/vc_column][vc_column][mk_divider style=&#8221;shadow_line&#8221;][\/vc_column][vc_column width=&#8221;1\/2&#8243;][mk_padding_divider][mk_fancy_title size=&#8221;26&#8243; line_height=&#8221;85&#8243; font_weight=&#8221;bold&#8221; margin_top=&#8221;20&#8243; margin_bottom=&#8221;0&#8243; font_family=&#8221;none&#8221;]Spelarnas Plattform[\/mk_fancy_title][mk_fancy_title color=&#8221;#e61e25&#8243; size=&#8221;30&#8243; font_weight=&#8221;100&#8243; margin_top=&#8221;5&#8243; margin_bottom=&#8221;0&#8243; font_family=&#8221;none&#8221;]Kommunikationsverktyg mellan Coacher och Spelare[\/mk_fancy_title][mk_custom_list]\n<ul>\n<li>Individuell spelar\u00e5tkomst<\/li>\n<li><span class=\"VIiyi\" lang=\"sv\"><span class=\"JLqJ4b ChMk0b\" data-language-for-alternatives=\"sv\" data-language-to-translate-into=\"en\" data-phrase-index=\"0\">Online tr\u00e4ningsplan tillg\u00e4nglig (\u00f6vningsgrupp \/ deltagare \/ typ \/ datum \/ plats \/ tid \/ status \/ kommentarer)<\/span><\/span><\/li>\n<li><span class=\"VIiyi\" lang=\"sv\"><span class=\"JLqJ4b ChMk0b\" data-language-for-alternatives=\"sv\" data-language-to-translate-into=\"en\" data-phrase-index=\"0\">Online tr\u00e4ningsplanering \u00e4r mobilv\u00e4nlig (PDF \/ XLS-export m\u00f6jlig<\/span><\/span><\/li>\n<li><span class=\"VIiyi\" lang=\"sv\"><span class=\"JLqJ4b ChMk0b\" data-language-for-alternatives=\"sv\" data-language-to-translate-into=\"en\" data-phrase-index=\"0\">Avbokningar online (inga fler telefonsamtal, SMS, WhatsApp eller e-post)<\/span><\/span><\/li>\n<li><span class=\"VIiyi\" lang=\"sv\"><span class=\"JLqJ4b ChMk0b\" data-language-for-alternatives=\"sv\" data-language-to-translate-into=\"en\" data-phrase-index=\"2\">Spelare hanterar adresser oberoende (f\u00f6r\u00e4ldrar \/ skola \/ agent)<\/span><\/span><\/li>\n<li>R<span class=\"VIiyi\" lang=\"sv\"><span class=\"JLqJ4b ChMk0b\" data-language-for-alternatives=\"sv\" data-language-to-translate-into=\"en\" data-phrase-index=\"4\">egistrering spelaregenskaper (grundposition \/ sida \/ favoritposition \/ nummer \/ foto etc.)<\/span><\/span><\/li>\n<\/ul>\n[\/mk_custom_list][\/vc_column][vc_column width=&#8221;1\/2&#8243;][mk_padding_divider size=&#8221;20&#8243;][mk_image src=&#8221;https:\/\/myice.hockey\/wp-content\/uploads\/MIH-V3-DE-Spielerplattform-Dossier.png&#8221; image_size=&#8221;full&#8221;][\/vc_column][\/vc_row][vc_row][vc_column][mk_divider style=&#8221;shadow_line&#8221;][\/vc_column][\/vc_row][vc_row][vc_column width=&#8221;1\/2&#8243;][mk_padding_divider size=&#8221;20&#8243;][mk_image src=&#8221;https:\/\/myice.hockey\/wp-content\/uploads\/MIH-V3-DE-Staffplattform.png&#8221; image_size=&#8221;full&#8221;][\/vc_column][vc_column width=&#8221;1\/2&#8243;][mk_padding_divider][mk_fancy_title size=&#8221;26&#8243; line_height=&#8221;85&#8243; font_weight=&#8221;bold&#8221; margin_top=&#8221;20&#8243; margin_bottom=&#8221;0&#8243; font_family=&#8221;none&#8221;]Personals Plattform[\/mk_fancy_title][mk_fancy_title color=&#8221;#e61e25&#8243; size=&#8221;30&#8243; font_weight=&#8221;100&#8243; margin_top=&#8221;5&#8243; margin_bottom=&#8221;0&#8243; font_family=&#8221;none&#8221;]Kommunikationsverktyg mellan Coach och Personal[\/mk_fancy_title][mk_custom_list]\n<ul>\n<li>Individuell access respektive personal<\/li>\n<li><span class=\"VIiyi\" lang=\"sv\"><span class=\"JLqJ4b ChMk0b\" data-language-for-alternatives=\"sv\" data-language-to-translate-into=\"en\" data-phrase-index=\"0\">Online tr\u00e4ningsplan tillg\u00e4nglig (\u00f6vningsgrupp \/ deltagare \/ typ \/ datum \/ plats \/ tid \/ status \/ kommentarer)<\/span><\/span><\/li>\n<li><span class=\"VIiyi\" lang=\"sv\"><span class=\"JLqJ4b ChMk0b\" data-language-for-alternatives=\"sv\" data-language-to-translate-into=\"en\" data-phrase-index=\"0\">Online tr\u00e4ningsplanering \u00e4r mobilv\u00e4nlig (PDF \/ XLS-export m\u00f6jlig)<\/span><\/span><\/li>\n<li><span class=\"VIiyi\" lang=\"sv\"><span class=\"JLqJ4b ChMk0b\" data-language-for-alternatives=\"sv\" data-language-to-translate-into=\"en\" data-phrase-index=\"0\">Avbokningar online (inga fler telefonsamtal, SMS, WhatsApp eller e-post)<\/span><\/span><\/li>\n<li>Personal hanterar adresser oberoende (inkluderar klubb- och \u00e5ldersgrupper)<\/li>\n<\/ul>\n[\/mk_custom_list][\/vc_column][\/vc_row][vc_row][vc_column][vc_empty_space][mk_fancy_title size=&#8221;25&#8243; font_weight=&#8221;300&#8243; font_family=&#8221;none&#8221;]<strong>Tillg\u00e4ngligt som till\u00e4gg till My Ice Hockey Starter:<\/strong><br \/>\n&#8211; Modul &#8217;Basic Individual&#8217;: Ing\u00e5ende statistik om spelare och lag, ladda upp enskilda element och individuellt anpassad niv\u00e5specifik tr\u00e4ning.[\/mk_fancy_title][mk_divider style=&#8221;shadow_line&#8221; margin_bottom=&#8221;60&#8243;][\/vc_column][\/vc_row][vc_row css=&#8221;.vc_custom_1455708027995{margin-bottom: 32px !important;}&#8221;][vc_column width=&#8221;1\/3&#8243;][vc_column_text css=&#8221;.vc_custom_1609522284893{margin-bottom: 0px !important;}&#8221;]\n<p style=\"text-align: center;\">M\u00e5nadsplanering<\/p>\n[\/vc_column_text][vc_gallery type=&#8221;nivo&#8221; interval=&#8221;0&#8243; images=&#8221;2047,2048,2049,2050&#8243; img_size=&#8221;full&#8221;][\/vc_column][vc_column width=&#8221;1\/3&#8243;][vc_column_text css=&#8221;.vc_custom_1609522302007{margin-bottom: 0px !important;}&#8221;]\n<p style=\"text-align: center;\">Laganpassning<\/p>\n[\/vc_column_text][vc_gallery type=&#8221;nivo&#8221; interval=&#8221;0&#8243; images=&#8221;2059,2058,2060,2063&#8243; img_size=&#8221;full&#8221;][\/vc_column][vc_column width=&#8221;1\/3&#8243;][vc_column_text css=&#8221;.vc_custom_1609522335361{margin-bottom: 0px !important;}&#8221;]\n<p style=\"text-align: center;\">Tr\u00e4ningar \/ Drills<\/p>\n[\/vc_column_text][vc_gallery type=&#8221;nivo&#8221; interval=&#8221;0&#8243; images=&#8221;2065,2066,2067,2068,2069,2057,2022,2024,2050&#8243; img_size=&#8221;full&#8221;][\/vc_column][\/vc_row][mk_page_section bg_color=&#8221;#e61e25&#8243; enable_3d=&#8221;true&#8221; speed_factor=&#8221;0.4&#8243; bg_gradient=&#8221;left_bottom&#8221; video_opacity=&#8221;0.5&#8243; min_height=&#8221;275&#8243; padding_top=&#8221;90&#8243; padding_bottom=&#8221;90&#8243; sidebar=&#8221;sidebar-1&#8243;][vc_column][mk_fancy_title color=&#8221;#ffffff&#8221; size=&#8221;36&#8243; font_weight=&#8221;300&#8243; margin_bottom=&#8221;0&#8243; font_family=&#8221;none&#8221; align=&#8221;center&#8221;]My Ice Hockey Starter <strong>erbjuds fr\u00e5n \u20ac 19 \/ m\u00e5nad <\/strong>&#8211;<strong><br \/>\n<\/strong>det l\u00f6nar sig![\/mk_fancy_title][\/vc_column][\/mk_page_section][mk_page_section top_shape_color=&#8221;#ffffff&#8221; bottom_shape_color=&#8221;#ffffff&#8221; section_id=&#8221;hireus-form&#8221; sidebar=&#8221;sidebar-1&#8243;][vc_column][mk_fancy_title size=&#8221;36&#8243; font_family=&#8221;none&#8221; align=&#8221;center&#8221;]<strong>Kontakta oss<br \/>\n<\/strong>[\/mk_fancy_title][vc_empty_space]\n<div class=\"wpcf7 no-js\" id=\"wpcf7-f13083-o1\" lang=\"sv-SE\" dir=\"ltr\">\n<div class=\"screen-reader-response\"><p role=\"status\" aria-live=\"polite\" aria-atomic=\"true\"><\/p> <ul><\/ul><\/div>\n<form action=\"\/sv\/wp-json\/wp\/v2\/pages\/8815#wpcf7-f13083-o1\" method=\"post\" class=\"wpcf7-form init\" aria-label=\"Kontaktformul\u00e4r\" novalidate=\"novalidate\" data-status=\"init\">\n<div style=\"display: none;\">\n<input type=\"hidden\" name=\"_wpcf7\" value=\"13083\" \/>\n<input type=\"hidden\" name=\"_wpcf7_version\" value=\"5.7.7\" \/>\n<input type=\"hidden\" name=\"_wpcf7_locale\" value=\"sv_SE\" \/>\n<input type=\"hidden\" name=\"_wpcf7_unit_tag\" value=\"wpcf7-f13083-o1\" \/>\n<input type=\"hidden\" name=\"_wpcf7_container_post\" value=\"0\" \/>\n<input type=\"hidden\" name=\"_wpcf7_posted_data_hash\" value=\"\" \/>\n<input type=\"hidden\" name=\"_wpcf7_recaptcha_response\" value=\"\" \/>\n<\/div>\n<p class=\"form-label\">F\u00f6rnamn & Efternamn <span style=\"color:#eb4d61;\">*<\/span>\n<\/p>\n<p><span class=\"wpcf7-form-control-wrap\" data-name=\"client-name\"><input size=\"40\" class=\"wpcf7-form-control wpcf7-text wpcf7-validates-as-required\" id=\"client-name\" aria-required=\"true\" aria-invalid=\"false\" value=\"\" type=\"text\" name=\"client-name\" \/><\/span>\n<\/p>\n<div class=\"form-half-column\">\n\t<p class=\"form-label\">Email <span style=\"color:#eb4d61;\">*<\/span>\n\t<\/p>\n\t<p><span class=\"wpcf7-form-control-wrap\" data-name=\"client-email\"><input size=\"40\" class=\"wpcf7-form-control wpcf7-text wpcf7-email wpcf7-validates-as-required wpcf7-validates-as-email\" id=\"client-email\" aria-required=\"true\" aria-invalid=\"false\" value=\"\" type=\"email\" name=\"client-email\" \/><\/span>\n\t<\/p>\n<\/div>\n<div class=\"form-half-column\">\n\t<p class=\"form-label\"> Telefon\n\t<\/p>\n\t<p><span class=\"wpcf7-form-control-wrap\" data-name=\"client-phone\"><input size=\"40\" class=\"wpcf7-form-control wpcf7-text wpcf7-tel wpcf7-validates-as-tel\" id=\"client-phone\" aria-invalid=\"false\" value=\"\" type=\"tel\" name=\"client-phone\" \/><\/span>\n\t<\/p>\n<\/div>\n<p class=\"form-label\"> Klubb\n<\/p>\n<p><span class=\"wpcf7-form-control-wrap\" data-name=\"client-info\"><input size=\"40\" class=\"wpcf7-form-control wpcf7-text\" id=\"client-info\" aria-invalid=\"false\" value=\"\" type=\"text\" name=\"client-info\" \/><\/span>\n<\/p>\n<p class=\"form-label\">Jag \u00e4r intresserad av<span style=\"color:#eb4d61;\">*<\/span>\n<\/p>\n<p><span class=\"wpcf7-form-control-wrap\" data-name=\"chosen-plan\"><select class=\"wpcf7-form-control wpcf7-select\" id=\"chosen-plan\" aria-invalid=\"false\" name=\"chosen-plan\"><option value=\"\">\u2013 V\u00e4lj ett alternativ \u2013<\/option><option value=\"My Ice Hockey Free\">My Ice Hockey Free<\/option><option value=\"My Ice Hockey Starter\">My Ice Hockey Starter<\/option><option value=\"My Ice Hockey Basic\">My Ice Hockey Basic<\/option><option value=\"My Ice Hockey PRO\">My Ice Hockey PRO<\/option><\/select><\/span>\n<\/p>\n<p class=\"form-label\">Anm\u00e4rkningar\n<\/p>\n<p><span class=\"wpcf7-form-control-wrap\" data-name=\"project-extra\"><textarea cols=\"40\" rows=\"10\" class=\"wpcf7-form-control wpcf7-textarea\" id=\"project-extra\" aria-invalid=\"false\" name=\"project-extra\"><\/textarea><\/span>\n<\/p>\n<div class=\"clear\">\n<\/div>\n\n<div class=\"clear\">\n<\/div>\n<p><input class=\"wpcf7-form-control has-spinner wpcf7-submit\" id=\"project-submit\" type=\"submit\" value=\"Skicka\" \/>\n<\/p>\n<div class=\"clear\">\n<\/div><div class=\"wpcf7-response-output\" aria-hidden=\"true\"><\/div>\n<\/form>\n<\/div>\n[vc_raw_js]JTNDc2NyaXB0JTIwdHlwZSUzRCUyMnRleHQlMkZqYXZhc2NyaXB0JTIyJTNFJTBBZG9jdW1lbnQuYWRkRXZlbnRMaXN0ZW5lciUyOCUyMCUyN3dwY2Y3bWFpbHNlbnQlMjclMkMlMjBmdW5jdGlvbiUyOCUyMGV2ZW50JTIwJTI5JTIwJTdCJTBBJTIwJTIwJTIwJTIwd2luZG93LmRhdGFMYXllci5wdXNoJTI4JTdCJTBBJTA5JTIwJTI3ZXZlbnQlMjclM0ElMjAlMjdzdGFydGVyJTI3JTJDJTBBJTA5JTIwJTI3Zm9ybUxvY2F0aW9uJTI3JTNBJTIwJTI3c3RhcnRlciUyNyUwQSUwOSU3RCUyOSUzQiUwQSU3RCUyQyUyMGZhbHNlJTIwJTI5JTNCJTBBJTNDJTJGc2NyaXB0JTNF[\/vc_raw_js][\/vc_column][\/mk_page_section][vc_row fullwidth=&#8221;true&#8221; css=&#8221;.vc_custom_1455705801848{padding-top: 32px !important;padding-bottom: 32px !important;background-color: #e61e25 !important;}&#8221;][vc_column width=&#8221;1\/3&#8243;][\/vc_column][vc_column width=&#8221;1\/3&#8243;][mk_button dimension=&#8221;outline&#8221; size=&#8221;medium&#8221; url=&#8221;http:\/\/myice.hockey\/en\/products\/&#8221; align=&#8221;center&#8221; button_custom_width=&#8221;300&#8243; margin_bottom=&#8221;0&#8243; animation=&#8221;fade-in&#8221; outline_skin=&#8221;light&#8221;]J\u00e4mf\u00f6r alla produkter[\/mk_button][\/vc_column][vc_column width=&#8221;1\/3&#8243;][\/vc_column][\/vc_row]\n","protected":false},"excerpt":{"rendered":"<p>[vc_row][vc_column][vc_empty_space height=&#8221;80&#8243;][mk_fancy_title size=&#8221;36&#8243; font_family=&#8221;none&#8221; align=&#8221;center&#8221;]My Ice Hockey Starter \u00e4r den perfekta produkten f\u00f6r alla coacher som vill anv\u00e4nda ett onlineverktyg f\u00f6r s\u00e5v\u00e4l s\u00e4songs- och tr\u00e4ningsplanering som till match- och spelarhantering.[\/mk_fancy_title][vc_empty_space][mk_fancy_title color=&#8221;#e61e25&#8243; size=&#8221;28&#8243; font_weight=&#8221;200&#8243; font_family=&#8221;none&#8221; align=&#8221;center&#8221;]My Ice Hockey Starter inneh\u00e5ller f\u00f6ljande plattformar och moduler:[\/mk_fancy_title][\/vc_column][vc_column][vc_video link=&#8221;https:\/\/youtu.be\/oJgvqd6lyTs&#8221;][\/vc_column][\/vc_row][vc_row][vc_column][vc_empty_space][\/vc_column][vc_column width=&#8221;1\/2&#8243;][mk_padding_divider size=&#8221;20&#8243;][mk_image src=&#8221;https:\/\/myice.hockey\/wp-content\/uploads\/MIH-V3-DE-Teams.png&#8221; image_size=&#8221;full&#8221;][\/vc_column][vc_column width=&#8221;1\/2&#8243;][mk_padding_divider][mk_fancy_title size=&#8221;26&#8243; line_height=&#8221;85&#8243; font_weight=&#8221;bold&#8221; margin_top=&#8221;20&#8243; margin_bottom=&#8221;0&#8243; font_family=&#8221;none&#8221;]Coachers [&hellip;]<\/p>\n","protected":false},"author":1,"featured_media":0,"parent":8794,"menu_order":0,"comment_status":"closed","ping_status":"closed","template":"","meta":{"_exactmetrics_skip_tracking":false,"_exactmetrics_sitenote_active":false,"_exactmetrics_sitenote_note":"","_exactmetrics_sitenote_category":0},"yoast_head":"<!-- This site is optimized with the Yoast SEO plugin v20.10 - https:\/\/yoast.com\/wordpress\/plugins\/seo\/ -->\n<title>My Ice Hockey Starter - My Ice Hockey<\/title>\n<meta name=\"robots\" content=\"index, follow, max-snippet:-1, max-image-preview:large, max-video-preview:-1\" \/>\n<link rel=\"canonical\" href=\"https:\/\/myice.hockey\/sv\/produkter\/my-ice-hockey-starter\/\" \/>\n<meta property=\"og:locale\" content=\"sv_SE\" \/>\n<meta property=\"og:type\" content=\"article\" \/>\n<meta property=\"og:title\" content=\"My Ice Hockey Starter - My Ice Hockey\" \/>\n<meta property=\"og:description\" content=\"[vc_row][vc_column][vc_empty_space height=&#8221;80&#8243;][mk_fancy_title size=&#8221;36&#8243; font_family=&#8221;none&#8221; align=&#8221;center&#8221;]My Ice Hockey Starter \u00e4r den perfekta produkten f\u00f6r alla coacher som vill anv\u00e4nda ett onlineverktyg f\u00f6r s\u00e5v\u00e4l s\u00e4songs- och tr\u00e4ningsplanering som till match- och spelarhantering.[\/mk_fancy_title][vc_empty_space][mk_fancy_title color=&#8221;#e61e25&#8243; size=&#8221;28&#8243; font_weight=&#8221;200&#8243; font_family=&#8221;none&#8221; align=&#8221;center&#8221;]My Ice Hockey Starter inneh\u00e5ller f\u00f6ljande plattformar och moduler:[\/mk_fancy_title][\/vc_column][vc_column][vc_video link=&#8221;https:\/\/youtu.be\/oJgvqd6lyTs&#8221;][\/vc_column][\/vc_row][vc_row][vc_column][vc_empty_space][\/vc_column][vc_column width=&#8221;1\/2&#8243;][mk_padding_divider size=&#8221;20&#8243;][mk_image src=&#8221;https:\/\/myice.hockey\/wp-content\/uploads\/MIH-V3-DE-Teams.png&#8221; image_size=&#8221;full&#8221;][\/vc_column][vc_column width=&#8221;1\/2&#8243;][mk_padding_divider][mk_fancy_title size=&#8221;26&#8243; line_height=&#8221;85&#8243; font_weight=&#8221;bold&#8221; margin_top=&#8221;20&#8243; margin_bottom=&#8221;0&#8243; font_family=&#8221;none&#8221;]Coachers [&hellip;]\" \/>\n<meta property=\"og:url\" content=\"https:\/\/myice.hockey\/sv\/produkter\/my-ice-hockey-starter\/\" \/>\n<meta property=\"og:site_name\" content=\"My Ice Hockey\" \/>\n<meta property=\"article:publisher\" content=\"https:\/\/www.facebook.com\/MyIceHockey\/\" \/>\n<meta property=\"article:modified_time\" content=\"2021-02-16T13:16:55+00:00\" \/>\n<meta name=\"twitter:card\" content=\"summary_large_image\" \/>\n<meta name=\"twitter:site\" content=\"@myicehockey\" \/>\n<meta name=\"twitter:label1\" content=\"Ber\u00e4knad l\u00e4stid\" \/>\n\t<meta name=\"twitter:data1\" content=\"4 minuter\" \/>\n<script type=\"application\/ld+json\" class=\"yoast-schema-graph\">{\"@context\":\"https:\/\/schema.org\",\"@graph\":[{\"@type\":\"WebPage\",\"@id\":\"https:\/\/myice.hockey\/sv\/produkter\/my-ice-hockey-starter\/\",\"url\":\"https:\/\/myice.hockey\/sv\/produkter\/my-ice-hockey-starter\/\",\"name\":\"My Ice Hockey Starter - My Ice Hockey\",\"isPartOf\":{\"@id\":\"https:\/\/myice.hockey\/sv\/#website\"},\"datePublished\":\"2016-02-10T13:22:25+00:00\",\"dateModified\":\"2021-02-16T13:16:55+00:00\",\"breadcrumb\":{\"@id\":\"https:\/\/myice.hockey\/sv\/produkter\/my-ice-hockey-starter\/#breadcrumb\"},\"inLanguage\":\"sv-SE\",\"potentialAction\":[{\"@type\":\"ReadAction\",\"target\":[\"https:\/\/myice.hockey\/sv\/produkter\/my-ice-hockey-starter\/\"]}]},{\"@type\":\"BreadcrumbList\",\"@id\":\"https:\/\/myice.hockey\/sv\/produkter\/my-ice-hockey-starter\/#breadcrumb\",\"itemListElement\":[{\"@type\":\"ListItem\",\"position\":1,\"name\":\"Home\",\"item\":\"https:\/\/myice.hockey\/sv\/\"},{\"@type\":\"ListItem\",\"position\":2,\"name\":\"Produkter\",\"item\":\"https:\/\/myice.hockey\/sv\/produkter\/\"},{\"@type\":\"ListItem\",\"position\":3,\"name\":\"My Ice Hockey Starter\"}]},{\"@type\":\"WebSite\",\"@id\":\"https:\/\/myice.hockey\/sv\/#website\",\"url\":\"https:\/\/myice.hockey\/sv\/\",\"name\":\"My Ice Hockey\",\"description\":\"My Ice Hockey - From Coach to Coach\",\"publisher\":{\"@id\":\"https:\/\/myice.hockey\/sv\/#organization\"},\"potentialAction\":[{\"@type\":\"SearchAction\",\"target\":{\"@type\":\"EntryPoint\",\"urlTemplate\":\"https:\/\/myice.hockey\/sv\/?s={search_term_string}\"},\"query-input\":\"required name=search_term_string\"}],\"inLanguage\":\"sv-SE\"},{\"@type\":\"Organization\",\"@id\":\"https:\/\/myice.hockey\/sv\/#organization\",\"name\":\"myice hockey\",\"url\":\"https:\/\/myice.hockey\/sv\/\",\"logo\":{\"@type\":\"ImageObject\",\"inLanguage\":\"sv-SE\",\"@id\":\"https:\/\/myice.hockey\/sv\/#\/schema\/logo\/image\/\",\"url\":\"https:\/\/myice.hockey\/wp-content\/uploads\/logo-header.png\",\"contentUrl\":\"https:\/\/myice.hockey\/wp-content\/uploads\/logo-header.png\",\"width\":440,\"height\":508,\"caption\":\"myice hockey\"},\"image\":{\"@id\":\"https:\/\/myice.hockey\/sv\/#\/schema\/logo\/image\/\"},\"sameAs\":[\"https:\/\/www.facebook.com\/MyIceHockey\/\",\"https:\/\/twitter.com\/myicehockey\",\"https:\/\/www.instagram.com\/myicehockey\/\",\"https:\/\/www.youtube.com\/channel\/UC46lQwPzfjtjxZ20LjcgiNA\/featured\"]}]}<\/script>\n<!-- \/ Yoast SEO plugin. -->","yoast_head_json":{"title":"My Ice Hockey Starter - My Ice Hockey","robots":{"index":"index","follow":"follow","max-snippet":"max-snippet:-1","max-image-preview":"max-image-preview:large","max-video-preview":"max-video-preview:-1"},"canonical":"https:\/\/myice.hockey\/sv\/produkter\/my-ice-hockey-starter\/","og_locale":"sv_SE","og_type":"article","og_title":"My Ice Hockey Starter - My Ice Hockey","og_description":"[vc_row][vc_column][vc_empty_space height=&#8221;80&#8243;][mk_fancy_title size=&#8221;36&#8243; font_family=&#8221;none&#8221; align=&#8221;center&#8221;]My Ice Hockey Starter \u00e4r den perfekta produkten f\u00f6r alla coacher som vill anv\u00e4nda ett onlineverktyg f\u00f6r s\u00e5v\u00e4l s\u00e4songs- och tr\u00e4ningsplanering som till match- och spelarhantering.[\/mk_fancy_title][vc_empty_space][mk_fancy_title color=&#8221;#e61e25&#8243; size=&#8221;28&#8243; font_weight=&#8221;200&#8243; font_family=&#8221;none&#8221; align=&#8221;center&#8221;]My Ice Hockey Starter inneh\u00e5ller f\u00f6ljande plattformar och moduler:[\/mk_fancy_title][\/vc_column][vc_column][vc_video link=&#8221;https:\/\/youtu.be\/oJgvqd6lyTs&#8221;][\/vc_column][\/vc_row][vc_row][vc_column][vc_empty_space][\/vc_column][vc_column width=&#8221;1\/2&#8243;][mk_padding_divider size=&#8221;20&#8243;][mk_image src=&#8221;https:\/\/myice.hockey\/wp-content\/uploads\/MIH-V3-DE-Teams.png&#8221; image_size=&#8221;full&#8221;][\/vc_column][vc_column width=&#8221;1\/2&#8243;][mk_padding_divider][mk_fancy_title size=&#8221;26&#8243; line_height=&#8221;85&#8243; font_weight=&#8221;bold&#8221; margin_top=&#8221;20&#8243; margin_bottom=&#8221;0&#8243; font_family=&#8221;none&#8221;]Coachers [&hellip;]","og_url":"https:\/\/myice.hockey\/sv\/produkter\/my-ice-hockey-starter\/","og_site_name":"My Ice Hockey","article_publisher":"https:\/\/www.facebook.com\/MyIceHockey\/","article_modified_time":"2021-02-16T13:16:55+00:00","twitter_card":"summary_large_image","twitter_site":"@myicehockey","twitter_misc":{"Ber\u00e4knad l\u00e4stid":"4 minuter"},"schema":{"@context":"https:\/\/schema.org","@graph":[{"@type":"WebPage","@id":"https:\/\/myice.hockey\/sv\/produkter\/my-ice-hockey-starter\/","url":"https:\/\/myice.hockey\/sv\/produkter\/my-ice-hockey-starter\/","name":"My Ice Hockey Starter - My Ice Hockey","isPartOf":{"@id":"https:\/\/myice.hockey\/sv\/#website"},"datePublished":"2016-02-10T13:22:25+00:00","dateModified":"2021-02-16T13:16:55+00:00","breadcrumb":{"@id":"https:\/\/myice.hockey\/sv\/produkter\/my-ice-hockey-starter\/#breadcrumb"},"inLanguage":"sv-SE","potentialAction":[{"@type":"ReadAction","target":["https:\/\/myice.hockey\/sv\/produkter\/my-ice-hockey-starter\/"]}]},{"@type":"BreadcrumbList","@id":"https:\/\/myice.hockey\/sv\/produkter\/my-ice-hockey-starter\/#breadcrumb","itemListElement":[{"@type":"ListItem","position":1,"name":"Home","item":"https:\/\/myice.hockey\/sv\/"},{"@type":"ListItem","position":2,"name":"Produkter","item":"https:\/\/myice.hockey\/sv\/produkter\/"},{"@type":"ListItem","position":3,"name":"My Ice Hockey Starter"}]},{"@type":"WebSite","@id":"https:\/\/myice.hockey\/sv\/#website","url":"https:\/\/myice.hockey\/sv\/","name":"My Ice Hockey","description":"My Ice Hockey - From Coach to Coach","publisher":{"@id":"https:\/\/myice.hockey\/sv\/#organization"},"potentialAction":[{"@type":"SearchAction","target":{"@type":"EntryPoint","urlTemplate":"https:\/\/myice.hockey\/sv\/?s={search_term_string}"},"query-input":"required name=search_term_string"}],"inLanguage":"sv-SE"},{"@type":"Organization","@id":"https:\/\/myice.hockey\/sv\/#organization","name":"myice hockey","url":"https:\/\/myice.hockey\/sv\/","logo":{"@type":"ImageObject","inLanguage":"sv-SE","@id":"https:\/\/myice.hockey\/sv\/#\/schema\/logo\/image\/","url":"https:\/\/myice.hockey\/wp-content\/uploads\/logo-header.png","contentUrl":"https:\/\/myice.hockey\/wp-content\/uploads\/logo-header.png","width":440,"height":508,"caption":"myice hockey"},"image":{"@id":"https:\/\/myice.hockey\/sv\/#\/schema\/logo\/image\/"},"sameAs":["https:\/\/www.facebook.com\/MyIceHockey\/","https:\/\/twitter.com\/myicehockey","https:\/\/www.instagram.com\/myicehockey\/","https:\/\/www.youtube.com\/channel\/UC46lQwPzfjtjxZ20LjcgiNA\/featured"]}]}},"_links":{"self":[{"href":"https:\/\/myice.hockey\/sv\/wp-json\/wp\/v2\/pages\/8815"}],"collection":[{"href":"https:\/\/myice.hockey\/sv\/wp-json\/wp\/v2\/pages"}],"about":[{"href":"https:\/\/myice.hockey\/sv\/wp-json\/wp\/v2\/types\/page"}],"author":[{"embeddable":true,"href":"https:\/\/myice.hockey\/sv\/wp-json\/wp\/v2\/users\/1"}],"replies":[{"embeddable":true,"href":"https:\/\/myice.hockey\/sv\/wp-json\/wp\/v2\/comments?post=8815"}],"version-history":[{"count":20,"href":"https:\/\/myice.hockey\/sv\/wp-json\/wp\/v2\/pages\/8815\/revisions"}],"predecessor-version":[{"id":13439,"href":"https:\/\/myice.hockey\/sv\/wp-json\/wp\/v2\/pages\/8815\/revisions\/13439"}],"up":[{"embeddable":true,"href":"https:\/\/myice.hockey\/sv\/wp-json\/wp\/v2\/pages\/8794"}],"wp:attachment":[{"href":"https:\/\/myice.hockey\/sv\/wp-json\/wp\/v2\/media?parent=8815"}],"curies":[{"name":"wp","href":"https:\/\/api.w.org\/{rel}","templated":true}]}}