{"id":8714,"date":"2016-01-27T10:39:56","date_gmt":"2016-01-27T10:39:56","guid":{"rendered":"https:\/\/myice.hockey\/?page_id=8714\/"},"modified":"2022-01-25T15:06:54","modified_gmt":"2022-01-25T15:06:54","slug":"om-oss","status":"publish","type":"page","link":"https:\/\/myice.hockey\/sv\/om-oss\/","title":{"rendered":"Om Oss"},"content":{"rendered":"[mk_page_section bg_image=&#8221;https:\/\/myice.hockey\/wp-content\/uploads\/mih_about-background.jpeg&#8221; bg_stretch=&#8221;true&#8221; enable_3d=&#8221;true&#8221; video_color_mask=&#8221;#000000&#8243; video_opacity=&#8221;0.3&#8243; full_height=&#8221;true&#8221; sidebar=&#8221;sidebar-1&#8243;][vc_column][mk_fancy_title color=&#8221;#ffffff&#8221; size=&#8221;65&#8243; font_weight=&#8221;400&#8243; margin_bottom=&#8221;0&#8243; font_family=&#8221;none&#8221; align=&#8221;center&#8221;]<strong>Force8<\/strong> &#8211; Digital. Sport. Innovations.[\/mk_fancy_title][\/vc_column][\/mk_page_section][mk_page_section padding_top=&#8221;80&#8243; padding_bottom=&#8221;80&#8243; sidebar=&#8221;sidebar-1&#8243;][vc_column width=&#8221;1\/2&#8243;][vc_column_text css=&#8221;.vc_custom_1643121639537{margin-bottom: 0px !important;}&#8221;]<span style=\"font-size: 24px;\">My Ice Hockey distribueras av Force8 Ltd.<br \/>\nSedan 2008 st\u00f6der <strong>Force8 Ltd<\/strong> f\u00f6rbund i deras administrativa och strategiska uppgifter.<\/span><\/p>\n<p>De krav som st\u00e4lls p\u00e5 styrelsen \u00f6kar st\u00e4ndigt; <strong>medlemmar vill bli professionellt omh\u00e4ndertagna<\/strong> och vill erbjudas den b\u00e4sta servicen. M\u00e5nga bra id\u00e9er finns i klubbarna. Tyv\u00e4rr \u00e4r dessa id\u00e9er ofta vid fel tidpunkt, vilket resulterar i liten eller ingen implementering &#8211; eller snarare otillr\u00e4ckligt implementerad.<\/p>\n<p>Fr\u00e5gan \u00e4r blir d\u00e5, vem kan bli kontaktas av f\u00f6reningen <strong>om det inte finns n\u00e5gon (l\u00e4mplig) intern resurs<\/strong> f\u00f6r specifikt administrativt arbete? Eller finns det helt enkelt <strong>ingen tid<\/strong> att g\u00f6ra allt arbetet i tid?<\/p>\n<p>Force8 Ltd. heter svaret &#8211; det ger klubbarna en hj\u00e4lpande hand. Force8 Club Management har <strong>djup klubbkunskap, god teknologisk know-how och en djup marknadsf\u00f6rst\u00e5else.<\/strong> V\u00e5ra kvalificerade och motiverade medarbetare h\u00e5ller ryggen fri s\u00e5 att du kan koncentrera dig p\u00e5 att hantera din klubb.<\/p>\n<p>L\u00e4r k\u00e4nna oss.[\/vc_column_text][\/vc_column][vc_column width=&#8221;1\/2&#8243;][vc_video link=&#8221;https:\/\/www.youtube.com\/watch?v=t80JI1vjops&#8221; autoplay=&#8221;true&#8221; hide_controls=&#8221;true&#8221;][\/vc_column][\/mk_page_section][mk_page_section bg_color=&#8221;#211d1e&#8221; enable_3d=&#8221;true&#8221; speed_factor=&#8221;0.4&#8243; bg_gradient=&#8221;left_bottom&#8221; video_opacity=&#8221;0.5&#8243; min_height=&#8221;275&#8243; full_width=&#8221;true&#8221; padding_top=&#8221;60&#8243; padding_bottom=&#8221;0&#8243; sidebar=&#8221;sidebar-1&#8243;][vc_column][vc_row_inner is_fullwidth_content=&#8221;false&#8221;][vc_column_inner][mk_fancy_title color=&#8221;#ffffff&#8221; size=&#8221;45&#8243; font_weight=&#8221;300&#8243; margin_bottom=&#8221;0&#8243; font_family=&#8221;none&#8221; align=&#8221;center&#8221;]Ta kontakt f\u00f6r vidare information.[\/mk_fancy_title][mk_button dimension=&#8221;outline&#8221; corner_style=&#8221;rounded&#8221; size=&#8221;large&#8221; url=&#8221;https:\/\/myice.hockey\/sv\/kontakt\/&#8221; align=&#8221;center&#8221; animation=&#8221;fade-in&#8221; outline_skin=&#8221;light&#8221;]kontakta oss[\/mk_button][\/vc_column_inner][\/vc_row_inner][\/vc_column][vc_column][mk_divider style=&#8221;thin_solid&#8221; thin_single_color=&#8221;#969696&#8243; margin_top=&#8221;40&#8243; margin_bottom=&#8221;0&#8243;][\/vc_column][\/mk_page_section]\n","protected":false},"excerpt":{"rendered":"<p>[mk_page_section bg_image=&#8221;https:\/\/myice.hockey\/wp-content\/uploads\/mih_about-background.jpeg&#8221; bg_stretch=&#8221;true&#8221; enable_3d=&#8221;true&#8221; video_color_mask=&#8221;#000000&#8243; video_opacity=&#8221;0.3&#8243; full_height=&#8221;true&#8221; sidebar=&#8221;sidebar-1&#8243;][vc_column][mk_fancy_title color=&#8221;#ffffff&#8221; size=&#8221;65&#8243; font_weight=&#8221;400&#8243; margin_bottom=&#8221;0&#8243; font_family=&#8221;none&#8221; align=&#8221;center&#8221;]Force8 &#8211; Digital. Sport. Innovations.[\/mk_fancy_title][\/vc_column][\/mk_page_section][mk_page_section padding_top=&#8221;80&#8243; padding_bottom=&#8221;80&#8243; sidebar=&#8221;sidebar-1&#8243;][vc_column width=&#8221;1\/2&#8243;][vc_column_text css=&#8221;.vc_custom_1643121639537{margin-bottom: 0px !important;}&#8221;]My Ice Hockey distribueras av Force8 Ltd. Sedan 2008 st\u00f6der Force8 Ltd f\u00f6rbund i deras administrativa och strategiska uppgifter. De krav som st\u00e4lls p\u00e5 styrelsen \u00f6kar st\u00e4ndigt; medlemmar vill bli professionellt [&hellip;]<\/p>\n","protected":false},"author":1,"featured_media":0,"parent":0,"menu_order":0,"comment_status":"closed","ping_status":"closed","template":"","meta":{"_exactmetrics_skip_tracking":false,"_exactmetrics_sitenote_active":false,"_exactmetrics_sitenote_note":"","_exactmetrics_sitenote_category":0},"yoast_head":"<!-- This site is optimized with the Yoast SEO plugin v20.10 - https:\/\/yoast.com\/wordpress\/plugins\/seo\/ -->\n<title>Om Oss - My Ice Hockey<\/title>\n<meta name=\"robots\" content=\"index, follow, max-snippet:-1, max-image-preview:large, max-video-preview:-1\" \/>\n<link rel=\"canonical\" href=\"https:\/\/myice.hockey\/sv\/om-oss\/\" \/>\n<meta property=\"og:locale\" content=\"sv_SE\" \/>\n<meta property=\"og:type\" content=\"article\" \/>\n<meta property=\"og:title\" content=\"Om Oss - My Ice Hockey\" \/>\n<meta property=\"og:description\" content=\"[mk_page_section bg_image=&#8221;https:\/\/myice.hockey\/wp-content\/uploads\/mih_about-background.jpeg&#8221; bg_stretch=&#8221;true&#8221; enable_3d=&#8221;true&#8221; video_color_mask=&#8221;#000000&#8243; video_opacity=&#8221;0.3&#8243; full_height=&#8221;true&#8221; sidebar=&#8221;sidebar-1&#8243;][vc_column][mk_fancy_title color=&#8221;#ffffff&#8221; size=&#8221;65&#8243; font_weight=&#8221;400&#8243; margin_bottom=&#8221;0&#8243; font_family=&#8221;none&#8221; align=&#8221;center&#8221;]Force8 &#8211; Digital. Sport. Innovations.[\/mk_fancy_title][\/vc_column][\/mk_page_section][mk_page_section padding_top=&#8221;80&#8243; padding_bottom=&#8221;80&#8243; sidebar=&#8221;sidebar-1&#8243;][vc_column width=&#8221;1\/2&#8243;][vc_column_text css=&#8221;.vc_custom_1643121639537{margin-bottom: 0px !important;}&#8221;]My Ice Hockey distribueras av Force8 Ltd. Sedan 2008 st\u00f6der Force8 Ltd f\u00f6rbund i deras administrativa och strategiska uppgifter. De krav som st\u00e4lls p\u00e5 styrelsen \u00f6kar st\u00e4ndigt; medlemmar vill bli professionellt [&hellip;]\" \/>\n<meta property=\"og:url\" content=\"https:\/\/myice.hockey\/sv\/om-oss\/\" \/>\n<meta property=\"og:site_name\" content=\"My Ice Hockey\" \/>\n<meta property=\"article:publisher\" content=\"https:\/\/www.facebook.com\/MyIceHockey\/\" \/>\n<meta property=\"article:modified_time\" content=\"2022-01-25T15:06:54+00:00\" \/>\n<meta name=\"twitter:card\" content=\"summary_large_image\" \/>\n<meta name=\"twitter:site\" content=\"@myicehockey\" \/>\n<meta name=\"twitter:label1\" content=\"Ber\u00e4knad l\u00e4stid\" \/>\n\t<meta name=\"twitter:data1\" content=\"1 minut\" \/>\n<script type=\"application\/ld+json\" class=\"yoast-schema-graph\">{\"@context\":\"https:\/\/schema.org\",\"@graph\":[{\"@type\":\"WebPage\",\"@id\":\"https:\/\/myice.hockey\/sv\/om-oss\/\",\"url\":\"https:\/\/myice.hockey\/sv\/om-oss\/\",\"name\":\"Om Oss - My Ice Hockey\",\"isPartOf\":{\"@id\":\"https:\/\/myice.hockey\/sv\/#website\"},\"datePublished\":\"2016-01-27T10:39:56+00:00\",\"dateModified\":\"2022-01-25T15:06:54+00:00\",\"breadcrumb\":{\"@id\":\"https:\/\/myice.hockey\/sv\/om-oss\/#breadcrumb\"},\"inLanguage\":\"sv-SE\",\"potentialAction\":[{\"@type\":\"ReadAction\",\"target\":[\"https:\/\/myice.hockey\/sv\/om-oss\/\"]}]},{\"@type\":\"BreadcrumbList\",\"@id\":\"https:\/\/myice.hockey\/sv\/om-oss\/#breadcrumb\",\"itemListElement\":[{\"@type\":\"ListItem\",\"position\":1,\"name\":\"Home\",\"item\":\"https:\/\/myice.hockey\/sv\/\"},{\"@type\":\"ListItem\",\"position\":2,\"name\":\"Om Oss\"}]},{\"@type\":\"WebSite\",\"@id\":\"https:\/\/myice.hockey\/sv\/#website\",\"url\":\"https:\/\/myice.hockey\/sv\/\",\"name\":\"My Ice Hockey\",\"description\":\"My Ice Hockey - From Coach to Coach\",\"publisher\":{\"@id\":\"https:\/\/myice.hockey\/sv\/#organization\"},\"potentialAction\":[{\"@type\":\"SearchAction\",\"target\":{\"@type\":\"EntryPoint\",\"urlTemplate\":\"https:\/\/myice.hockey\/sv\/?s={search_term_string}\"},\"query-input\":\"required name=search_term_string\"}],\"inLanguage\":\"sv-SE\"},{\"@type\":\"Organization\",\"@id\":\"https:\/\/myice.hockey\/sv\/#organization\",\"name\":\"myice hockey\",\"url\":\"https:\/\/myice.hockey\/sv\/\",\"logo\":{\"@type\":\"ImageObject\",\"inLanguage\":\"sv-SE\",\"@id\":\"https:\/\/myice.hockey\/sv\/#\/schema\/logo\/image\/\",\"url\":\"https:\/\/myice.hockey\/wp-content\/uploads\/logo-header.png\",\"contentUrl\":\"https:\/\/myice.hockey\/wp-content\/uploads\/logo-header.png\",\"width\":440,\"height\":508,\"caption\":\"myice hockey\"},\"image\":{\"@id\":\"https:\/\/myice.hockey\/sv\/#\/schema\/logo\/image\/\"},\"sameAs\":[\"https:\/\/www.facebook.com\/MyIceHockey\/\",\"https:\/\/twitter.com\/myicehockey\",\"https:\/\/www.instagram.com\/myicehockey\/\",\"https:\/\/www.youtube.com\/channel\/UC46lQwPzfjtjxZ20LjcgiNA\/featured\"]}]}<\/script>\n<!-- \/ Yoast SEO plugin. -->","yoast_head_json":{"title":"Om Oss - My Ice Hockey","robots":{"index":"index","follow":"follow","max-snippet":"max-snippet:-1","max-image-preview":"max-image-preview:large","max-video-preview":"max-video-preview:-1"},"canonical":"https:\/\/myice.hockey\/sv\/om-oss\/","og_locale":"sv_SE","og_type":"article","og_title":"Om Oss - My Ice Hockey","og_description":"[mk_page_section bg_image=&#8221;https:\/\/myice.hockey\/wp-content\/uploads\/mih_about-background.jpeg&#8221; bg_stretch=&#8221;true&#8221; enable_3d=&#8221;true&#8221; video_color_mask=&#8221;#000000&#8243; video_opacity=&#8221;0.3&#8243; full_height=&#8221;true&#8221; sidebar=&#8221;sidebar-1&#8243;][vc_column][mk_fancy_title color=&#8221;#ffffff&#8221; size=&#8221;65&#8243; font_weight=&#8221;400&#8243; margin_bottom=&#8221;0&#8243; font_family=&#8221;none&#8221; align=&#8221;center&#8221;]Force8 &#8211; Digital. Sport. Innovations.[\/mk_fancy_title][\/vc_column][\/mk_page_section][mk_page_section padding_top=&#8221;80&#8243; padding_bottom=&#8221;80&#8243; sidebar=&#8221;sidebar-1&#8243;][vc_column width=&#8221;1\/2&#8243;][vc_column_text css=&#8221;.vc_custom_1643121639537{margin-bottom: 0px !important;}&#8221;]My Ice Hockey distribueras av Force8 Ltd. Sedan 2008 st\u00f6der Force8 Ltd f\u00f6rbund i deras administrativa och strategiska uppgifter. De krav som st\u00e4lls p\u00e5 styrelsen \u00f6kar st\u00e4ndigt; medlemmar vill bli professionellt [&hellip;]","og_url":"https:\/\/myice.hockey\/sv\/om-oss\/","og_site_name":"My Ice Hockey","article_publisher":"https:\/\/www.facebook.com\/MyIceHockey\/","article_modified_time":"2022-01-25T15:06:54+00:00","twitter_card":"summary_large_image","twitter_site":"@myicehockey","twitter_misc":{"Ber\u00e4knad l\u00e4stid":"1 minut"},"schema":{"@context":"https:\/\/schema.org","@graph":[{"@type":"WebPage","@id":"https:\/\/myice.hockey\/sv\/om-oss\/","url":"https:\/\/myice.hockey\/sv\/om-oss\/","name":"Om Oss - My Ice Hockey","isPartOf":{"@id":"https:\/\/myice.hockey\/sv\/#website"},"datePublished":"2016-01-27T10:39:56+00:00","dateModified":"2022-01-25T15:06:54+00:00","breadcrumb":{"@id":"https:\/\/myice.hockey\/sv\/om-oss\/#breadcrumb"},"inLanguage":"sv-SE","potentialAction":[{"@type":"ReadAction","target":["https:\/\/myice.hockey\/sv\/om-oss\/"]}]},{"@type":"BreadcrumbList","@id":"https:\/\/myice.hockey\/sv\/om-oss\/#breadcrumb","itemListElement":[{"@type":"ListItem","position":1,"name":"Home","item":"https:\/\/myice.hockey\/sv\/"},{"@type":"ListItem","position":2,"name":"Om Oss"}]},{"@type":"WebSite","@id":"https:\/\/myice.hockey\/sv\/#website","url":"https:\/\/myice.hockey\/sv\/","name":"My Ice Hockey","description":"My Ice Hockey - From Coach to Coach","publisher":{"@id":"https:\/\/myice.hockey\/sv\/#organization"},"potentialAction":[{"@type":"SearchAction","target":{"@type":"EntryPoint","urlTemplate":"https:\/\/myice.hockey\/sv\/?s={search_term_string}"},"query-input":"required name=search_term_string"}],"inLanguage":"sv-SE"},{"@type":"Organization","@id":"https:\/\/myice.hockey\/sv\/#organization","name":"myice hockey","url":"https:\/\/myice.hockey\/sv\/","logo":{"@type":"ImageObject","inLanguage":"sv-SE","@id":"https:\/\/myice.hockey\/sv\/#\/schema\/logo\/image\/","url":"https:\/\/myice.hockey\/wp-content\/uploads\/logo-header.png","contentUrl":"https:\/\/myice.hockey\/wp-content\/uploads\/logo-header.png","width":440,"height":508,"caption":"myice hockey"},"image":{"@id":"https:\/\/myice.hockey\/sv\/#\/schema\/logo\/image\/"},"sameAs":["https:\/\/www.facebook.com\/MyIceHockey\/","https:\/\/twitter.com\/myicehockey","https:\/\/www.instagram.com\/myicehockey\/","https:\/\/www.youtube.com\/channel\/UC46lQwPzfjtjxZ20LjcgiNA\/featured"]}]}},"_links":{"self":[{"href":"https:\/\/myice.hockey\/sv\/wp-json\/wp\/v2\/pages\/8714"}],"collection":[{"href":"https:\/\/myice.hockey\/sv\/wp-json\/wp\/v2\/pages"}],"about":[{"href":"https:\/\/myice.hockey\/sv\/wp-json\/wp\/v2\/types\/page"}],"author":[{"embeddable":true,"href":"https:\/\/myice.hockey\/sv\/wp-json\/wp\/v2\/users\/1"}],"replies":[{"embeddable":true,"href":"https:\/\/myice.hockey\/sv\/wp-json\/wp\/v2\/comments?post=8714"}],"version-history":[{"count":23,"href":"https:\/\/myice.hockey\/sv\/wp-json\/wp\/v2\/pages\/8714\/revisions"}],"predecessor-version":[{"id":17693,"href":"https:\/\/myice.hockey\/sv\/wp-json\/wp\/v2\/pages\/8714\/revisions\/17693"}],"wp:attachment":[{"href":"https:\/\/myice.hockey\/sv\/wp-json\/wp\/v2\/media?parent=8714"}],"curies":[{"name":"wp","href":"https:\/\/api.w.org\/{rel}","templated":true}]}}