{"id":8711,"date":"2019-02-21T16:12:01","date_gmt":"2019-02-21T16:12:01","guid":{"rendered":"https:\/\/myice.hockey\/?page_id=8711\/"},"modified":"2022-01-21T18:15:57","modified_gmt":"2022-01-21T18:15:57","slug":"akademi","status":"publish","type":"page","link":"https:\/\/myice.hockey\/sv\/akademi\/","title":{"rendered":"Akademi"},"content":{"rendered":"[mk_page_section bg_image=&#8221;https:\/\/myice.hockey\/wp-content\/uploads\/background_mih.jpg&#8221; bg_repeat=&#8221;no-repeat&#8221; bg_stretch=&#8221;true&#8221; enable_3d=&#8221;true&#8221; padding_top=&#8221;40&#8243; padding_bottom=&#8221;40&#8243; sidebar=&#8221;sidebar-1&#8243;][vc_column][mk_padding_divider size=&#8221;150&#8243;][mk_fancy_title color=&#8221;#221c1e&#8221; size=&#8221;45&#8243; font_weight=&#8221;300&#8243; letter_spacing=&#8221;-2&#8243; margin_top=&#8221;40&#8243; margin_bottom=&#8221;0&#8243; font_family=&#8221;none&#8221; align=&#8221;center&#8221; animation=&#8221;bottom-to-top&#8221;]My Ice Hockey<strong> Akademi<\/strong>[\/mk_fancy_title][mk_image src=&#8221;https:\/\/myice.hockey\/wp-content\/uploads\/line.png&#8221; align=&#8221;center&#8221; margin_bottom=&#8221;17&#8243; animation=&#8221;bottom-to-top&#8221; crop=&#8221;false&#8221;][vc_row_inner css=&#8221;.vc_custom_1544721880881{margin-bottom: 0px !important;padding-bottom: 0px !important;}&#8221;][vc_column_inner width=&#8221;2\/4&#8243;][mk_padding_divider size=&#8221;150&#8243;][mk_image src=&#8221;https:\/\/myice.hockey\/wp-content\/uploads\/mih_academy-logo.png&#8221; image_size=&#8221;full&#8221; align=&#8221;center&#8221; margin_bottom=&#8221;0&#8243;][\/vc_column_inner][vc_column_inner width=&#8221;2\/4&#8243; css=&#8221;.vc_custom_1544721865802{margin-bottom: 0px !important;padding-bottom: 0px !important;}&#8221;][mk_padding_divider size=&#8221;20&#8243;][mk_custom_box corner_radius=&#8221;5&#8243; padding_vertical=&#8221;50&#8243; padding_horizental=&#8221;40&#8243; min_height=&#8221;300&#8243; bg_color=&#8221;#ffffff&#8221;][mk_fancy_title size=&#8221;25&#8243; font_weight=&#8221;bold&#8221; margin_bottom=&#8221;0&#8243; font_family=&#8221;none&#8221; responsive_align=&#8221;left&#8221;]Vad erbjuder<br \/>\nMy Ice Hockey Akademi?<\/p>\n[\/mk_fancy_title][mk_divider style=&#8221;thin_solid&#8221; divider_width=&#8221;custom_width&#8221; custom_width=&#8221;30&#8243; align=&#8221;left&#8221; thin_single_color=&#8221;#e51718&#8243; thickness=&#8221;3&#8243; margin_top=&#8221;0&#8243;][vc_column_text css=&#8221;.vc_custom_1608191756563{margin-bottom: 0px !important;}&#8221;]I My Ice Hockey Akademi f\u00f6rklarar vi allting du vill veta som My Ice Hockey-anv\u00e4ndare?<\/p>\n<p>Har du en fr\u00e5ga om ett specifikt \u00e4mne, vill du l\u00e4ra k\u00e4nna en oanv\u00e4nd modul av My Ice Hockey, eller vill du helt enkelt uppdateras om vad My Ice Hockey har att erbjuda?[\/vc_column_text][vc_column_text css=&#8221;.vc_custom_1607010542048{margin-bottom: 0px !important;}&#8221;]<strong>Is\u00e5fall registrera dig sj\u00e4lv och andra intresserade personer fr\u00e5n din klubb nu f\u00f6r en genomg\u00e5ng.<br \/>\n<\/strong>[\/vc_column_text][\/mk_custom_box][\/vc_column_inner][\/vc_row_inner][\/vc_column][\/mk_page_section][mk_page_section bg_color=&#8221;#e51718&#8243; min_height=&#8221;150&#8243; js_vertical_centered=&#8221;true&#8221; sidebar=&#8221;sidebar-1&#8243;][vc_column][mk_fancy_title color=&#8221;#ffffff&#8221; size=&#8221;35&#8243; font_weight=&#8221;400&#8243; margin_top=&#8221;10&#8243; margin_bottom=&#8221;0&#8243; font_family=&#8221;none&#8221; align=&#8221;center&#8221;]<span style=\"color: #ffffff;\">For our next <strong>Academy dates<\/strong> please click <a style=\"color: #ffffff;\" href=\"https:\/\/invite.force8.net\/mihacademy19\/en\" target=\"_blank\" rel=\"noopener\"><em><strong><u>here<\/u><\/strong><\/em><\/a>\u00a0<\/span>[\/mk_fancy_title][\/vc_column][\/mk_page_section][mk_page_section bg_color=&#8221;#2f2829&#8243; min_height=&#8221;200&#8243; padding_top=&#8221;0&#8243; padding_bottom=&#8221;0&#8243; sidebar=&#8221;sidebar-1&#8243;][vc_column][mk_padding_divider size=&#8221;60&#8243;][\/vc_column][vc_column width=&#8221;1\/2&#8243;][mk_fancy_title color=&#8221;#ffffff&#8221; size=&#8221;25&#8243; font_weight=&#8221;300&#8243; margin_bottom=&#8221;0&#8243; font_family=&#8221;none&#8221; responsive_align=&#8221;left&#8221;]<span style=\"color: #ffffff;\">The courses take place either in our <strong>office in Zurich<\/strong> (easily accessible by train, tram or car) or <strong>Online<\/strong>.<\/span>[\/mk_fancy_title][\/vc_column][vc_column width=&#8221;1\/2&#8243;][mk_fancy_title color=&#8221;#ffffff&#8221; size=&#8221;25&#8243; font_weight=&#8221;300&#8243; margin_bottom=&#8221;0&#8243; font_family=&#8221;none&#8221; responsive_align=&#8221;left&#8221;]<span style=\"color: #ffffff;\">All our refresher courses &#8211; which take place either in our office or online &#8211; are <strong>free of charge<\/strong>. <\/span>[\/mk_fancy_title][\/vc_column][vc_column][mk_padding_divider][\/vc_column][\/mk_page_section][mk_page_section layout_structure=&#8221;half_left&#8221; bg_image=&#8221;https:\/\/myice.hockey\/wp-content\/uploads\/mih_image07.jpg&#8221; bg_color=&#8221;#ffffff&#8221; bg_stretch=&#8221;true&#8221; video_color_mask=&#8221;#000000&#8243; min_height=&#8221;500&#8243; js_vertical_centered=&#8221;true&#8221; padding_top=&#8221;30&#8243; padding_bottom=&#8221;30&#8243;][vc_column][mk_fancy_title size=&#8221;35&#8243; font_weight=&#8221;bold&#8221; margin_bottom=&#8221;0&#8243; font_family=&#8221;none&#8221; responsive_align=&#8221;left&#8221;]Vill ni ha en genomg\u00e5ng hos er?[\/mk_fancy_title][mk_fancy_title size=&#8221;25&#8243; font_weight=&#8221;400&#8243; margin_bottom=&#8221;0&#8243; font_family=&#8221;none&#8221; responsive_align=&#8221;left&#8221;]Utbildning p\u00e5 plats kostar <span style=\"color: #ff0000;\">\u20ac 100<\/span> per timme (exkl. resa och uppeh\u00e4lle)[\/mk_fancy_title][vc_column_text css=&#8221;.vc_custom_1607010830091{margin-bottom: 0px !important;}&#8221;]Kontakta oss <span style=\"color: #e51718;\"><a style=\"color: #e51718;\" href=\"https:\/\/myice.hockey\/en\/contact\/\" target=\"_blank\" rel=\"noopener\"><em>direkt<\/em><\/a><\/span>.[\/vc_column_text][\/vc_column][\/mk_page_section]\n","protected":false},"excerpt":{"rendered":"<p>[mk_page_section bg_image=&#8221;https:\/\/myice.hockey\/wp-content\/uploads\/background_mih.jpg&#8221; bg_repeat=&#8221;no-repeat&#8221; bg_stretch=&#8221;true&#8221; enable_3d=&#8221;true&#8221; padding_top=&#8221;40&#8243; padding_bottom=&#8221;40&#8243; sidebar=&#8221;sidebar-1&#8243;][vc_column][mk_padding_divider size=&#8221;150&#8243;][mk_fancy_title color=&#8221;#221c1e&#8221; size=&#8221;45&#8243; font_weight=&#8221;300&#8243; letter_spacing=&#8221;-2&#8243; margin_top=&#8221;40&#8243; margin_bottom=&#8221;0&#8243; font_family=&#8221;none&#8221; align=&#8221;center&#8221; animation=&#8221;bottom-to-top&#8221;]My Ice Hockey Akademi[\/mk_fancy_title][mk_image src=&#8221;https:\/\/myice.hockey\/wp-content\/uploads\/line.png&#8221; align=&#8221;center&#8221; margin_bottom=&#8221;17&#8243; animation=&#8221;bottom-to-top&#8221; crop=&#8221;false&#8221;][vc_row_inner css=&#8221;.vc_custom_1544721880881{margin-bottom: 0px !important;padding-bottom: 0px !important;}&#8221;][vc_column_inner width=&#8221;2\/4&#8243;][mk_padding_divider size=&#8221;150&#8243;][mk_image src=&#8221;https:\/\/myice.hockey\/wp-content\/uploads\/mih_academy-logo.png&#8221; image_size=&#8221;full&#8221; align=&#8221;center&#8221; margin_bottom=&#8221;0&#8243;][\/vc_column_inner][vc_column_inner width=&#8221;2\/4&#8243; css=&#8221;.vc_custom_1544721865802{margin-bottom: 0px !important;padding-bottom: 0px !important;}&#8221;][mk_padding_divider size=&#8221;20&#8243;][mk_custom_box corner_radius=&#8221;5&#8243; padding_vertical=&#8221;50&#8243; padding_horizental=&#8221;40&#8243; min_height=&#8221;300&#8243; bg_color=&#8221;#ffffff&#8221;][mk_fancy_title size=&#8221;25&#8243; font_weight=&#8221;bold&#8221; margin_bottom=&#8221;0&#8243; font_family=&#8221;none&#8221; responsive_align=&#8221;left&#8221;]Vad erbjuder [&hellip;]<\/p>\n","protected":false},"author":6,"featured_media":0,"parent":0,"menu_order":0,"comment_status":"closed","ping_status":"closed","template":"","meta":{"_exactmetrics_skip_tracking":false,"_exactmetrics_sitenote_active":false,"_exactmetrics_sitenote_note":"","_exactmetrics_sitenote_category":0},"yoast_head":"<!-- This site is optimized with the Yoast SEO plugin v20.10 - https:\/\/yoast.com\/wordpress\/plugins\/seo\/ -->\n<title>Akademi - My Ice Hockey<\/title>\n<meta name=\"robots\" content=\"index, follow, max-snippet:-1, max-image-preview:large, max-video-preview:-1\" \/>\n<link rel=\"canonical\" href=\"https:\/\/myice.hockey\/sv\/akademi\/\" \/>\n<meta property=\"og:locale\" content=\"sv_SE\" \/>\n<meta property=\"og:type\" content=\"article\" \/>\n<meta property=\"og:title\" content=\"Akademi - My Ice Hockey\" \/>\n<meta property=\"og:description\" content=\"[mk_page_section bg_image=&#8221;https:\/\/myice.hockey\/wp-content\/uploads\/background_mih.jpg&#8221; bg_repeat=&#8221;no-repeat&#8221; bg_stretch=&#8221;true&#8221; enable_3d=&#8221;true&#8221; padding_top=&#8221;40&#8243; padding_bottom=&#8221;40&#8243; sidebar=&#8221;sidebar-1&#8243;][vc_column][mk_padding_divider size=&#8221;150&#8243;][mk_fancy_title color=&#8221;#221c1e&#8221; size=&#8221;45&#8243; font_weight=&#8221;300&#8243; letter_spacing=&#8221;-2&#8243; margin_top=&#8221;40&#8243; margin_bottom=&#8221;0&#8243; font_family=&#8221;none&#8221; align=&#8221;center&#8221; animation=&#8221;bottom-to-top&#8221;]My Ice Hockey Akademi[\/mk_fancy_title][mk_image src=&#8221;https:\/\/myice.hockey\/wp-content\/uploads\/line.png&#8221; align=&#8221;center&#8221; margin_bottom=&#8221;17&#8243; animation=&#8221;bottom-to-top&#8221; crop=&#8221;false&#8221;][vc_row_inner css=&#8221;.vc_custom_1544721880881{margin-bottom: 0px !important;padding-bottom: 0px !important;}&#8221;][vc_column_inner width=&#8221;2\/4&#8243;][mk_padding_divider size=&#8221;150&#8243;][mk_image src=&#8221;https:\/\/myice.hockey\/wp-content\/uploads\/mih_academy-logo.png&#8221; image_size=&#8221;full&#8221; align=&#8221;center&#8221; margin_bottom=&#8221;0&#8243;][\/vc_column_inner][vc_column_inner width=&#8221;2\/4&#8243; css=&#8221;.vc_custom_1544721865802{margin-bottom: 0px !important;padding-bottom: 0px !important;}&#8221;][mk_padding_divider size=&#8221;20&#8243;][mk_custom_box corner_radius=&#8221;5&#8243; padding_vertical=&#8221;50&#8243; padding_horizental=&#8221;40&#8243; min_height=&#8221;300&#8243; bg_color=&#8221;#ffffff&#8221;][mk_fancy_title size=&#8221;25&#8243; font_weight=&#8221;bold&#8221; margin_bottom=&#8221;0&#8243; font_family=&#8221;none&#8221; responsive_align=&#8221;left&#8221;]Vad erbjuder [&hellip;]\" \/>\n<meta property=\"og:url\" content=\"https:\/\/myice.hockey\/sv\/akademi\/\" \/>\n<meta property=\"og:site_name\" content=\"My Ice Hockey\" \/>\n<meta property=\"article:publisher\" content=\"https:\/\/www.facebook.com\/MyIceHockey\/\" \/>\n<meta property=\"article:modified_time\" content=\"2022-01-21T18:15:57+00:00\" \/>\n<meta name=\"twitter:card\" content=\"summary_large_image\" \/>\n<meta name=\"twitter:site\" content=\"@myicehockey\" \/>\n<meta name=\"twitter:label1\" content=\"Ber\u00e4knad l\u00e4stid\" \/>\n\t<meta name=\"twitter:data1\" content=\"3 minuter\" \/>\n<script type=\"application\/ld+json\" class=\"yoast-schema-graph\">{\"@context\":\"https:\/\/schema.org\",\"@graph\":[{\"@type\":\"WebPage\",\"@id\":\"https:\/\/myice.hockey\/sv\/akademi\/\",\"url\":\"https:\/\/myice.hockey\/sv\/akademi\/\",\"name\":\"Akademi - My Ice Hockey\",\"isPartOf\":{\"@id\":\"https:\/\/myice.hockey\/sv\/#website\"},\"datePublished\":\"2019-02-21T16:12:01+00:00\",\"dateModified\":\"2022-01-21T18:15:57+00:00\",\"breadcrumb\":{\"@id\":\"https:\/\/myice.hockey\/sv\/akademi\/#breadcrumb\"},\"inLanguage\":\"sv-SE\",\"potentialAction\":[{\"@type\":\"ReadAction\",\"target\":[\"https:\/\/myice.hockey\/sv\/akademi\/\"]}]},{\"@type\":\"BreadcrumbList\",\"@id\":\"https:\/\/myice.hockey\/sv\/akademi\/#breadcrumb\",\"itemListElement\":[{\"@type\":\"ListItem\",\"position\":1,\"name\":\"Home\",\"item\":\"https:\/\/myice.hockey\/sv\/\"},{\"@type\":\"ListItem\",\"position\":2,\"name\":\"Akademi\"}]},{\"@type\":\"WebSite\",\"@id\":\"https:\/\/myice.hockey\/sv\/#website\",\"url\":\"https:\/\/myice.hockey\/sv\/\",\"name\":\"My Ice Hockey\",\"description\":\"My Ice Hockey - From Coach to Coach\",\"publisher\":{\"@id\":\"https:\/\/myice.hockey\/sv\/#organization\"},\"potentialAction\":[{\"@type\":\"SearchAction\",\"target\":{\"@type\":\"EntryPoint\",\"urlTemplate\":\"https:\/\/myice.hockey\/sv\/?s={search_term_string}\"},\"query-input\":\"required name=search_term_string\"}],\"inLanguage\":\"sv-SE\"},{\"@type\":\"Organization\",\"@id\":\"https:\/\/myice.hockey\/sv\/#organization\",\"name\":\"myice hockey\",\"url\":\"https:\/\/myice.hockey\/sv\/\",\"logo\":{\"@type\":\"ImageObject\",\"inLanguage\":\"sv-SE\",\"@id\":\"https:\/\/myice.hockey\/sv\/#\/schema\/logo\/image\/\",\"url\":\"https:\/\/myice.hockey\/wp-content\/uploads\/logo-header.png\",\"contentUrl\":\"https:\/\/myice.hockey\/wp-content\/uploads\/logo-header.png\",\"width\":440,\"height\":508,\"caption\":\"myice hockey\"},\"image\":{\"@id\":\"https:\/\/myice.hockey\/sv\/#\/schema\/logo\/image\/\"},\"sameAs\":[\"https:\/\/www.facebook.com\/MyIceHockey\/\",\"https:\/\/twitter.com\/myicehockey\",\"https:\/\/www.instagram.com\/myicehockey\/\",\"https:\/\/www.youtube.com\/channel\/UC46lQwPzfjtjxZ20LjcgiNA\/featured\"]}]}<\/script>\n<!-- \/ Yoast SEO plugin. -->","yoast_head_json":{"title":"Akademi - My Ice Hockey","robots":{"index":"index","follow":"follow","max-snippet":"max-snippet:-1","max-image-preview":"max-image-preview:large","max-video-preview":"max-video-preview:-1"},"canonical":"https:\/\/myice.hockey\/sv\/akademi\/","og_locale":"sv_SE","og_type":"article","og_title":"Akademi - My Ice Hockey","og_description":"[mk_page_section bg_image=&#8221;https:\/\/myice.hockey\/wp-content\/uploads\/background_mih.jpg&#8221; bg_repeat=&#8221;no-repeat&#8221; bg_stretch=&#8221;true&#8221; enable_3d=&#8221;true&#8221; padding_top=&#8221;40&#8243; padding_bottom=&#8221;40&#8243; sidebar=&#8221;sidebar-1&#8243;][vc_column][mk_padding_divider size=&#8221;150&#8243;][mk_fancy_title color=&#8221;#221c1e&#8221; size=&#8221;45&#8243; font_weight=&#8221;300&#8243; letter_spacing=&#8221;-2&#8243; margin_top=&#8221;40&#8243; margin_bottom=&#8221;0&#8243; font_family=&#8221;none&#8221; align=&#8221;center&#8221; animation=&#8221;bottom-to-top&#8221;]My Ice Hockey Akademi[\/mk_fancy_title][mk_image src=&#8221;https:\/\/myice.hockey\/wp-content\/uploads\/line.png&#8221; align=&#8221;center&#8221; margin_bottom=&#8221;17&#8243; animation=&#8221;bottom-to-top&#8221; crop=&#8221;false&#8221;][vc_row_inner css=&#8221;.vc_custom_1544721880881{margin-bottom: 0px !important;padding-bottom: 0px !important;}&#8221;][vc_column_inner width=&#8221;2\/4&#8243;][mk_padding_divider size=&#8221;150&#8243;][mk_image src=&#8221;https:\/\/myice.hockey\/wp-content\/uploads\/mih_academy-logo.png&#8221; image_size=&#8221;full&#8221; align=&#8221;center&#8221; margin_bottom=&#8221;0&#8243;][\/vc_column_inner][vc_column_inner width=&#8221;2\/4&#8243; css=&#8221;.vc_custom_1544721865802{margin-bottom: 0px !important;padding-bottom: 0px !important;}&#8221;][mk_padding_divider size=&#8221;20&#8243;][mk_custom_box corner_radius=&#8221;5&#8243; padding_vertical=&#8221;50&#8243; padding_horizental=&#8221;40&#8243; min_height=&#8221;300&#8243; bg_color=&#8221;#ffffff&#8221;][mk_fancy_title size=&#8221;25&#8243; font_weight=&#8221;bold&#8221; margin_bottom=&#8221;0&#8243; font_family=&#8221;none&#8221; responsive_align=&#8221;left&#8221;]Vad erbjuder [&hellip;]","og_url":"https:\/\/myice.hockey\/sv\/akademi\/","og_site_name":"My Ice Hockey","article_publisher":"https:\/\/www.facebook.com\/MyIceHockey\/","article_modified_time":"2022-01-21T18:15:57+00:00","twitter_card":"summary_large_image","twitter_site":"@myicehockey","twitter_misc":{"Ber\u00e4knad l\u00e4stid":"3 minuter"},"schema":{"@context":"https:\/\/schema.org","@graph":[{"@type":"WebPage","@id":"https:\/\/myice.hockey\/sv\/akademi\/","url":"https:\/\/myice.hockey\/sv\/akademi\/","name":"Akademi - My Ice Hockey","isPartOf":{"@id":"https:\/\/myice.hockey\/sv\/#website"},"datePublished":"2019-02-21T16:12:01+00:00","dateModified":"2022-01-21T18:15:57+00:00","breadcrumb":{"@id":"https:\/\/myice.hockey\/sv\/akademi\/#breadcrumb"},"inLanguage":"sv-SE","potentialAction":[{"@type":"ReadAction","target":["https:\/\/myice.hockey\/sv\/akademi\/"]}]},{"@type":"BreadcrumbList","@id":"https:\/\/myice.hockey\/sv\/akademi\/#breadcrumb","itemListElement":[{"@type":"ListItem","position":1,"name":"Home","item":"https:\/\/myice.hockey\/sv\/"},{"@type":"ListItem","position":2,"name":"Akademi"}]},{"@type":"WebSite","@id":"https:\/\/myice.hockey\/sv\/#website","url":"https:\/\/myice.hockey\/sv\/","name":"My Ice Hockey","description":"My Ice Hockey - From Coach to Coach","publisher":{"@id":"https:\/\/myice.hockey\/sv\/#organization"},"potentialAction":[{"@type":"SearchAction","target":{"@type":"EntryPoint","urlTemplate":"https:\/\/myice.hockey\/sv\/?s={search_term_string}"},"query-input":"required name=search_term_string"}],"inLanguage":"sv-SE"},{"@type":"Organization","@id":"https:\/\/myice.hockey\/sv\/#organization","name":"myice hockey","url":"https:\/\/myice.hockey\/sv\/","logo":{"@type":"ImageObject","inLanguage":"sv-SE","@id":"https:\/\/myice.hockey\/sv\/#\/schema\/logo\/image\/","url":"https:\/\/myice.hockey\/wp-content\/uploads\/logo-header.png","contentUrl":"https:\/\/myice.hockey\/wp-content\/uploads\/logo-header.png","width":440,"height":508,"caption":"myice hockey"},"image":{"@id":"https:\/\/myice.hockey\/sv\/#\/schema\/logo\/image\/"},"sameAs":["https:\/\/www.facebook.com\/MyIceHockey\/","https:\/\/twitter.com\/myicehockey","https:\/\/www.instagram.com\/myicehockey\/","https:\/\/www.youtube.com\/channel\/UC46lQwPzfjtjxZ20LjcgiNA\/featured"]}]}},"_links":{"self":[{"href":"https:\/\/myice.hockey\/sv\/wp-json\/wp\/v2\/pages\/8711"}],"collection":[{"href":"https:\/\/myice.hockey\/sv\/wp-json\/wp\/v2\/pages"}],"about":[{"href":"https:\/\/myice.hockey\/sv\/wp-json\/wp\/v2\/types\/page"}],"author":[{"embeddable":true,"href":"https:\/\/myice.hockey\/sv\/wp-json\/wp\/v2\/users\/6"}],"replies":[{"embeddable":true,"href":"https:\/\/myice.hockey\/sv\/wp-json\/wp\/v2\/comments?post=8711"}],"version-history":[{"count":7,"href":"https:\/\/myice.hockey\/sv\/wp-json\/wp\/v2\/pages\/8711\/revisions"}],"predecessor-version":[{"id":9373,"href":"https:\/\/myice.hockey\/sv\/wp-json\/wp\/v2\/pages\/8711\/revisions\/9373"}],"wp:attachment":[{"href":"https:\/\/myice.hockey\/sv\/wp-json\/wp\/v2\/media?parent=8711"}],"curies":[{"name":"wp","href":"https:\/\/api.w.org\/{rel}","templated":true}]}}