{"id":17253,"date":"2022-01-12T16:04:03","date_gmt":"2022-01-12T16:04:03","guid":{"rendered":"https:\/\/myice.hockey\/?page_id=17253"},"modified":"2022-01-17T18:21:57","modified_gmt":"2022-01-17T18:21:57","slug":"priser","status":"publish","type":"page","link":"https:\/\/myice.hockey\/sv\/priser\/","title":{"rendered":"Priser"},"content":{"rendered":"[mk_page_section bg_image=&#8221;https:\/\/demos.artbees.net\/jupiter5\/io\/wp-content\/uploads\/sites\/55\/2015\/10\/shapes_bg_1.jpg&#8221; attachment=&#8221;fixed&#8221; bg_position=&#8221;center center&#8221; bg_repeat=&#8221;repeat-x&#8221; enable_3d=&#8221;true&#8221; speed_factor=&#8221;0.4&#8243; min_height=&#8221;720&#8243; sidebar=&#8221;sidebar-1&#8243;][vc_column][mk_fancy_title color=&#8221;#221c1e&#8221; size=&#8221;45&#8243; font_weight=&#8221;300&#8243; letter_spacing=&#8221;-2&#8243; margin_top=&#8221;76&#8243; margin_bottom=&#8221;0&#8243; font_family=&#8221;none&#8221; align=&#8221;center&#8221; animation=&#8221;bottom-to-top&#8221;]<b>R\u00e4tt produkt<\/b> f\u00f6r varje <strong>coach <\/strong>och <strong>klubb.<\/strong>[\/mk_fancy_title][mk_image src=&#8221;https:\/\/myice.hockey\/wp-content\/uploads\/line.png&#8221; align=&#8221;center&#8221; margin_bottom=&#8221;17&#8243; animation=&#8221;bottom-to-top&#8221; crop=&#8221;false&#8221;][vc_row_inner][vc_column_inner width=&#8221;1\/4&#8243;][\/vc_column_inner][vc_column_inner width=&#8221;1\/2&#8243;][vc_column_text align=&#8221;center&#8221; animation=&#8221;bottom-to-top&#8221; css=&#8221;.vc_custom_1609662348795{margin-bottom: 0px !important;}&#8221;]<span style=\"font-size: 18px; text-align: center; color: #969696; font-style: inherit; font-weight: 300; padding-top: 0px; padding-bottom: 25px; letter-spacing: 0px;\">My Ice Hockey har <strong>r\u00e4tt produkt f\u00f6r dig<\/strong> oavsett om du \u00e4r assisterande coach i en <strong>liten klubb<\/strong> eller head coach i en <strong>stor organisation<\/strong>.<br \/>\n<\/span>[\/vc_column_text][\/vc_column_inner][vc_column_inner width=&#8221;1\/4&#8243;][\/vc_column_inner][\/vc_row_inner][mk_pricing_table style=&#8221;monocolor&#8221; order=&#8221;ASC&#8221; tables=&#8221;65,66,64,67&#8243;][\/mk_pricing_table][mk_button dimension=&#8221;flat&#8221; size=&#8221;medium&#8221; url=&#8221;https:\/\/myice.hockey\/sv\/kontakt\/&#8221; align=&#8221;center&#8221; fullwidth=&#8221;true&#8221; animation=&#8221;fade-in&#8221;]Priserna g\u00e4ller f\u00f6r ett lag. Attraktiv licensmodell f\u00f6r hela klubben.[\/mk_button][mk_padding_divider size=&#8221;50&#8243;][\/vc_column][\/mk_page_section]\n","protected":false},"excerpt":{"rendered":"<p>[mk_page_section bg_image=&#8221;https:\/\/demos.artbees.net\/jupiter5\/io\/wp-content\/uploads\/sites\/55\/2015\/10\/shapes_bg_1.jpg&#8221; attachment=&#8221;fixed&#8221; bg_position=&#8221;center center&#8221; bg_repeat=&#8221;repeat-x&#8221; enable_3d=&#8221;true&#8221; speed_factor=&#8221;0.4&#8243; min_height=&#8221;720&#8243; sidebar=&#8221;sidebar-1&#8243;][vc_column][mk_fancy_title color=&#8221;#221c1e&#8221; size=&#8221;45&#8243; font_weight=&#8221;300&#8243; letter_spacing=&#8221;-2&#8243; margin_top=&#8221;76&#8243; margin_bottom=&#8221;0&#8243; font_family=&#8221;none&#8221; align=&#8221;center&#8221; animation=&#8221;bottom-to-top&#8221;]R\u00e4tt produkt f\u00f6r varje coach och klubb.[\/mk_fancy_title][mk_image src=&#8221;https:\/\/myice.hockey\/wp-content\/uploads\/line.png&#8221; align=&#8221;center&#8221; margin_bottom=&#8221;17&#8243; animation=&#8221;bottom-to-top&#8221; crop=&#8221;false&#8221;][vc_row_inner][vc_column_inner width=&#8221;1\/4&#8243;][\/vc_column_inner][vc_column_inner width=&#8221;1\/2&#8243;][vc_column_text align=&#8221;center&#8221; animation=&#8221;bottom-to-top&#8221; css=&#8221;.vc_custom_1609662348795{margin-bottom: 0px !important;}&#8221;]My Ice Hockey har r\u00e4tt produkt f\u00f6r dig oavsett om du \u00e4r assisterande coach i en liten klubb eller [&hellip;]<\/p>\n","protected":false},"author":1,"featured_media":0,"parent":0,"menu_order":0,"comment_status":"closed","ping_status":"closed","template":"","meta":{"_exactmetrics_skip_tracking":false,"_exactmetrics_sitenote_active":false,"_exactmetrics_sitenote_note":"","_exactmetrics_sitenote_category":0},"yoast_head":"<!-- This site is optimized with the Yoast SEO plugin v20.10 - https:\/\/yoast.com\/wordpress\/plugins\/seo\/ -->\n<title>Priser - My Ice Hockey<\/title>\n<meta name=\"robots\" content=\"index, follow, max-snippet:-1, max-image-preview:large, max-video-preview:-1\" \/>\n<link rel=\"canonical\" href=\"https:\/\/myice.hockey\/sv\/priser\/\" \/>\n<meta property=\"og:locale\" content=\"sv_SE\" \/>\n<meta property=\"og:type\" content=\"article\" \/>\n<meta property=\"og:title\" content=\"Priser - My Ice Hockey\" \/>\n<meta property=\"og:description\" content=\"[mk_page_section bg_image=&#8221;https:\/\/demos.artbees.net\/jupiter5\/io\/wp-content\/uploads\/sites\/55\/2015\/10\/shapes_bg_1.jpg&#8221; attachment=&#8221;fixed&#8221; bg_position=&#8221;center center&#8221; bg_repeat=&#8221;repeat-x&#8221; enable_3d=&#8221;true&#8221; speed_factor=&#8221;0.4&#8243; min_height=&#8221;720&#8243; sidebar=&#8221;sidebar-1&#8243;][vc_column][mk_fancy_title color=&#8221;#221c1e&#8221; size=&#8221;45&#8243; font_weight=&#8221;300&#8243; letter_spacing=&#8221;-2&#8243; margin_top=&#8221;76&#8243; margin_bottom=&#8221;0&#8243; font_family=&#8221;none&#8221; align=&#8221;center&#8221; animation=&#8221;bottom-to-top&#8221;]R\u00e4tt produkt f\u00f6r varje coach och klubb.[\/mk_fancy_title][mk_image src=&#8221;https:\/\/myice.hockey\/wp-content\/uploads\/line.png&#8221; align=&#8221;center&#8221; margin_bottom=&#8221;17&#8243; animation=&#8221;bottom-to-top&#8221; crop=&#8221;false&#8221;][vc_row_inner][vc_column_inner width=&#8221;1\/4&#8243;][\/vc_column_inner][vc_column_inner width=&#8221;1\/2&#8243;][vc_column_text align=&#8221;center&#8221; animation=&#8221;bottom-to-top&#8221; css=&#8221;.vc_custom_1609662348795{margin-bottom: 0px !important;}&#8221;]My Ice Hockey har r\u00e4tt produkt f\u00f6r dig oavsett om du \u00e4r assisterande coach i en liten klubb eller [&hellip;]\" \/>\n<meta property=\"og:url\" content=\"https:\/\/myice.hockey\/sv\/priser\/\" \/>\n<meta property=\"og:site_name\" content=\"My Ice Hockey\" \/>\n<meta property=\"article:publisher\" content=\"https:\/\/www.facebook.com\/MyIceHockey\/\" \/>\n<meta property=\"article:modified_time\" content=\"2022-01-17T18:21:57+00:00\" \/>\n<meta name=\"twitter:card\" content=\"summary_large_image\" \/>\n<meta name=\"twitter:site\" content=\"@myicehockey\" \/>\n<meta name=\"twitter:label1\" content=\"Ber\u00e4knad l\u00e4stid\" \/>\n\t<meta name=\"twitter:data1\" content=\"1 minut\" \/>\n<script type=\"application\/ld+json\" class=\"yoast-schema-graph\">{\"@context\":\"https:\/\/schema.org\",\"@graph\":[{\"@type\":\"WebPage\",\"@id\":\"https:\/\/myice.hockey\/sv\/priser\/\",\"url\":\"https:\/\/myice.hockey\/sv\/priser\/\",\"name\":\"Priser - My Ice Hockey\",\"isPartOf\":{\"@id\":\"https:\/\/myice.hockey\/sv\/#website\"},\"datePublished\":\"2022-01-12T16:04:03+00:00\",\"dateModified\":\"2022-01-17T18:21:57+00:00\",\"breadcrumb\":{\"@id\":\"https:\/\/myice.hockey\/sv\/priser\/#breadcrumb\"},\"inLanguage\":\"sv-SE\",\"potentialAction\":[{\"@type\":\"ReadAction\",\"target\":[\"https:\/\/myice.hockey\/sv\/priser\/\"]}]},{\"@type\":\"BreadcrumbList\",\"@id\":\"https:\/\/myice.hockey\/sv\/priser\/#breadcrumb\",\"itemListElement\":[{\"@type\":\"ListItem\",\"position\":1,\"name\":\"Home\",\"item\":\"https:\/\/myice.hockey\/sv\/\"},{\"@type\":\"ListItem\",\"position\":2,\"name\":\"Priser\"}]},{\"@type\":\"WebSite\",\"@id\":\"https:\/\/myice.hockey\/sv\/#website\",\"url\":\"https:\/\/myice.hockey\/sv\/\",\"name\":\"My Ice Hockey\",\"description\":\"My Ice Hockey - From Coach to Coach\",\"publisher\":{\"@id\":\"https:\/\/myice.hockey\/sv\/#organization\"},\"potentialAction\":[{\"@type\":\"SearchAction\",\"target\":{\"@type\":\"EntryPoint\",\"urlTemplate\":\"https:\/\/myice.hockey\/sv\/?s={search_term_string}\"},\"query-input\":\"required name=search_term_string\"}],\"inLanguage\":\"sv-SE\"},{\"@type\":\"Organization\",\"@id\":\"https:\/\/myice.hockey\/sv\/#organization\",\"name\":\"myice hockey\",\"url\":\"https:\/\/myice.hockey\/sv\/\",\"logo\":{\"@type\":\"ImageObject\",\"inLanguage\":\"sv-SE\",\"@id\":\"https:\/\/myice.hockey\/sv\/#\/schema\/logo\/image\/\",\"url\":\"https:\/\/myice.hockey\/wp-content\/uploads\/logo-header.png\",\"contentUrl\":\"https:\/\/myice.hockey\/wp-content\/uploads\/logo-header.png\",\"width\":440,\"height\":508,\"caption\":\"myice hockey\"},\"image\":{\"@id\":\"https:\/\/myice.hockey\/sv\/#\/schema\/logo\/image\/\"},\"sameAs\":[\"https:\/\/www.facebook.com\/MyIceHockey\/\",\"https:\/\/twitter.com\/myicehockey\",\"https:\/\/www.instagram.com\/myicehockey\/\",\"https:\/\/www.youtube.com\/channel\/UC46lQwPzfjtjxZ20LjcgiNA\/featured\"]}]}<\/script>\n<!-- \/ Yoast SEO plugin. -->","yoast_head_json":{"title":"Priser - My Ice Hockey","robots":{"index":"index","follow":"follow","max-snippet":"max-snippet:-1","max-image-preview":"max-image-preview:large","max-video-preview":"max-video-preview:-1"},"canonical":"https:\/\/myice.hockey\/sv\/priser\/","og_locale":"sv_SE","og_type":"article","og_title":"Priser - My Ice Hockey","og_description":"[mk_page_section bg_image=&#8221;https:\/\/demos.artbees.net\/jupiter5\/io\/wp-content\/uploads\/sites\/55\/2015\/10\/shapes_bg_1.jpg&#8221; attachment=&#8221;fixed&#8221; bg_position=&#8221;center center&#8221; bg_repeat=&#8221;repeat-x&#8221; enable_3d=&#8221;true&#8221; speed_factor=&#8221;0.4&#8243; min_height=&#8221;720&#8243; sidebar=&#8221;sidebar-1&#8243;][vc_column][mk_fancy_title color=&#8221;#221c1e&#8221; size=&#8221;45&#8243; font_weight=&#8221;300&#8243; letter_spacing=&#8221;-2&#8243; margin_top=&#8221;76&#8243; margin_bottom=&#8221;0&#8243; font_family=&#8221;none&#8221; align=&#8221;center&#8221; animation=&#8221;bottom-to-top&#8221;]R\u00e4tt produkt f\u00f6r varje coach och klubb.[\/mk_fancy_title][mk_image src=&#8221;https:\/\/myice.hockey\/wp-content\/uploads\/line.png&#8221; align=&#8221;center&#8221; margin_bottom=&#8221;17&#8243; animation=&#8221;bottom-to-top&#8221; crop=&#8221;false&#8221;][vc_row_inner][vc_column_inner width=&#8221;1\/4&#8243;][\/vc_column_inner][vc_column_inner width=&#8221;1\/2&#8243;][vc_column_text align=&#8221;center&#8221; animation=&#8221;bottom-to-top&#8221; css=&#8221;.vc_custom_1609662348795{margin-bottom: 0px !important;}&#8221;]My Ice Hockey har r\u00e4tt produkt f\u00f6r dig oavsett om du \u00e4r assisterande coach i en liten klubb eller [&hellip;]","og_url":"https:\/\/myice.hockey\/sv\/priser\/","og_site_name":"My Ice Hockey","article_publisher":"https:\/\/www.facebook.com\/MyIceHockey\/","article_modified_time":"2022-01-17T18:21:57+00:00","twitter_card":"summary_large_image","twitter_site":"@myicehockey","twitter_misc":{"Ber\u00e4knad l\u00e4stid":"1 minut"},"schema":{"@context":"https:\/\/schema.org","@graph":[{"@type":"WebPage","@id":"https:\/\/myice.hockey\/sv\/priser\/","url":"https:\/\/myice.hockey\/sv\/priser\/","name":"Priser - My Ice Hockey","isPartOf":{"@id":"https:\/\/myice.hockey\/sv\/#website"},"datePublished":"2022-01-12T16:04:03+00:00","dateModified":"2022-01-17T18:21:57+00:00","breadcrumb":{"@id":"https:\/\/myice.hockey\/sv\/priser\/#breadcrumb"},"inLanguage":"sv-SE","potentialAction":[{"@type":"ReadAction","target":["https:\/\/myice.hockey\/sv\/priser\/"]}]},{"@type":"BreadcrumbList","@id":"https:\/\/myice.hockey\/sv\/priser\/#breadcrumb","itemListElement":[{"@type":"ListItem","position":1,"name":"Home","item":"https:\/\/myice.hockey\/sv\/"},{"@type":"ListItem","position":2,"name":"Priser"}]},{"@type":"WebSite","@id":"https:\/\/myice.hockey\/sv\/#website","url":"https:\/\/myice.hockey\/sv\/","name":"My Ice Hockey","description":"My Ice Hockey - From Coach to Coach","publisher":{"@id":"https:\/\/myice.hockey\/sv\/#organization"},"potentialAction":[{"@type":"SearchAction","target":{"@type":"EntryPoint","urlTemplate":"https:\/\/myice.hockey\/sv\/?s={search_term_string}"},"query-input":"required name=search_term_string"}],"inLanguage":"sv-SE"},{"@type":"Organization","@id":"https:\/\/myice.hockey\/sv\/#organization","name":"myice hockey","url":"https:\/\/myice.hockey\/sv\/","logo":{"@type":"ImageObject","inLanguage":"sv-SE","@id":"https:\/\/myice.hockey\/sv\/#\/schema\/logo\/image\/","url":"https:\/\/myice.hockey\/wp-content\/uploads\/logo-header.png","contentUrl":"https:\/\/myice.hockey\/wp-content\/uploads\/logo-header.png","width":440,"height":508,"caption":"myice hockey"},"image":{"@id":"https:\/\/myice.hockey\/sv\/#\/schema\/logo\/image\/"},"sameAs":["https:\/\/www.facebook.com\/MyIceHockey\/","https:\/\/twitter.com\/myicehockey","https:\/\/www.instagram.com\/myicehockey\/","https:\/\/www.youtube.com\/channel\/UC46lQwPzfjtjxZ20LjcgiNA\/featured"]}]}},"_links":{"self":[{"href":"https:\/\/myice.hockey\/sv\/wp-json\/wp\/v2\/pages\/17253"}],"collection":[{"href":"https:\/\/myice.hockey\/sv\/wp-json\/wp\/v2\/pages"}],"about":[{"href":"https:\/\/myice.hockey\/sv\/wp-json\/wp\/v2\/types\/page"}],"author":[{"embeddable":true,"href":"https:\/\/myice.hockey\/sv\/wp-json\/wp\/v2\/users\/1"}],"replies":[{"embeddable":true,"href":"https:\/\/myice.hockey\/sv\/wp-json\/wp\/v2\/comments?post=17253"}],"version-history":[{"count":4,"href":"https:\/\/myice.hockey\/sv\/wp-json\/wp\/v2\/pages\/17253\/revisions"}],"predecessor-version":[{"id":17369,"href":"https:\/\/myice.hockey\/sv\/wp-json\/wp\/v2\/pages\/17253\/revisions\/17369"}],"wp:attachment":[{"href":"https:\/\/myice.hockey\/sv\/wp-json\/wp\/v2\/media?parent=17253"}],"curies":[{"name":"wp","href":"https:\/\/api.w.org\/{rel}","templated":true}]}}