{"id":18479,"date":"2022-04-21T14:59:39","date_gmt":"2022-04-21T14:59:39","guid":{"rendered":"https:\/\/myice.hockey\/j-s-sportdb\/"},"modified":"2024-10-30T09:15:56","modified_gmt":"2024-10-30T09:15:56","slug":"j-s-sportdb","status":"publish","type":"page","link":"https:\/\/myice.hockey\/it\/j-s-sportdb\/","title":{"rendered":"G+S BDNS Import"},"content":{"rendered":"[mk_page_section bg_image=&#8221;https:\/\/myice.hockey\/wp-content\/uploads\/mih_background.01.jpg&#8221; bg_position=&#8221;right bottom&#8221; bg_stretch=&#8221;true&#8221; enable_3d=&#8221;true&#8221; video_color_mask=&#8221;#ffffff&#8221; video_opacity=&#8221;0.7&#8243; min_height=&#8221;600&#8243; js_vertical_centered=&#8221;true&#8221; sidebar=&#8221;sidebar-1&#8243;][vc_column width=&#8221;2\/3&#8243;][mk_fancy_title color=&#8221;#e61e25&#8243; size=&#8221;25&#8243; font_weight=&#8221;300&#8243; margin_top=&#8221;40&#8243; margin_bottom=&#8221;0&#8243; font_family=&#8221;none&#8221; responsive_align=&#8221;left&#8221; animation=&#8221;bottom-to-top&#8221;]Controllo delle presenze da My Ice Hockey[\/mk_fancy_title][mk_fancy_title color=&#8221;#221c1e&#8221; size=&#8221;45&#8243; line_height=&#8221;95&#8243; font_weight=&#8221;bold&#8221; letter_spacing=&#8221;-2&#8243; margin_bottom=&#8221;0&#8243; font_family=&#8221;none&#8221; responsive_align=&#8221;left&#8221; animation=&#8221;bottom-to-top&#8221;]G+S BDNS Import[\/mk_fancy_title][\/vc_column][vc_column width=&#8221;1\/3&#8243;][\/vc_column][\/mk_page_section][mk_page_section bg_color=&#8221;#ffffff&#8221; video_color_mask=&#8221;#ffffff&#8221; padding_top=&#8221;0&#8243; padding_bottom=&#8221;80&#8243; section_id=&#8221;coaches&#8221; sidebar=&#8221;sidebar-1&#8243;][vc_column width=&#8221;2\/3&#8243;][mk_padding_divider visibility=&#8221;hidden-sm&#8221;][mk_image src=&#8221;https:\/\/myice.hockey\/wp-content\/uploads\/gs-bdns_it_v1.png&#8221; image_size=&#8221;full&#8221; align=&#8221;center&#8221; visibility=&#8221;visible-sm&#8221;][mk_fancy_title color=&#8221;#221c1e&#8221; size=&#8221;45&#8243; font_weight=&#8221;bold&#8221; letter_spacing=&#8221;-2&#8243; margin_top=&#8221;40&#8243; margin_bottom=&#8221;0&#8243; font_family=&#8221;none&#8221; responsive_align=&#8221;left&#8221; animation=&#8221;bottom-to-top&#8221;]G+S BDNS Import[\/mk_fancy_title][vc_column_text css=&#8221;.vc_custom_1678352294795{margin-bottom: 0px !important;}&#8221;]Fai comunque i <strong>controlli delle presenze<\/strong> in My Ice Hockey? Allora esporta questi dati da My Ice Hockey e importali nel <a href=\"https:\/\/www.jugendundsport.ch\/it\/themen\/neue-nds.html\" target=\"_blank\" rel=\"noopener\">G+S Banca dati nazionale per lo sport<\/a> (BDNS) &#8211; non potrebbe essere pi\u00f9 facile!<\/p>\n<p>S\u00ec, hai letto bene. Non \u00e8 pi\u00f9 necessario inserire le presenze dei tuoi giocatori. Dopo un po&#8217; di lavoro preliminare in My Ice Hockey, puoi importare il G+S BDNS con pochi clic.<\/p>\n<p>Finalmente \u00e8 arrivata: la connessione G+S da My Ice Hockey. Un altro <strong>grande risparmio di tempo<\/strong> da My Ice Hockey. L&#8217;importazione di G+S BDNS \u00e8 gratuita per tutti i clienti.<\/p>\n<p><a href=\"https:\/\/help.myice.hockey\/knowledge-base\/nds-import\/\" target=\"_blank\" rel=\"noopener\">Qui trovi le istruzioni dettagliate.<\/a>[\/vc_column_text][\/vc_column][vc_column width=&#8221;1\/3&#8243; css=&#8221;.vc_custom_1637758179169{margin-right: 0px !important;padding-right: 0px !important;}&#8221;][mk_padding_divider size=&#8221;100&#8243; visibility=&#8221;hidden-sm&#8221;][mk_image src=&#8221;https:\/\/myice.hockey\/wp-content\/uploads\/gs-bdns_it_v1.png&#8221; image_size=&#8221;full&#8221; visibility=&#8221;hidden-sm&#8221;][\/vc_column][\/mk_page_section][mk_page_section bg_image=&#8221;https:\/\/myice.hockey\/wp-content\/uploads\/mih-testimonials.jpeg&#8221; bg_stretch=&#8221;true&#8221; enable_3d=&#8221;true&#8221; video_color_mask=&#8221;#ffffff&#8221; video_opacity=&#8221;0.8&#8243; min_height=&#8221;450&#8243; js_vertical_centered=&#8221;true&#8221; padding_bottom=&#8221;40&#8243; sidebar=&#8221;sidebar-1&#8243;][vc_column][mk_fancy_title color=&#8221;#221c1e&#8221; size=&#8221;45&#8243; font_weight=&#8221;bold&#8221; letter_spacing=&#8221;-2&#8243; margin_top=&#8221;40&#8243; margin_bottom=&#8221;0&#8243; font_family=&#8221;none&#8221; responsive_align=&#8221;left&#8221; animation=&#8221;bottom-to-top&#8221;]Testimonianze[\/mk_fancy_title][vc_row_inner][vc_column_inner width=&#8221;1\/2&#8243;][vc_column_text css=&#8221;.vc_custom_1678352353459{margin-bottom: 0px !important;}&#8221;]<em>&#8220;Ho gi\u00e0 avuto modo di testare la connessione a G+S BDNS e sono entusiasta della rapidit\u00e0 con cui posso importare le presenze dei miei giocatori da My Ice Hockey a G+S BDNS. Nel mio lavoro di manager e allenatore di G+S per diverse fasce d&#8217;et\u00e0, il modulo G+S BDNS mi fa risparmiare molto tempo.<\/em>[\/vc_column_text][vc_column_text css=&#8221;.vc_custom_1651581211975{margin-bottom: 0px !important;}&#8221;]<strong><span style=\"font-size: 14px;\">Matthias H\u00fcgli, <\/span><\/strong><span style=\"font-size: 14px;\">Head Coach U13 Elit EV Zug<\/span>[\/vc_column_text][\/vc_column_inner][vc_column_inner width=&#8221;1\/2&#8243;][vc_column_text css=&#8221;.vc_custom_1678352395445{margin-bottom: 0px !important;}&#8221;]<em>&#8220;In poche ore sono riuscito a importare le presenze di un intero livello per l&#8217;intera stagione con G+S BDNS senza errori tramite la connessione a My Ice Hockey. Geniale!&#8221;<\/em>[\/vc_column_text][vc_column_text css=&#8221;.vc_custom_1651581245250{margin-bottom: 0px !important;}&#8221;]<strong><span style=\"font-size: 14px;\">Thomas Heiniger, Responsabile Giovani Talenti EHC Chur Capricorns<\/span><\/strong>[\/vc_column_text][\/vc_column_inner][\/vc_row_inner][\/vc_column][\/mk_page_section]\n","protected":false},"excerpt":{"rendered":"<p>[mk_page_section bg_image=&#8221;https:\/\/myice.hockey\/wp-content\/uploads\/mih_background.01.jpg&#8221; bg_position=&#8221;right bottom&#8221; bg_stretch=&#8221;true&#8221; enable_3d=&#8221;true&#8221; video_color_mask=&#8221;#ffffff&#8221; video_opacity=&#8221;0.7&#8243; min_height=&#8221;600&#8243; js_vertical_centered=&#8221;true&#8221; sidebar=&#8221;sidebar-1&#8243;][vc_column width=&#8221;2\/3&#8243;][mk_fancy_title color=&#8221;#e61e25&#8243; size=&#8221;25&#8243; font_weight=&#8221;300&#8243; margin_top=&#8221;40&#8243; margin_bottom=&#8221;0&#8243; font_family=&#8221;none&#8221; responsive_align=&#8221;left&#8221; animation=&#8221;bottom-to-top&#8221;]Controllo delle presenze da My Ice Hockey[\/mk_fancy_title][mk_fancy_title color=&#8221;#221c1e&#8221; size=&#8221;45&#8243; line_height=&#8221;95&#8243; font_weight=&#8221;bold&#8221; letter_spacing=&#8221;-2&#8243; margin_bottom=&#8221;0&#8243; font_family=&#8221;none&#8221; responsive_align=&#8221;left&#8221; animation=&#8221;bottom-to-top&#8221;]G+S BDNS Import[\/mk_fancy_title][\/vc_column][vc_column width=&#8221;1\/3&#8243;][\/vc_column][\/mk_page_section][mk_page_section bg_color=&#8221;#ffffff&#8221; video_color_mask=&#8221;#ffffff&#8221; padding_top=&#8221;0&#8243; padding_bottom=&#8221;80&#8243; section_id=&#8221;coaches&#8221; sidebar=&#8221;sidebar-1&#8243;][vc_column width=&#8221;2\/3&#8243;][mk_padding_divider visibility=&#8221;hidden-sm&#8221;][mk_image src=&#8221;https:\/\/myice.hockey\/wp-content\/uploads\/gs-bdns_it_v1.png&#8221; image_size=&#8221;full&#8221; align=&#8221;center&#8221; visibility=&#8221;visible-sm&#8221;][mk_fancy_title color=&#8221;#221c1e&#8221; size=&#8221;45&#8243; font_weight=&#8221;bold&#8221; letter_spacing=&#8221;-2&#8243; margin_top=&#8221;40&#8243; [&hellip;]<\/p>\n","protected":false},"author":1,"featured_media":18540,"parent":0,"menu_order":0,"comment_status":"closed","ping_status":"closed","template":"","meta":{"_exactmetrics_skip_tracking":false,"_exactmetrics_sitenote_active":false,"_exactmetrics_sitenote_note":"","_exactmetrics_sitenote_category":0},"yoast_head":"<!-- This site is optimized with the Yoast SEO plugin v20.10 - https:\/\/yoast.com\/wordpress\/plugins\/seo\/ -->\n<title>G+S BDNS Import - My Ice Hockey<\/title>\n<meta name=\"robots\" content=\"index, follow, max-snippet:-1, max-image-preview:large, max-video-preview:-1\" \/>\n<link rel=\"canonical\" href=\"https:\/\/myice.hockey\/it\/j-s-sportdb\/\" \/>\n<meta property=\"og:locale\" content=\"it_IT\" \/>\n<meta property=\"og:type\" content=\"article\" \/>\n<meta property=\"og:title\" content=\"G+S BDNS Import - My Ice Hockey\" \/>\n<meta property=\"og:description\" content=\"[mk_page_section bg_image=&#8221;https:\/\/myice.hockey\/wp-content\/uploads\/mih_background.01.jpg&#8221; bg_position=&#8221;right bottom&#8221; bg_stretch=&#8221;true&#8221; enable_3d=&#8221;true&#8221; video_color_mask=&#8221;#ffffff&#8221; video_opacity=&#8221;0.7&#8243; min_height=&#8221;600&#8243; js_vertical_centered=&#8221;true&#8221; sidebar=&#8221;sidebar-1&#8243;][vc_column width=&#8221;2\/3&#8243;][mk_fancy_title color=&#8221;#e61e25&#8243; size=&#8221;25&#8243; font_weight=&#8221;300&#8243; margin_top=&#8221;40&#8243; margin_bottom=&#8221;0&#8243; font_family=&#8221;none&#8221; responsive_align=&#8221;left&#8221; animation=&#8221;bottom-to-top&#8221;]Controllo delle presenze da My Ice Hockey[\/mk_fancy_title][mk_fancy_title color=&#8221;#221c1e&#8221; size=&#8221;45&#8243; line_height=&#8221;95&#8243; font_weight=&#8221;bold&#8221; letter_spacing=&#8221;-2&#8243; margin_bottom=&#8221;0&#8243; font_family=&#8221;none&#8221; responsive_align=&#8221;left&#8221; animation=&#8221;bottom-to-top&#8221;]G+S BDNS Import[\/mk_fancy_title][\/vc_column][vc_column width=&#8221;1\/3&#8243;][\/vc_column][\/mk_page_section][mk_page_section bg_color=&#8221;#ffffff&#8221; video_color_mask=&#8221;#ffffff&#8221; padding_top=&#8221;0&#8243; padding_bottom=&#8221;80&#8243; section_id=&#8221;coaches&#8221; sidebar=&#8221;sidebar-1&#8243;][vc_column width=&#8221;2\/3&#8243;][mk_padding_divider visibility=&#8221;hidden-sm&#8221;][mk_image src=&#8221;https:\/\/myice.hockey\/wp-content\/uploads\/gs-bdns_it_v1.png&#8221; image_size=&#8221;full&#8221; align=&#8221;center&#8221; visibility=&#8221;visible-sm&#8221;][mk_fancy_title color=&#8221;#221c1e&#8221; size=&#8221;45&#8243; font_weight=&#8221;bold&#8221; letter_spacing=&#8221;-2&#8243; margin_top=&#8221;40&#8243; [&hellip;]\" \/>\n<meta property=\"og:url\" content=\"https:\/\/myice.hockey\/it\/j-s-sportdb\/\" \/>\n<meta property=\"og:site_name\" content=\"My Ice Hockey\" \/>\n<meta property=\"article:publisher\" content=\"https:\/\/www.facebook.com\/MyIceHockey\/\" \/>\n<meta property=\"article:modified_time\" content=\"2024-10-30T09:15:56+00:00\" \/>\n<meta property=\"og:image\" content=\"https:\/\/myice.hockey\/wp-content\/uploads\/js-sportbd_it.v1.png\" \/>\n\t<meta property=\"og:image:width\" content=\"1500\" \/>\n\t<meta property=\"og:image:height\" content=\"1500\" \/>\n\t<meta property=\"og:image:type\" content=\"image\/png\" \/>\n<meta name=\"twitter:card\" content=\"summary_large_image\" \/>\n<meta name=\"twitter:site\" content=\"@myicehockey\" \/>\n<meta name=\"twitter:label1\" content=\"Tempo di lettura stimato\" \/>\n\t<meta name=\"twitter:data1\" content=\"2 minuti\" \/>\n<script type=\"application\/ld+json\" class=\"yoast-schema-graph\">{\"@context\":\"https:\/\/schema.org\",\"@graph\":[{\"@type\":\"WebPage\",\"@id\":\"https:\/\/myice.hockey\/it\/j-s-sportdb\/\",\"url\":\"https:\/\/myice.hockey\/it\/j-s-sportdb\/\",\"name\":\"G+S BDNS Import - My Ice Hockey\",\"isPartOf\":{\"@id\":\"https:\/\/myice.hockey\/it\/#website\"},\"datePublished\":\"2022-04-21T14:59:39+00:00\",\"dateModified\":\"2024-10-30T09:15:56+00:00\",\"breadcrumb\":{\"@id\":\"https:\/\/myice.hockey\/it\/j-s-sportdb\/#breadcrumb\"},\"inLanguage\":\"it-IT\",\"potentialAction\":[{\"@type\":\"ReadAction\",\"target\":[\"https:\/\/myice.hockey\/it\/j-s-sportdb\/\"]}]},{\"@type\":\"BreadcrumbList\",\"@id\":\"https:\/\/myice.hockey\/it\/j-s-sportdb\/#breadcrumb\",\"itemListElement\":[{\"@type\":\"ListItem\",\"position\":1,\"name\":\"Home\",\"item\":\"https:\/\/myice.hockey\/it\/\"},{\"@type\":\"ListItem\",\"position\":2,\"name\":\"G+S BDNS Import\"}]},{\"@type\":\"WebSite\",\"@id\":\"https:\/\/myice.hockey\/it\/#website\",\"url\":\"https:\/\/myice.hockey\/it\/\",\"name\":\"My Ice Hockey\",\"description\":\"My Ice Hockey - From Coach to Coach\",\"publisher\":{\"@id\":\"https:\/\/myice.hockey\/it\/#organization\"},\"potentialAction\":[{\"@type\":\"SearchAction\",\"target\":{\"@type\":\"EntryPoint\",\"urlTemplate\":\"https:\/\/myice.hockey\/it\/?s={search_term_string}\"},\"query-input\":\"required name=search_term_string\"}],\"inLanguage\":\"it-IT\"},{\"@type\":\"Organization\",\"@id\":\"https:\/\/myice.hockey\/it\/#organization\",\"name\":\"myice hockey\",\"url\":\"https:\/\/myice.hockey\/it\/\",\"logo\":{\"@type\":\"ImageObject\",\"inLanguage\":\"it-IT\",\"@id\":\"https:\/\/myice.hockey\/it\/#\/schema\/logo\/image\/\",\"url\":\"https:\/\/myice.hockey\/wp-content\/uploads\/logo-header.png\",\"contentUrl\":\"https:\/\/myice.hockey\/wp-content\/uploads\/logo-header.png\",\"width\":440,\"height\":508,\"caption\":\"myice hockey\"},\"image\":{\"@id\":\"https:\/\/myice.hockey\/it\/#\/schema\/logo\/image\/\"},\"sameAs\":[\"https:\/\/www.facebook.com\/MyIceHockey\/\",\"https:\/\/twitter.com\/myicehockey\",\"https:\/\/www.instagram.com\/myicehockey\/\",\"https:\/\/www.youtube.com\/channel\/UC46lQwPzfjtjxZ20LjcgiNA\/featured\"]}]}<\/script>\n<!-- \/ Yoast SEO plugin. -->","yoast_head_json":{"title":"G+S BDNS Import - My Ice Hockey","robots":{"index":"index","follow":"follow","max-snippet":"max-snippet:-1","max-image-preview":"max-image-preview:large","max-video-preview":"max-video-preview:-1"},"canonical":"https:\/\/myice.hockey\/it\/j-s-sportdb\/","og_locale":"it_IT","og_type":"article","og_title":"G+S BDNS Import - My Ice Hockey","og_description":"[mk_page_section bg_image=&#8221;https:\/\/myice.hockey\/wp-content\/uploads\/mih_background.01.jpg&#8221; bg_position=&#8221;right bottom&#8221; bg_stretch=&#8221;true&#8221; enable_3d=&#8221;true&#8221; video_color_mask=&#8221;#ffffff&#8221; video_opacity=&#8221;0.7&#8243; min_height=&#8221;600&#8243; js_vertical_centered=&#8221;true&#8221; sidebar=&#8221;sidebar-1&#8243;][vc_column width=&#8221;2\/3&#8243;][mk_fancy_title color=&#8221;#e61e25&#8243; size=&#8221;25&#8243; font_weight=&#8221;300&#8243; margin_top=&#8221;40&#8243; margin_bottom=&#8221;0&#8243; font_family=&#8221;none&#8221; responsive_align=&#8221;left&#8221; animation=&#8221;bottom-to-top&#8221;]Controllo delle presenze da My Ice Hockey[\/mk_fancy_title][mk_fancy_title color=&#8221;#221c1e&#8221; size=&#8221;45&#8243; line_height=&#8221;95&#8243; font_weight=&#8221;bold&#8221; letter_spacing=&#8221;-2&#8243; margin_bottom=&#8221;0&#8243; font_family=&#8221;none&#8221; responsive_align=&#8221;left&#8221; animation=&#8221;bottom-to-top&#8221;]G+S BDNS Import[\/mk_fancy_title][\/vc_column][vc_column width=&#8221;1\/3&#8243;][\/vc_column][\/mk_page_section][mk_page_section bg_color=&#8221;#ffffff&#8221; video_color_mask=&#8221;#ffffff&#8221; padding_top=&#8221;0&#8243; padding_bottom=&#8221;80&#8243; section_id=&#8221;coaches&#8221; sidebar=&#8221;sidebar-1&#8243;][vc_column width=&#8221;2\/3&#8243;][mk_padding_divider visibility=&#8221;hidden-sm&#8221;][mk_image src=&#8221;https:\/\/myice.hockey\/wp-content\/uploads\/gs-bdns_it_v1.png&#8221; image_size=&#8221;full&#8221; align=&#8221;center&#8221; visibility=&#8221;visible-sm&#8221;][mk_fancy_title color=&#8221;#221c1e&#8221; size=&#8221;45&#8243; font_weight=&#8221;bold&#8221; letter_spacing=&#8221;-2&#8243; margin_top=&#8221;40&#8243; [&hellip;]","og_url":"https:\/\/myice.hockey\/it\/j-s-sportdb\/","og_site_name":"My Ice Hockey","article_publisher":"https:\/\/www.facebook.com\/MyIceHockey\/","article_modified_time":"2024-10-30T09:15:56+00:00","og_image":[{"width":1500,"height":1500,"url":"https:\/\/myice.hockey\/wp-content\/uploads\/js-sportbd_it.v1.png","type":"image\/png"}],"twitter_card":"summary_large_image","twitter_site":"@myicehockey","twitter_misc":{"Tempo di lettura stimato":"2 minuti"},"schema":{"@context":"https:\/\/schema.org","@graph":[{"@type":"WebPage","@id":"https:\/\/myice.hockey\/it\/j-s-sportdb\/","url":"https:\/\/myice.hockey\/it\/j-s-sportdb\/","name":"G+S BDNS Import - My Ice Hockey","isPartOf":{"@id":"https:\/\/myice.hockey\/it\/#website"},"datePublished":"2022-04-21T14:59:39+00:00","dateModified":"2024-10-30T09:15:56+00:00","breadcrumb":{"@id":"https:\/\/myice.hockey\/it\/j-s-sportdb\/#breadcrumb"},"inLanguage":"it-IT","potentialAction":[{"@type":"ReadAction","target":["https:\/\/myice.hockey\/it\/j-s-sportdb\/"]}]},{"@type":"BreadcrumbList","@id":"https:\/\/myice.hockey\/it\/j-s-sportdb\/#breadcrumb","itemListElement":[{"@type":"ListItem","position":1,"name":"Home","item":"https:\/\/myice.hockey\/it\/"},{"@type":"ListItem","position":2,"name":"G+S BDNS Import"}]},{"@type":"WebSite","@id":"https:\/\/myice.hockey\/it\/#website","url":"https:\/\/myice.hockey\/it\/","name":"My Ice Hockey","description":"My Ice Hockey - From Coach to Coach","publisher":{"@id":"https:\/\/myice.hockey\/it\/#organization"},"potentialAction":[{"@type":"SearchAction","target":{"@type":"EntryPoint","urlTemplate":"https:\/\/myice.hockey\/it\/?s={search_term_string}"},"query-input":"required name=search_term_string"}],"inLanguage":"it-IT"},{"@type":"Organization","@id":"https:\/\/myice.hockey\/it\/#organization","name":"myice hockey","url":"https:\/\/myice.hockey\/it\/","logo":{"@type":"ImageObject","inLanguage":"it-IT","@id":"https:\/\/myice.hockey\/it\/#\/schema\/logo\/image\/","url":"https:\/\/myice.hockey\/wp-content\/uploads\/logo-header.png","contentUrl":"https:\/\/myice.hockey\/wp-content\/uploads\/logo-header.png","width":440,"height":508,"caption":"myice hockey"},"image":{"@id":"https:\/\/myice.hockey\/it\/#\/schema\/logo\/image\/"},"sameAs":["https:\/\/www.facebook.com\/MyIceHockey\/","https:\/\/twitter.com\/myicehockey","https:\/\/www.instagram.com\/myicehockey\/","https:\/\/www.youtube.com\/channel\/UC46lQwPzfjtjxZ20LjcgiNA\/featured"]}]}},"_links":{"self":[{"href":"https:\/\/myice.hockey\/it\/wp-json\/wp\/v2\/pages\/18479"}],"collection":[{"href":"https:\/\/myice.hockey\/it\/wp-json\/wp\/v2\/pages"}],"about":[{"href":"https:\/\/myice.hockey\/it\/wp-json\/wp\/v2\/types\/page"}],"author":[{"embeddable":true,"href":"https:\/\/myice.hockey\/it\/wp-json\/wp\/v2\/users\/1"}],"replies":[{"embeddable":true,"href":"https:\/\/myice.hockey\/it\/wp-json\/wp\/v2\/comments?post=18479"}],"version-history":[{"count":12,"href":"https:\/\/myice.hockey\/it\/wp-json\/wp\/v2\/pages\/18479\/revisions"}],"predecessor-version":[{"id":33168,"href":"https:\/\/myice.hockey\/it\/wp-json\/wp\/v2\/pages\/18479\/revisions\/33168"}],"wp:featuredmedia":[{"embeddable":true,"href":"https:\/\/myice.hockey\/it\/wp-json\/wp\/v2\/media\/18540"}],"wp:attachment":[{"href":"https:\/\/myice.hockey\/it\/wp-json\/wp\/v2\/media?parent=18479"}],"curies":[{"name":"wp","href":"https:\/\/api.w.org\/{rel}","templated":true}]}}