{"id":4889,"date":"2019-01-02T17:23:31","date_gmt":"2019-01-02T17:23:31","guid":{"rendered":"https:\/\/myice.hockey\/?page_id=4889\/"},"modified":"2019-08-19T15:22:18","modified_gmt":"2019-08-19T15:22:18","slug":"demo-access","status":"publish","type":"page","link":"https:\/\/myice.hockey\/fr\/demo-access\/","title":{"rendered":"Acc\u00e8s d\u00e9mo"},"content":{"rendered":"[mk_page_section padding_top=\u00a0\u00bb40&Prime; padding_bottom=\u00a0\u00bb0&Prime; sidebar=\u00a0\u00bbsidebar-1&Prime;][vc_column][mk_fancy_title color=\u00a0\u00bb#221c1e\u00a0\u00bb size=\u00a0\u00bb45&Prime; font_weight=\u00a0\u00bb300&Prime; letter_spacing=\u00a0\u00bb-2&Prime; margin_top=\u00a0\u00bb40&Prime; margin_bottom=\u00a0\u00bb0&Prime; font_family=\u00a0\u00bbnone\u00a0\u00bb align=\u00a0\u00bbcenter\u00a0\u00bb animation=\u00a0\u00bbbottom-to-top\u00a0\u00bb]D\u00e9mo version compl\u00e8te[\/mk_fancy_title][mk_image src=\u00a0\u00bbhttps:\/\/myice.hockey\/wp-content\/uploads\/line.png\u00a0\u00bb align=\u00a0\u00bbcenter\u00a0\u00bb margin_bottom=\u00a0\u00bb17&Prime; animation=\u00a0\u00bbbottom-to-top\u00a0\u00bb crop=\u00a0\u00bbfalse\u00a0\u00bb][vc_row_inner css=\u00a0\u00bb.vc_custom_1544721880881{margin-bottom: 0px !important;padding-bottom: 0px !important;}\u00a0\u00bb][vc_column_inner width=\u00a0\u00bb1\/2&Prime;][mk_fancy_title tag_name=\u00a0\u00bbh3&Prime; color=\u00a0\u00bb#221c1e\u00a0\u00bb size=\u00a0\u00bb35&Prime; font_weight=\u00a0\u00bb300&Prime; letter_spacing=\u00a0\u00bb-2&Prime; margin_top=\u00a0\u00bb40&Prime; margin_bottom=\u00a0\u00bb0&Prime; font_family=\u00a0\u00bbnone\u00a0\u00bb animation=\u00a0\u00bbbottom-to-top\u00a0\u00bb]Essayez maintenant My Ice Hockey Pro[\/mk_fancy_title][mk_divider style=\u00a0\u00bbthin_solid\u00a0\u00bb divider_width=\u00a0\u00bbcustom_width\u00a0\u00bb custom_width=\u00a0\u00bb30&Prime; align=\u00a0\u00bbleft\u00a0\u00bb thin_single_color=\u00a0\u00bb#e51718&Prime; thickness=\u00a0\u00bb3&Prime; margin_top=\u00a0\u00bb0&Prime;][mk_custom_list align=\u00a0\u00bbleft\u00a0\u00bb]\n<ul>\n<li>20 jours d\u00e9mo version compl\u00e8te<\/li>\n<li>Enti\u00e8rement gratuit<\/li>\n<li>Aucune obligation de quelque nature que ce soit<\/li>\n<\/ul>\n[\/mk_custom_list][mk_button dimension=\u00a0\u00bbflat\u00a0\u00bb corner_style=\u00a0\u00bbrounded\u00a0\u00bb size=\u00a0\u00bbmedium\u00a0\u00bb url=\u00a0\u00bb#demo-form\u00a0\u00bb target=\u00a0\u00bb_blank\u00a0\u00bb button_custom_width=\u00a0\u00bb140&Prime; margin_right=\u00a0\u00bb0&Prime;]Postulez maintenant[\/mk_button][\/vc_column_inner][vc_column_inner width=\u00a0\u00bb1\/2&Prime; css=\u00a0\u00bb.vc_custom_1544721865802{margin-bottom: 0px !important;padding-bottom: 0px !important;}\u00a0\u00bb][mk_padding_divider size=\u00a0\u00bb20&Prime;][mk_image src=\u00a0\u00bbhttps:\/\/myice.hockey\/wp-content\/uploads\/mih_screen-demoaccess.png\u00a0\u00bb image_size=\u00a0\u00bbfull\u00a0\u00bb align=\u00a0\u00bbcenter\u00a0\u00bb margin_bottom=\u00a0\u00bb0&Prime;][\/vc_column_inner][\/vc_row_inner][\/vc_column][\/mk_page_section][vc_row][vc_column][mk_padding_divider][\/vc_column][\/vc_row][mk_page_section bg_color=\u00a0\u00bb#f2f2f2&Prime; padding_top=\u00a0\u00bb30&Prime; padding_bottom=\u00a0\u00bb40&Prime; section_id=\u00a0\u00bbdemo-form\u00a0\u00bb sidebar=\u00a0\u00bbsidebar-1&Prime;][vc_column width=\u00a0\u00bb1\/3&Prime;][mk_fancy_title tag_name=\u00a0\u00bbh3&Prime; color=\u00a0\u00bb#221c1e\u00a0\u00bb size=\u00a0\u00bb35&Prime; font_weight=\u00a0\u00bb300&Prime; letter_spacing=\u00a0\u00bb-2&Prime; margin_top=\u00a0\u00bb40&Prime; margin_bottom=\u00a0\u00bb0&Prime; font_family=\u00a0\u00bbnone\u00a0\u00bb align=\u00a0\u00bbright\u00a0\u00bb animation=\u00a0\u00bbbottom-to-top\u00a0\u00bb]My Ice Hockey<br \/>\n<strong>D\u00e9mo version compl\u00e8te<\/strong> de l&rsquo;application[\/mk_fancy_title][\/vc_column][vc_column width=\u00a0\u00bb2\/3&Prime;][mk_padding_divider]\n<div class=\"wpcf7 no-js\" id=\"wpcf7-f5428-o1\" lang=\"fr-FR\" dir=\"ltr\">\n<div class=\"screen-reader-response\"><p role=\"status\" aria-live=\"polite\" aria-atomic=\"true\"><\/p> <ul><\/ul><\/div>\n<form action=\"\/fr\/wp-json\/wp\/v2\/pages\/4889#wpcf7-f5428-o1\" method=\"post\" class=\"wpcf7-form init wpcf7-acceptance-as-validation\" aria-label=\"Formulaire de contact\" novalidate=\"novalidate\" data-status=\"init\">\n<div style=\"display: none;\">\n<input type=\"hidden\" name=\"_wpcf7\" value=\"5428\" \/>\n<input type=\"hidden\" name=\"_wpcf7_version\" value=\"5.7.7\" \/>\n<input type=\"hidden\" name=\"_wpcf7_locale\" value=\"fr_FR\" \/>\n<input type=\"hidden\" name=\"_wpcf7_unit_tag\" value=\"wpcf7-f5428-o1\" \/>\n<input type=\"hidden\" name=\"_wpcf7_container_post\" value=\"0\" \/>\n<input type=\"hidden\" name=\"_wpcf7_posted_data_hash\" value=\"\" \/>\n<input type=\"hidden\" name=\"_wpcf7_recaptcha_response\" value=\"\" \/>\n<\/div>\n<div style=\"display:none\">\n\t<p><span class=\"wpcf7-form-control-wrap\" data-name=\"your-subject\"><input size=\"40\" class=\"wpcf7-form-control wpcf7-text\" aria-invalid=\"false\" value=\"MIH Pre subscription FR\" type=\"text\" name=\"your-subject\" \/><\/span>\n\t<\/p>\n<\/div>\n<div class=\"vc_row-full-width vc_clearfix\">\n\t<div class=\"mk-padding-wrapper wpb_row\">\n\t\t<div class=\"vc_col-sm-6 wpb_column column_container\">\n\t\t\t<p><label>Pr\u00e9nom*<br \/>\n<span class=\"wpcf7-form-control-wrap\" data-name=\"your-vorname\"><input size=\"40\" class=\"wpcf7-form-control wpcf7-text wpcf7-validates-as-required\" aria-required=\"true\" aria-invalid=\"false\" value=\"\" type=\"text\" name=\"your-vorname\" \/><\/span> <\/label>\n\t\t\t<\/p>\n\t\t<\/div>\n\t\t<div class=\"vc_col-sm-6 wpb_column column_container\">\n\t\t\t<p><label>Nom*<br \/>\n<span class=\"wpcf7-form-control-wrap\" data-name=\"your-nachname\"><input size=\"40\" class=\"wpcf7-form-control wpcf7-text wpcf7-validates-as-required\" aria-required=\"true\" aria-invalid=\"false\" value=\"\" type=\"text\" name=\"your-nachname\" \/><\/span> <\/label>\n\t\t\t<\/p>\n\t\t<\/div>\n\t<\/div>\n<\/div>\n<div class=\"vc_row-full-width vc_clearfix\">\n\t<div class=\"mk-padding-wrapper wpb_row\">\n\t\t<div class=\"vc_col-sm-6 wpb_column column_container\">\n\t\t\t<p><label> Email*<br \/>\n<span class=\"wpcf7-form-control-wrap\" data-name=\"your-email\"><input size=\"40\" class=\"wpcf7-form-control wpcf7-text wpcf7-email wpcf7-validates-as-required wpcf7-validates-as-email\" aria-required=\"true\" aria-invalid=\"false\" value=\"\" type=\"email\" name=\"your-email\" \/><\/span> <\/label>\n\t\t\t<\/p>\n\t\t<\/div>\n\t\t<div class=\"vc_col-sm-6 wpb_column column_container\">\n\t\t\t<p><label> N\u00famero de telefone<br \/>\n<span class=\"wpcf7-form-control-wrap\" data-name=\"your-phone\"><input size=\"40\" class=\"wpcf7-form-control wpcf7-text\" aria-invalid=\"false\" value=\"\" type=\"text\" name=\"your-phone\" \/><\/span> <\/label>\n\t\t\t<\/p>\n\t\t<\/div>\n\t<\/div>\n<\/div>\n<div class=\"vc_row-full-width vc_clearfix\">\n\t<div class=\"mk-padding-wrapper wpb_row\">\n\t\t<div class=\"vc_col-sm-6 wpb_column column_container\">\n\t\t\t<p><label> Club*<br \/>\n<span class=\"wpcf7-form-control-wrap\" data-name=\"your-club\"><input size=\"40\" class=\"wpcf7-form-control wpcf7-text\" aria-invalid=\"false\" value=\"\" type=\"text\" name=\"your-club\" \/><\/span><\/label>\n\t\t\t<\/p>\n\t\t<\/div>\n\t\t<div class=\"vc_col-sm-6 wpb_column column_container\">\n\t\t\t<p><label> Groupe d'\u00e2ge* <small>(s\u00e9par\u00e9s par des virgules)<\/small><br \/>\n<span class=\"wpcf7-form-control-wrap\" data-name=\"your-agegroup\"><input size=\"40\" class=\"wpcf7-form-control wpcf7-text wpcf7-validates-as-required\" aria-required=\"true\" aria-invalid=\"false\" value=\"\" type=\"text\" name=\"your-agegroup\" \/><\/span><\/label>\n\t\t\t<\/p>\n\t\t<\/div>\n\t<\/div>\n<\/div>\n<div class=\"vc_row-full-width vc_clearfix\">\n\t<div class=\"mk-padding-wrapper wpb_row\">\n\t\t<div class=\"vc_col-sm-12 wpb_column column_container\">\n\t\t\t<p><span class=\"wpcf7-form-control-wrap\" data-name=\"your-acceptance\"><span class=\"wpcf7-form-control wpcf7-acceptance\"><span class=\"wpcf7-list-item\"><label><input type=\"checkbox\" name=\"your-acceptance\" value=\"1\" aria-invalid=\"false\" \/><span class=\"wpcf7-list-item-label\">Je suis d'accord avec la politique de <a href=\"https:\/\/myice.hockey\/fr\/declaration-de-confidentialite\/\">\n  D\u00e9claration de confidentialit\u00e9<\/a>.<\/span><\/label><\/span><\/span><\/span>\n\t\t\t<\/p>\n\t\t\t<div class=\"clear\">\n\t\t\t<\/div>\n\t\t\n\t\t\t<div class=\"clear\">\n\t\t\t<\/div>\n\t\t\t<p><input class=\"wpcf7-form-control has-spinner wpcf7-submit\" type=\"submit\" value=\"Envoyer\" \/>\n\t\t\t<\/p>\n\t\t<\/div>\n\t<\/div>\n<\/div><div class=\"wpcf7-response-output\" aria-hidden=\"true\"><\/div>\n<\/form>\n<\/div>\n[\/vc_column][\/mk_page_section][vc_row][vc_column][vc_raw_js]JTNDc2NyaXB0JTIwdHlwZSUzRCUyMnRleHQlMkZqYXZhc2NyaXB0JTIyJTNFJTBBZG9jdW1lbnQuYWRkRXZlbnRMaXN0ZW5lciUyOCUyMCUyN3dwY2Y3bWFpbHNlbnQlMjclMkMlMjBmdW5jdGlvbiUyOCUyMGV2ZW50JTIwJTI5JTIwJTdCJTBBJTIwJTIwJTIwJTIwd2luZG93LmRhdGFMYXllci5wdXNoJTI4JTdCJTBBJTA5JTIwJTI3ZXZlbnQlMjclM0ElMjAlMjdkZW1vJTI3JTJDJTBBJTA5JTIwJTI3Zm9ybUxvY2F0aW9uJTI3JTNBJTIwJTI3ZGVtb2FjY2VzcyUyNyUwQSUwOSU3RCUyOSUzQiUwQSU3RCUyQyUyMGZhbHNlJTIwJTI5JTNCJTBBJTNDJTJGc2NyaXB0JTNF[\/vc_raw_js][\/vc_column][\/vc_row]\n","protected":false},"excerpt":{"rendered":"<p>[mk_page_section padding_top=\u00a0\u00bb40&Prime; padding_bottom=\u00a0\u00bb0&Prime; sidebar=\u00a0\u00bbsidebar-1&Prime;][vc_column][mk_fancy_title color=\u00a0\u00bb#221c1e\u00a0\u00bb size=\u00a0\u00bb45&Prime; font_weight=\u00a0\u00bb300&Prime; letter_spacing=\u00a0\u00bb-2&Prime; margin_top=\u00a0\u00bb40&Prime; margin_bottom=\u00a0\u00bb0&Prime; font_family=\u00a0\u00bbnone\u00a0\u00bb align=\u00a0\u00bbcenter\u00a0\u00bb animation=\u00a0\u00bbbottom-to-top\u00a0\u00bb]D\u00e9mo version compl\u00e8te[\/mk_fancy_title][mk_image src=\u00a0\u00bbhttps:\/\/myice.hockey\/wp-content\/uploads\/line.png\u00a0\u00bb align=\u00a0\u00bbcenter\u00a0\u00bb margin_bottom=\u00a0\u00bb17&Prime; animation=\u00a0\u00bbbottom-to-top\u00a0\u00bb crop=\u00a0\u00bbfalse\u00a0\u00bb][vc_row_inner css=\u00a0\u00bb.vc_custom_1544721880881{margin-bottom: 0px !important;padding-bottom: 0px !important;}\u00a0\u00bb][vc_column_inner width=\u00a0\u00bb1\/2&Prime;][mk_fancy_title tag_name=\u00a0\u00bbh3&Prime; color=\u00a0\u00bb#221c1e\u00a0\u00bb size=\u00a0\u00bb35&Prime; font_weight=\u00a0\u00bb300&Prime; letter_spacing=\u00a0\u00bb-2&Prime; margin_top=\u00a0\u00bb40&Prime; margin_bottom=\u00a0\u00bb0&Prime; font_family=\u00a0\u00bbnone\u00a0\u00bb animation=\u00a0\u00bbbottom-to-top\u00a0\u00bb]Essayez maintenant My Ice Hockey Pro[\/mk_fancy_title][mk_divider style=\u00a0\u00bbthin_solid\u00a0\u00bb divider_width=\u00a0\u00bbcustom_width\u00a0\u00bb custom_width=\u00a0\u00bb30&Prime; align=\u00a0\u00bbleft\u00a0\u00bb thin_single_color=\u00a0\u00bb#e51718&Prime; thickness=\u00a0\u00bb3&Prime; margin_top=\u00a0\u00bb0&Prime;][mk_custom_list align=\u00a0\u00bbleft\u00a0\u00bb] 20 jours d\u00e9mo version compl\u00e8te Enti\u00e8rement gratuit [&hellip;]<\/p>\n","protected":false},"author":1,"featured_media":0,"parent":0,"menu_order":0,"comment_status":"closed","ping_status":"closed","template":"","meta":{"_exactmetrics_skip_tracking":false,"_exactmetrics_sitenote_active":false,"_exactmetrics_sitenote_note":"","_exactmetrics_sitenote_category":0},"yoast_head":"<!-- This site is optimized with the Yoast SEO plugin v20.10 - https:\/\/yoast.com\/wordpress\/plugins\/seo\/ -->\n<title>Acc\u00e8s d\u00e9mo - My Ice Hockey<\/title>\n<meta name=\"robots\" content=\"index, follow, max-snippet:-1, max-image-preview:large, max-video-preview:-1\" \/>\n<link rel=\"canonical\" href=\"https:\/\/myice.hockey\/fr\/demo-access\/\" \/>\n<meta property=\"og:locale\" content=\"fr_FR\" \/>\n<meta property=\"og:type\" content=\"article\" \/>\n<meta property=\"og:title\" content=\"Acc\u00e8s d\u00e9mo - My Ice Hockey\" \/>\n<meta property=\"og:description\" content=\"[mk_page_section padding_top=\u00a0\u00bb40&Prime; padding_bottom=\u00a0\u00bb0&Prime; sidebar=\u00a0\u00bbsidebar-1&Prime;][vc_column][mk_fancy_title color=\u00a0\u00bb#221c1e\u00a0\u00bb size=\u00a0\u00bb45&Prime; font_weight=\u00a0\u00bb300&Prime; letter_spacing=\u00a0\u00bb-2&Prime; margin_top=\u00a0\u00bb40&Prime; margin_bottom=\u00a0\u00bb0&Prime; font_family=\u00a0\u00bbnone\u00a0\u00bb align=\u00a0\u00bbcenter\u00a0\u00bb animation=\u00a0\u00bbbottom-to-top\u00a0\u00bb]D\u00e9mo version compl\u00e8te[\/mk_fancy_title][mk_image src=\u00a0\u00bbhttps:\/\/myice.hockey\/wp-content\/uploads\/line.png\u00a0\u00bb align=\u00a0\u00bbcenter\u00a0\u00bb margin_bottom=\u00a0\u00bb17&Prime; animation=\u00a0\u00bbbottom-to-top\u00a0\u00bb crop=\u00a0\u00bbfalse\u00a0\u00bb][vc_row_inner css=\u00a0\u00bb.vc_custom_1544721880881{margin-bottom: 0px !important;padding-bottom: 0px !important;}\u00a0\u00bb][vc_column_inner width=\u00a0\u00bb1\/2&Prime;][mk_fancy_title tag_name=\u00a0\u00bbh3&Prime; color=\u00a0\u00bb#221c1e\u00a0\u00bb size=\u00a0\u00bb35&Prime; font_weight=\u00a0\u00bb300&Prime; letter_spacing=\u00a0\u00bb-2&Prime; margin_top=\u00a0\u00bb40&Prime; margin_bottom=\u00a0\u00bb0&Prime; font_family=\u00a0\u00bbnone\u00a0\u00bb animation=\u00a0\u00bbbottom-to-top\u00a0\u00bb]Essayez maintenant My Ice Hockey Pro[\/mk_fancy_title][mk_divider style=\u00a0\u00bbthin_solid\u00a0\u00bb divider_width=\u00a0\u00bbcustom_width\u00a0\u00bb custom_width=\u00a0\u00bb30&Prime; align=\u00a0\u00bbleft\u00a0\u00bb thin_single_color=\u00a0\u00bb#e51718&Prime; thickness=\u00a0\u00bb3&Prime; margin_top=\u00a0\u00bb0&Prime;][mk_custom_list align=\u00a0\u00bbleft\u00a0\u00bb] 20 jours d\u00e9mo version compl\u00e8te Enti\u00e8rement gratuit [&hellip;]\" \/>\n<meta property=\"og:url\" content=\"https:\/\/myice.hockey\/fr\/demo-access\/\" \/>\n<meta property=\"og:site_name\" content=\"My Ice Hockey\" \/>\n<meta property=\"article:publisher\" content=\"https:\/\/www.facebook.com\/MyIceHockey\/\" \/>\n<meta property=\"article:modified_time\" content=\"2019-08-19T15:22:18+00:00\" \/>\n<meta name=\"twitter:card\" content=\"summary_large_image\" \/>\n<meta name=\"twitter:site\" content=\"@myicehockey\" \/>\n<meta name=\"twitter:label1\" content=\"Dur\u00e9e de lecture estim\u00e9e\" \/>\n\t<meta name=\"twitter:data1\" content=\"2 minutes\" \/>\n<script type=\"application\/ld+json\" class=\"yoast-schema-graph\">{\"@context\":\"https:\/\/schema.org\",\"@graph\":[{\"@type\":\"WebPage\",\"@id\":\"https:\/\/myice.hockey\/fr\/demo-access\/\",\"url\":\"https:\/\/myice.hockey\/fr\/demo-access\/\",\"name\":\"Acc\u00e8s d\u00e9mo - My Ice Hockey\",\"isPartOf\":{\"@id\":\"https:\/\/myice.hockey\/fr\/#website\"},\"datePublished\":\"2019-01-02T17:23:31+00:00\",\"dateModified\":\"2019-08-19T15:22:18+00:00\",\"breadcrumb\":{\"@id\":\"https:\/\/myice.hockey\/fr\/demo-access\/#breadcrumb\"},\"inLanguage\":\"fr-FR\",\"potentialAction\":[{\"@type\":\"ReadAction\",\"target\":[\"https:\/\/myice.hockey\/fr\/demo-access\/\"]}]},{\"@type\":\"BreadcrumbList\",\"@id\":\"https:\/\/myice.hockey\/fr\/demo-access\/#breadcrumb\",\"itemListElement\":[{\"@type\":\"ListItem\",\"position\":1,\"name\":\"Home\",\"item\":\"https:\/\/myice.hockey\/fr\/\"},{\"@type\":\"ListItem\",\"position\":2,\"name\":\"Acc\u00e8s d\u00e9mo\"}]},{\"@type\":\"WebSite\",\"@id\":\"https:\/\/myice.hockey\/fr\/#website\",\"url\":\"https:\/\/myice.hockey\/fr\/\",\"name\":\"My Ice Hockey\",\"description\":\"My Ice Hockey - From Coach to Coach\",\"publisher\":{\"@id\":\"https:\/\/myice.hockey\/fr\/#organization\"},\"potentialAction\":[{\"@type\":\"SearchAction\",\"target\":{\"@type\":\"EntryPoint\",\"urlTemplate\":\"https:\/\/myice.hockey\/fr\/?s={search_term_string}\"},\"query-input\":\"required name=search_term_string\"}],\"inLanguage\":\"fr-FR\"},{\"@type\":\"Organization\",\"@id\":\"https:\/\/myice.hockey\/fr\/#organization\",\"name\":\"myice hockey\",\"url\":\"https:\/\/myice.hockey\/fr\/\",\"logo\":{\"@type\":\"ImageObject\",\"inLanguage\":\"fr-FR\",\"@id\":\"https:\/\/myice.hockey\/fr\/#\/schema\/logo\/image\/\",\"url\":\"https:\/\/myice.hockey\/wp-content\/uploads\/logo-header.png\",\"contentUrl\":\"https:\/\/myice.hockey\/wp-content\/uploads\/logo-header.png\",\"width\":440,\"height\":508,\"caption\":\"myice hockey\"},\"image\":{\"@id\":\"https:\/\/myice.hockey\/fr\/#\/schema\/logo\/image\/\"},\"sameAs\":[\"https:\/\/www.facebook.com\/MyIceHockey\/\",\"https:\/\/twitter.com\/myicehockey\",\"https:\/\/www.instagram.com\/myicehockey\/\",\"https:\/\/www.youtube.com\/channel\/UC46lQwPzfjtjxZ20LjcgiNA\/featured\"]}]}<\/script>\n<!-- \/ Yoast SEO plugin. -->","yoast_head_json":{"title":"Acc\u00e8s d\u00e9mo - My Ice Hockey","robots":{"index":"index","follow":"follow","max-snippet":"max-snippet:-1","max-image-preview":"max-image-preview:large","max-video-preview":"max-video-preview:-1"},"canonical":"https:\/\/myice.hockey\/fr\/demo-access\/","og_locale":"fr_FR","og_type":"article","og_title":"Acc\u00e8s d\u00e9mo - My Ice Hockey","og_description":"[mk_page_section padding_top=\u00a0\u00bb40&Prime; padding_bottom=\u00a0\u00bb0&Prime; sidebar=\u00a0\u00bbsidebar-1&Prime;][vc_column][mk_fancy_title color=\u00a0\u00bb#221c1e\u00a0\u00bb size=\u00a0\u00bb45&Prime; font_weight=\u00a0\u00bb300&Prime; letter_spacing=\u00a0\u00bb-2&Prime; margin_top=\u00a0\u00bb40&Prime; margin_bottom=\u00a0\u00bb0&Prime; font_family=\u00a0\u00bbnone\u00a0\u00bb align=\u00a0\u00bbcenter\u00a0\u00bb animation=\u00a0\u00bbbottom-to-top\u00a0\u00bb]D\u00e9mo version compl\u00e8te[\/mk_fancy_title][mk_image src=\u00a0\u00bbhttps:\/\/myice.hockey\/wp-content\/uploads\/line.png\u00a0\u00bb align=\u00a0\u00bbcenter\u00a0\u00bb margin_bottom=\u00a0\u00bb17&Prime; animation=\u00a0\u00bbbottom-to-top\u00a0\u00bb crop=\u00a0\u00bbfalse\u00a0\u00bb][vc_row_inner css=\u00a0\u00bb.vc_custom_1544721880881{margin-bottom: 0px !important;padding-bottom: 0px !important;}\u00a0\u00bb][vc_column_inner width=\u00a0\u00bb1\/2&Prime;][mk_fancy_title tag_name=\u00a0\u00bbh3&Prime; color=\u00a0\u00bb#221c1e\u00a0\u00bb size=\u00a0\u00bb35&Prime; font_weight=\u00a0\u00bb300&Prime; letter_spacing=\u00a0\u00bb-2&Prime; margin_top=\u00a0\u00bb40&Prime; margin_bottom=\u00a0\u00bb0&Prime; font_family=\u00a0\u00bbnone\u00a0\u00bb animation=\u00a0\u00bbbottom-to-top\u00a0\u00bb]Essayez maintenant My Ice Hockey Pro[\/mk_fancy_title][mk_divider style=\u00a0\u00bbthin_solid\u00a0\u00bb divider_width=\u00a0\u00bbcustom_width\u00a0\u00bb custom_width=\u00a0\u00bb30&Prime; align=\u00a0\u00bbleft\u00a0\u00bb thin_single_color=\u00a0\u00bb#e51718&Prime; thickness=\u00a0\u00bb3&Prime; margin_top=\u00a0\u00bb0&Prime;][mk_custom_list align=\u00a0\u00bbleft\u00a0\u00bb] 20 jours d\u00e9mo version compl\u00e8te Enti\u00e8rement gratuit [&hellip;]","og_url":"https:\/\/myice.hockey\/fr\/demo-access\/","og_site_name":"My Ice Hockey","article_publisher":"https:\/\/www.facebook.com\/MyIceHockey\/","article_modified_time":"2019-08-19T15:22:18+00:00","twitter_card":"summary_large_image","twitter_site":"@myicehockey","twitter_misc":{"Dur\u00e9e de lecture estim\u00e9e":"2 minutes"},"schema":{"@context":"https:\/\/schema.org","@graph":[{"@type":"WebPage","@id":"https:\/\/myice.hockey\/fr\/demo-access\/","url":"https:\/\/myice.hockey\/fr\/demo-access\/","name":"Acc\u00e8s d\u00e9mo - My Ice Hockey","isPartOf":{"@id":"https:\/\/myice.hockey\/fr\/#website"},"datePublished":"2019-01-02T17:23:31+00:00","dateModified":"2019-08-19T15:22:18+00:00","breadcrumb":{"@id":"https:\/\/myice.hockey\/fr\/demo-access\/#breadcrumb"},"inLanguage":"fr-FR","potentialAction":[{"@type":"ReadAction","target":["https:\/\/myice.hockey\/fr\/demo-access\/"]}]},{"@type":"BreadcrumbList","@id":"https:\/\/myice.hockey\/fr\/demo-access\/#breadcrumb","itemListElement":[{"@type":"ListItem","position":1,"name":"Home","item":"https:\/\/myice.hockey\/fr\/"},{"@type":"ListItem","position":2,"name":"Acc\u00e8s d\u00e9mo"}]},{"@type":"WebSite","@id":"https:\/\/myice.hockey\/fr\/#website","url":"https:\/\/myice.hockey\/fr\/","name":"My Ice Hockey","description":"My Ice Hockey - From Coach to Coach","publisher":{"@id":"https:\/\/myice.hockey\/fr\/#organization"},"potentialAction":[{"@type":"SearchAction","target":{"@type":"EntryPoint","urlTemplate":"https:\/\/myice.hockey\/fr\/?s={search_term_string}"},"query-input":"required name=search_term_string"}],"inLanguage":"fr-FR"},{"@type":"Organization","@id":"https:\/\/myice.hockey\/fr\/#organization","name":"myice hockey","url":"https:\/\/myice.hockey\/fr\/","logo":{"@type":"ImageObject","inLanguage":"fr-FR","@id":"https:\/\/myice.hockey\/fr\/#\/schema\/logo\/image\/","url":"https:\/\/myice.hockey\/wp-content\/uploads\/logo-header.png","contentUrl":"https:\/\/myice.hockey\/wp-content\/uploads\/logo-header.png","width":440,"height":508,"caption":"myice hockey"},"image":{"@id":"https:\/\/myice.hockey\/fr\/#\/schema\/logo\/image\/"},"sameAs":["https:\/\/www.facebook.com\/MyIceHockey\/","https:\/\/twitter.com\/myicehockey","https:\/\/www.instagram.com\/myicehockey\/","https:\/\/www.youtube.com\/channel\/UC46lQwPzfjtjxZ20LjcgiNA\/featured"]}]}},"_links":{"self":[{"href":"https:\/\/myice.hockey\/fr\/wp-json\/wp\/v2\/pages\/4889"}],"collection":[{"href":"https:\/\/myice.hockey\/fr\/wp-json\/wp\/v2\/pages"}],"about":[{"href":"https:\/\/myice.hockey\/fr\/wp-json\/wp\/v2\/types\/page"}],"author":[{"embeddable":true,"href":"https:\/\/myice.hockey\/fr\/wp-json\/wp\/v2\/users\/1"}],"replies":[{"embeddable":true,"href":"https:\/\/myice.hockey\/fr\/wp-json\/wp\/v2\/comments?post=4889"}],"version-history":[{"count":4,"href":"https:\/\/myice.hockey\/fr\/wp-json\/wp\/v2\/pages\/4889\/revisions"}],"predecessor-version":[{"id":5434,"href":"https:\/\/myice.hockey\/fr\/wp-json\/wp\/v2\/pages\/4889\/revisions\/5434"}],"wp:attachment":[{"href":"https:\/\/myice.hockey\/fr\/wp-json\/wp\/v2\/media?parent=4889"}],"curies":[{"name":"wp","href":"https:\/\/api.w.org\/{rel}","templated":true}]}}