{"id":4876,"date":"2016-01-27T10:40:12","date_gmt":"2016-01-27T10:40:12","guid":{"rendered":"https:\/\/myice.hockey\/?page_id=4876\/"},"modified":"2022-05-28T05:51:40","modified_gmt":"2022-05-28T05:51:40","slug":"conditions-dutilisation","status":"publish","type":"page","link":"https:\/\/myice.hockey\/fr\/conditions-dutilisation\/","title":{"rendered":"Conditions d&rsquo;utilisation"},"content":{"rendered":"[vc_row][vc_column][vc_empty_space][vc_column_text css=\u00a0\u00bb.vc_custom_1653717094694{margin-bottom: 0px !important;}\u00a0\u00bb]\n<h1>Conditions d&rsquo;Utilisation de My Ice Hockey<\/h1>\n<p>Remarque: <a href=\"https:\/\/myice.hockey\/nutzungsbedingungen\/\" target=\"_blank\" rel=\"noopener\">Il s&rsquo;agit d&rsquo;une traduction automatique de nos <em>conditions d&rsquo;utilisation<\/em> originales en allemand. En cas d&rsquo;incertitude concernant la traduction, la version allemande s&rsquo;applique.<\/a><\/p>\n<p>&nbsp;<\/p>\n<p><b>1. Champ d&rsquo;application des conditions d&rsquo;utilisation<\/b><\/p>\n<p class=\"p2\">Ces conditions d&rsquo;utilisation s&rsquo;appliquent \u00e0 la plate-forme My Ice Hockey (ci-apr\u00e8s la <b>plate-forme<\/b>), exploit\u00e9e par Force8 SA, Seefeldstrasse 233, CH-8008 Zurich (l&rsquo;<b>exploitant<\/b>).<\/p>\n<p class=\"p2\">My Ice Hockey est un syst\u00e8me de gestion des athl\u00e8tes et des \u00e9quipes qui permet aux clubs, aux f\u00e9d\u00e9rations, aux institutions, aux organisations ou aux individus de num\u00e9riser des programmes d&rsquo;entra\u00eenement (avec les exercices correspondants d\u00e9pos\u00e9s et t\u00e9l\u00e9charg\u00e9s par eux-m\u00eames), de saisir et de pr\u00e9senter clairement toutes les donn\u00e9es pertinentes telles que les statistiques, les \u00e9valuations, les tests et les enqu\u00eates. Une planification des entra\u00eenements et des comp\u00e9titions est \u00e9galement possible. La plateforme peut \u00e9galement traiter les donn\u00e9es m\u00e9dicales des athl\u00e8tes, telles que les allergies, les certificats m\u00e9dicaux et les op\u00e9rations.<\/p>\n<p><b>2. Utilisation de la plate-forme<\/b><\/p>\n<p class=\"p2\">L&rsquo;utilisation de la plate-forme implique l&rsquo;acceptation des pr\u00e9sentes conditions d&rsquo;utilisation lors de la premi\u00e8re connexion en tant qu&rsquo;utilisateur. Le compte d&rsquo;utilisateur se compose notamment d&rsquo;un nom d&rsquo;utilisateur (adresse e-mail) et d&rsquo;un mot de passe (donn\u00e9es de connexion). L&rsquo;utilisateur est tenu de garder ses donn\u00e9es de connexion secr\u00e8tes \u00e0 tout moment et de ne pas les communiquer \u00e0 des tiers. Le partage ou l&rsquo;utilisation commune des donn\u00e9es de connexion avec d&rsquo;autres utilisateurs est interdite.<\/p>\n<p class=\"p2\">L&rsquo;utilisateur garantit que les donn\u00e9es utilis\u00e9es lors de la cr\u00e9ation de son compte utilisateur sont exactes et compl\u00e8tes. L&rsquo;utilisation de pseudonymes n&rsquo;est pas autoris\u00e9e.<\/p>\n<p class=\"p2\">Lors de toute communication de l&rsquo;utilisateur avec d&rsquo;autres utilisateurs, les \u00e9ventuelles relations contractuelles naissent exclusivement entre les utilisateurs concern\u00e9s. L&rsquo;exploitant n&rsquo;est pas un repr\u00e9sentant et ne devient pas lui-m\u00eame partie au contrat.<\/p>\n<p class=\"p2\">L&rsquo;exploitant est en droit de bloquer \u00e0 tout moment l&rsquo;acc\u00e8s \u00e0 certains contenus ou comptes d&rsquo;utilisateurs, par exemple s&rsquo;il soup\u00e7onne que ceux-ci enfreignent le droit en vigueur ou les droits de tiers. En outre, l&rsquo;exploitant est libre de restreindre l&rsquo;acc\u00e8s \u00e0 la plate-forme en tout ou partie, temporairement ou durablement, en raison de travaux de maintenance, de probl\u00e8mes de capacit\u00e9 ou d&rsquo;autres \u00e9v\u00e9nements qui ne rel\u00e8vent pas de sa comp\u00e9tence. L&rsquo;utilisateur n&rsquo;a aucun droit au maintien de certaines fonctionnalit\u00e9s ou de la plate-forme dans son ensemble.<\/p>\n<p><b>3. Devoir de coop\u00e9ration de l&rsquo;utilisateur<\/b><\/p>\n<p class=\"p2\">L&rsquo;utilisateur s&rsquo;engage \u00e0 respecter le droit en vigueur (par ex. le droit p\u00e9nal, le droit de la concurrence et le droit de la protection de la jeunesse) lors de la cr\u00e9ation et de l&rsquo;utilisation de ses propres contenus et \u00e0 ne pas violer les droits de tiers (par ex. les droits de nom, de marque, d&rsquo;auteur et de protection des donn\u00e9es).<span class=\"Apple-converted-space\">\u00a0 <\/span>Les contenus prot\u00e9g\u00e9s par des droits d&rsquo;auteur ne peuvent \u00eatre repris sans l&rsquo;accord du titulaire des droits respectifs que dans le cadre du droit de citation applicable.<\/p>\n<p class=\"p2\">Il est notamment interdit de diffuser des contenus qui repr\u00e9sentent, concernent ou impliquent les \u00e9l\u00e9ments suivants :<\/p>\n<ul class=\"ul1\">\n<li class=\"li3\">Racisme<\/li>\n<li class=\"li3\">la glorification de la violence et l&rsquo;extr\u00e9misme de quelque nature que ce soit<\/li>\n<li class=\"li3\">Appels et incitations \u00e0 commettre des infractions et des violations de la loi, menaces contre la vie, l&rsquo;int\u00e9grit\u00e9 corporelle ou la propri\u00e9t\u00e9<\/li>\n<li class=\"li3\">Haine contre des personnes ou des entreprises<\/li>\n<li class=\"li3\">propos portant atteinte \u00e0 la personnalit\u00e9, diffamation, atteinte \u00e0 l&rsquo;honneur et calomnie d&rsquo;utilisateurs et de tiers ainsi qu&rsquo;infractions au droit de la concurrence d\u00e9loyale<\/li>\n<li class=\"li3\">les contenus portant atteinte aux droits d&rsquo;auteur ou autres violations des droits de propri\u00e9t\u00e9 intellectuelle<\/li>\n<li class=\"li3\">le harc\u00e8lement sexuel des utilisateurs et des tiers<\/li>\n<li class=\"li3\">Pornographie<\/li>\n<li class=\"li3\">mat\u00e9riel et expressions choquants, sexistes, obsc\u00e8nes, vulgaires, odieux ou d\u00e9go\u00fbtants<\/li>\n<\/ul>\n<p class=\"p2\">L&rsquo;utilisateur ne peut pas faire de publicit\u00e9 pour lui-m\u00eame ou pour des tiers sur le portail sans l&rsquo;autorisation expresse de l&rsquo;exploitant. Cela signifie en particulier que l&rsquo;utilisateur ne doit pas utiliser de messages \u00e0 contenu publicitaire sans l&rsquo;accord de l&rsquo;exploitant et du destinataire (en particulier pas de messages de spam).<\/p>\n<p><b>4. Droits d&rsquo;utilisation<\/b><\/p>\n<p class=\"p2\">L&rsquo;utilisateur accorde \u00e0 l&rsquo;exploitant un droit illimit\u00e9 dans l&rsquo;espace et dans le temps, irr\u00e9vocablement transmissible \u00e0 des tiers, non exclusif et gratuit, d&rsquo;exploiter les contenus mis en ligne sur la plate-forme. Les donn\u00e9es personnelles sont exclues de l&rsquo;exploitation. Si des contenus contenant des donn\u00e9es personnelles devaient \u00eatre exploit\u00e9s, de tels contenus seraient rendus anonymes. L&rsquo;exploitant est en droit d&rsquo;utiliser, de traiter et d&rsquo;exploiter les contenus \u00e0 tout moment. Cela inclut notamment le droit de reproduction, le droit de diffusion et le droit de communication au public, en particulier le droit de mise \u00e0 disposition du public. L&rsquo;utilisateur renonce au droit de citer l&rsquo;auteur. Cette r\u00e9glementation n&rsquo;affecte pas la possibilit\u00e9 pour l&rsquo;utilisateur d&rsquo;accorder \u00e0 des tiers des droits sur les contenus mis en ligne selon certains mod\u00e8les de licence.<\/p>\n<p><b>5. Clause de non-responsabilit\u00e9<\/b><\/p>\n<p class=\"p2\">La responsabilit\u00e9 de l&rsquo;exploitant est exclue pour tous les dommages directs et indirects, les dommages directs et indirects et les dommages cons\u00e9cutifs (y compris le manque \u00e0 gagner) r\u00e9sultant de ou li\u00e9s \u00e0 l&rsquo;exploitation de la plate-forme. Est notamment exclue la responsabilit\u00e9 de l&rsquo;exploitant pour tout dommage :<\/p>\n<ul class=\"ul1\">\n<li class=\"li3\">\u00e0 la suite de perturbations des r\u00e9seaux de communication, telles que des erreurs de transmission, des d\u00e9fauts techniques de l&rsquo;infrastructure de r\u00e9seau, des perturbations de l&rsquo;Internet, des interventions ill\u00e9gales sur les r\u00e9seaux de communication ou des surcharges des r\u00e9seaux de communication ;<\/li>\n<li class=\"li3\">\u00e0 la suite de perturbations ou d&rsquo;interruptions sur le terminal (ordinateur ou smartphone) de l&rsquo;utilisateur ;<\/li>\n<li class=\"li3\">\u00e0 la suite d&rsquo;un dysfonctionnement ou d&rsquo;une interruption de la plate-forme ou de l&rsquo;indisponibilit\u00e9 de la plate-forme ;<\/li>\n<li class=\"li3\">\u00e0 la suite de virus informatiques ou d&rsquo;autres logiciels malveillants ; et<\/li>\n<li class=\"li3\">\u00e0 la suite d&rsquo;\u00e9v\u00e9nements de force majeure ou hors du contr\u00f4le de l&rsquo;exploitant ou d&rsquo;une utilisation inappropri\u00e9e de la plate-forme.<\/li>\n<\/ul>\n<p class=\"p2\">L&rsquo;exclusion de responsabilit\u00e9 de ce paragraphe :<\/p>\n<ul class=\"ul1\">\n<li class=\"li3\">comprend \u00e9galement les actes et omissions des collaborateurs, repr\u00e9sentants et autres auxiliaires de l&rsquo;exploitant (responsabilit\u00e9 des auxiliaires, art. 101 CO, et responsabilit\u00e9 de l&#8217;employeur, art. 55 CO) ; et<\/li>\n<li class=\"li3\">s&rsquo;applique \u00e0 toutes les r\u00e9clamations potentielles de l&rsquo;utilisateur \u00e0 l&rsquo;encontre de l&rsquo;exploitant, quelle que soit leur base juridique ; et<\/li>\n<li class=\"li3\">ne s&rsquo;applique que dans la mesure o\u00f9 la loi autorise l&rsquo;exclusion de la responsabilit\u00e9.<\/li>\n<\/ul>\n<p><b>6. Droit applicable et juridiction comp\u00e9tente<\/b><\/p>\n<p class=\"p2\">Le droit suisse s&rsquo;applique \u00e0 tous les litiges d\u00e9coulant de ou li\u00e9s \u00e0 la plate-forme et \u00e0 son utilisation.<\/p>\n<p class=\"p2\">Le lieu de juridiction exclusif est Zurich, canton de Zurich, Suisse.<\/p>\n[\/vc_column_text][vc_empty_space][\/vc_column][\/vc_row]\n","protected":false},"excerpt":{"rendered":"<p>[vc_row][vc_column][vc_empty_space][vc_column_text css=\u00a0\u00bb.vc_custom_1653717094694{margin-bottom: 0px !important;}\u00a0\u00bb] Conditions d&rsquo;Utilisation de My Ice Hockey Remarque: Il s&rsquo;agit d&rsquo;une traduction automatique de nos conditions d&rsquo;utilisation originales en allemand. En cas d&rsquo;incertitude concernant la traduction, la version allemande s&rsquo;applique. &nbsp; 1. Champ d&rsquo;application des conditions d&rsquo;utilisation Ces conditions d&rsquo;utilisation s&rsquo;appliquent \u00e0 la plate-forme My Ice Hockey (ci-apr\u00e8s la plate-forme), exploit\u00e9e par [&hellip;]<\/p>\n","protected":false},"author":1,"featured_media":0,"parent":0,"menu_order":0,"comment_status":"closed","ping_status":"closed","template":"","meta":{"_exactmetrics_skip_tracking":false,"_exactmetrics_sitenote_active":false,"_exactmetrics_sitenote_note":"","_exactmetrics_sitenote_category":0},"yoast_head":"<!-- This site is optimized with the Yoast SEO plugin v20.10 - https:\/\/yoast.com\/wordpress\/plugins\/seo\/ -->\n<title>Conditions d&#039;utilisation - My Ice Hockey<\/title>\n<meta name=\"robots\" content=\"index, follow, max-snippet:-1, max-image-preview:large, max-video-preview:-1\" \/>\n<link rel=\"canonical\" href=\"https:\/\/myice.hockey\/fr\/conditions-dutilisation\/\" \/>\n<meta property=\"og:locale\" content=\"fr_FR\" \/>\n<meta property=\"og:type\" content=\"article\" \/>\n<meta property=\"og:title\" content=\"Conditions d&#039;utilisation - My Ice Hockey\" \/>\n<meta property=\"og:description\" content=\"[vc_row][vc_column][vc_empty_space][vc_column_text css=\u00a0\u00bb.vc_custom_1653717094694{margin-bottom: 0px !important;}\u00a0\u00bb] Conditions d&rsquo;Utilisation de My Ice Hockey Remarque: Il s&rsquo;agit d&rsquo;une traduction automatique de nos conditions d&rsquo;utilisation originales en allemand. En cas d&rsquo;incertitude concernant la traduction, la version allemande s&rsquo;applique. &nbsp; 1. Champ d&rsquo;application des conditions d&rsquo;utilisation Ces conditions d&rsquo;utilisation s&rsquo;appliquent \u00e0 la plate-forme My Ice Hockey (ci-apr\u00e8s la plate-forme), exploit\u00e9e par [&hellip;]\" \/>\n<meta property=\"og:url\" content=\"https:\/\/myice.hockey\/fr\/conditions-dutilisation\/\" \/>\n<meta property=\"og:site_name\" content=\"My Ice Hockey\" \/>\n<meta property=\"article:publisher\" content=\"https:\/\/www.facebook.com\/MyIceHockey\/\" \/>\n<meta property=\"article:modified_time\" content=\"2022-05-28T05:51:40+00:00\" \/>\n<meta name=\"twitter:card\" content=\"summary_large_image\" \/>\n<meta name=\"twitter:site\" content=\"@myicehockey\" \/>\n<meta name=\"twitter:label1\" content=\"Dur\u00e9e de lecture estim\u00e9e\" \/>\n\t<meta name=\"twitter:data1\" content=\"6 minutes\" \/>\n<script type=\"application\/ld+json\" class=\"yoast-schema-graph\">{\"@context\":\"https:\/\/schema.org\",\"@graph\":[{\"@type\":\"WebPage\",\"@id\":\"https:\/\/myice.hockey\/fr\/conditions-dutilisation\/\",\"url\":\"https:\/\/myice.hockey\/fr\/conditions-dutilisation\/\",\"name\":\"Conditions d'utilisation - My Ice Hockey\",\"isPartOf\":{\"@id\":\"https:\/\/myice.hockey\/fr\/#website\"},\"datePublished\":\"2016-01-27T10:40:12+00:00\",\"dateModified\":\"2022-05-28T05:51:40+00:00\",\"breadcrumb\":{\"@id\":\"https:\/\/myice.hockey\/fr\/conditions-dutilisation\/#breadcrumb\"},\"inLanguage\":\"fr-FR\",\"potentialAction\":[{\"@type\":\"ReadAction\",\"target\":[\"https:\/\/myice.hockey\/fr\/conditions-dutilisation\/\"]}]},{\"@type\":\"BreadcrumbList\",\"@id\":\"https:\/\/myice.hockey\/fr\/conditions-dutilisation\/#breadcrumb\",\"itemListElement\":[{\"@type\":\"ListItem\",\"position\":1,\"name\":\"Home\",\"item\":\"https:\/\/myice.hockey\/fr\/\"},{\"@type\":\"ListItem\",\"position\":2,\"name\":\"Conditions d&#8217;utilisation\"}]},{\"@type\":\"WebSite\",\"@id\":\"https:\/\/myice.hockey\/fr\/#website\",\"url\":\"https:\/\/myice.hockey\/fr\/\",\"name\":\"My Ice Hockey\",\"description\":\"My Ice Hockey - From Coach to Coach\",\"publisher\":{\"@id\":\"https:\/\/myice.hockey\/fr\/#organization\"},\"potentialAction\":[{\"@type\":\"SearchAction\",\"target\":{\"@type\":\"EntryPoint\",\"urlTemplate\":\"https:\/\/myice.hockey\/fr\/?s={search_term_string}\"},\"query-input\":\"required name=search_term_string\"}],\"inLanguage\":\"fr-FR\"},{\"@type\":\"Organization\",\"@id\":\"https:\/\/myice.hockey\/fr\/#organization\",\"name\":\"myice hockey\",\"url\":\"https:\/\/myice.hockey\/fr\/\",\"logo\":{\"@type\":\"ImageObject\",\"inLanguage\":\"fr-FR\",\"@id\":\"https:\/\/myice.hockey\/fr\/#\/schema\/logo\/image\/\",\"url\":\"https:\/\/myice.hockey\/wp-content\/uploads\/logo-header.png\",\"contentUrl\":\"https:\/\/myice.hockey\/wp-content\/uploads\/logo-header.png\",\"width\":440,\"height\":508,\"caption\":\"myice hockey\"},\"image\":{\"@id\":\"https:\/\/myice.hockey\/fr\/#\/schema\/logo\/image\/\"},\"sameAs\":[\"https:\/\/www.facebook.com\/MyIceHockey\/\",\"https:\/\/twitter.com\/myicehockey\",\"https:\/\/www.instagram.com\/myicehockey\/\",\"https:\/\/www.youtube.com\/channel\/UC46lQwPzfjtjxZ20LjcgiNA\/featured\"]}]}<\/script>\n<!-- \/ Yoast SEO plugin. -->","yoast_head_json":{"title":"Conditions d'utilisation - My Ice Hockey","robots":{"index":"index","follow":"follow","max-snippet":"max-snippet:-1","max-image-preview":"max-image-preview:large","max-video-preview":"max-video-preview:-1"},"canonical":"https:\/\/myice.hockey\/fr\/conditions-dutilisation\/","og_locale":"fr_FR","og_type":"article","og_title":"Conditions d'utilisation - My Ice Hockey","og_description":"[vc_row][vc_column][vc_empty_space][vc_column_text css=\u00a0\u00bb.vc_custom_1653717094694{margin-bottom: 0px !important;}\u00a0\u00bb] Conditions d&rsquo;Utilisation de My Ice Hockey Remarque: Il s&rsquo;agit d&rsquo;une traduction automatique de nos conditions d&rsquo;utilisation originales en allemand. En cas d&rsquo;incertitude concernant la traduction, la version allemande s&rsquo;applique. &nbsp; 1. Champ d&rsquo;application des conditions d&rsquo;utilisation Ces conditions d&rsquo;utilisation s&rsquo;appliquent \u00e0 la plate-forme My Ice Hockey (ci-apr\u00e8s la plate-forme), exploit\u00e9e par [&hellip;]","og_url":"https:\/\/myice.hockey\/fr\/conditions-dutilisation\/","og_site_name":"My Ice Hockey","article_publisher":"https:\/\/www.facebook.com\/MyIceHockey\/","article_modified_time":"2022-05-28T05:51:40+00:00","twitter_card":"summary_large_image","twitter_site":"@myicehockey","twitter_misc":{"Dur\u00e9e de lecture estim\u00e9e":"6 minutes"},"schema":{"@context":"https:\/\/schema.org","@graph":[{"@type":"WebPage","@id":"https:\/\/myice.hockey\/fr\/conditions-dutilisation\/","url":"https:\/\/myice.hockey\/fr\/conditions-dutilisation\/","name":"Conditions d'utilisation - My Ice Hockey","isPartOf":{"@id":"https:\/\/myice.hockey\/fr\/#website"},"datePublished":"2016-01-27T10:40:12+00:00","dateModified":"2022-05-28T05:51:40+00:00","breadcrumb":{"@id":"https:\/\/myice.hockey\/fr\/conditions-dutilisation\/#breadcrumb"},"inLanguage":"fr-FR","potentialAction":[{"@type":"ReadAction","target":["https:\/\/myice.hockey\/fr\/conditions-dutilisation\/"]}]},{"@type":"BreadcrumbList","@id":"https:\/\/myice.hockey\/fr\/conditions-dutilisation\/#breadcrumb","itemListElement":[{"@type":"ListItem","position":1,"name":"Home","item":"https:\/\/myice.hockey\/fr\/"},{"@type":"ListItem","position":2,"name":"Conditions d&#8217;utilisation"}]},{"@type":"WebSite","@id":"https:\/\/myice.hockey\/fr\/#website","url":"https:\/\/myice.hockey\/fr\/","name":"My Ice Hockey","description":"My Ice Hockey - From Coach to Coach","publisher":{"@id":"https:\/\/myice.hockey\/fr\/#organization"},"potentialAction":[{"@type":"SearchAction","target":{"@type":"EntryPoint","urlTemplate":"https:\/\/myice.hockey\/fr\/?s={search_term_string}"},"query-input":"required name=search_term_string"}],"inLanguage":"fr-FR"},{"@type":"Organization","@id":"https:\/\/myice.hockey\/fr\/#organization","name":"myice hockey","url":"https:\/\/myice.hockey\/fr\/","logo":{"@type":"ImageObject","inLanguage":"fr-FR","@id":"https:\/\/myice.hockey\/fr\/#\/schema\/logo\/image\/","url":"https:\/\/myice.hockey\/wp-content\/uploads\/logo-header.png","contentUrl":"https:\/\/myice.hockey\/wp-content\/uploads\/logo-header.png","width":440,"height":508,"caption":"myice hockey"},"image":{"@id":"https:\/\/myice.hockey\/fr\/#\/schema\/logo\/image\/"},"sameAs":["https:\/\/www.facebook.com\/MyIceHockey\/","https:\/\/twitter.com\/myicehockey","https:\/\/www.instagram.com\/myicehockey\/","https:\/\/www.youtube.com\/channel\/UC46lQwPzfjtjxZ20LjcgiNA\/featured"]}]}},"_links":{"self":[{"href":"https:\/\/myice.hockey\/fr\/wp-json\/wp\/v2\/pages\/4876"}],"collection":[{"href":"https:\/\/myice.hockey\/fr\/wp-json\/wp\/v2\/pages"}],"about":[{"href":"https:\/\/myice.hockey\/fr\/wp-json\/wp\/v2\/types\/page"}],"author":[{"embeddable":true,"href":"https:\/\/myice.hockey\/fr\/wp-json\/wp\/v2\/users\/1"}],"replies":[{"embeddable":true,"href":"https:\/\/myice.hockey\/fr\/wp-json\/wp\/v2\/comments?post=4876"}],"version-history":[{"count":10,"href":"https:\/\/myice.hockey\/fr\/wp-json\/wp\/v2\/pages\/4876\/revisions"}],"predecessor-version":[{"id":19116,"href":"https:\/\/myice.hockey\/fr\/wp-json\/wp\/v2\/pages\/4876\/revisions\/19116"}],"wp:attachment":[{"href":"https:\/\/myice.hockey\/fr\/wp-json\/wp\/v2\/media?parent=4876"}],"curies":[{"name":"wp","href":"https:\/\/api.w.org\/{rel}","templated":true}]}}