{"id":4872,"date":"2016-01-26T16:17:28","date_gmt":"2016-01-26T16:17:28","guid":{"rendered":"https:\/\/myice.hockey\/?page_id=4872\/"},"modified":"2025-11-13T09:03:33","modified_gmt":"2025-11-13T09:03:33","slug":"partenaire","status":"publish","type":"page","link":"https:\/\/myice.hockey\/fr\/partenaire\/","title":{"rendered":"Partenaire"},"content":{"rendered":"[mk_page_section bg_repeat=\u00a0\u00bbno-repeat\u00a0\u00bb min_height=\u00a0\u00bb0&Prime; padding_top=\u00a0\u00bb0&Prime; padding_bottom=\u00a0\u00bb0&Prime; sidebar=\u00a0\u00bbsidebar-1&Prime;][vc_column][vc_empty_space height=\u00a0\u00bb80px\u00a0\u00bb][\/vc_column][\/mk_page_section][vc_row parallax=\u00a0\u00bbcontent-moving\u00a0\u00bb full_width=\u00a0\u00bbstretch_row\u00a0\u00bb css=\u00a0\u00bb.vc_custom_1453912876587{padding-bottom: 50px !important;}\u00a0\u00bb][vc_column width=\u00a0\u00bb1\/2&Prime;][vc_custom_heading text=\u00a0\u00bbMy Ice Hockey &#8211; from Coach to Coach\u00a0\u00bb font_container=\u00a0\u00bbtag:h2|text_align:left|color:%23404041&Prime; use_theme_fonts=\u00a0\u00bbyes\u00a0\u00bb css=\u00a0\u00bb.vc_custom_1454765414507{padding-bottom: 10px !important;}\u00a0\u00bb][vc_column_text css=\u00a0\u00bb.vc_custom_1614849875929{margin-bottom: 0px !important;}\u00a0\u00bb]Afin de tirer le meilleur parti de My Ice Hockey, nous travaillons en \u00e9troite collaboration avec diff\u00e9rents partenaires.<\/p>\n<p>Gr\u00e2ce \u00e0 des interfaces int\u00e9gr\u00e9es, nous connectons My Ice Hockey \u00e0 nos partenaires, afin que vos donn\u00e9es soient toujours et partout disponibles &#8211; et ce, sans interruption des m\u00e9dias.<\/p>\n<p>Vous avez des questions ? <a href=\"\/fr\/contactez-nous\">Veuillez nous contacter<\/a>.[\/vc_column_text][\/vc_column][vc_column width=\u00a0\u00bb1\/2&Prime;][vc_row_inner][vc_column_inner width=\u00a0\u00bb1\/2&Prime;][vc_single_image image=\u00a0\u00bb13611&Prime; img_size=\u00a0\u00bb100&#215;150&Prime; alignment=\u00a0\u00bbcenter\u00a0\u00bb onclick=\u00a0\u00bbcustom_link\u00a0\u00bb img_link_target=\u00a0\u00bb_blank\u00a0\u00bb link=\u00a0\u00bbhttps:\/\/www.sihf.ch\/de\/\u00a0\u00bb][\/vc_column_inner][vc_column_inner width=\u00a0\u00bb1\/2&Prime;][vc_single_image image=\u00a0\u00bb37665&Prime; alignment=\u00a0\u00bbcenter\u00a0\u00bb onclick=\u00a0\u00bbcustom_link\u00a0\u00bb img_link_target=\u00a0\u00bb_blank\u00a0\u00bb link=\u00a0\u00bbhttps:\/\/www.deb-online.de\/\u00a0\u00bb][\/vc_column_inner][\/vc_row_inner][vc_row_inner][vc_column_inner width=\u00a0\u00bb1\/2&Prime;][vc_single_image image=\u00a0\u00bb13673&Prime; img_size=\u00a0\u00bb190&#215;95&Prime; alignment=\u00a0\u00bbcenter\u00a0\u00bb onclick=\u00a0\u00bbcustom_link\u00a0\u00bb img_link_target=\u00a0\u00bb_blank\u00a0\u00bb link=\u00a0\u00bbhttp:\/\/dartfish.com\/icehockey\u00a0\u00bb][\/vc_column_inner][vc_column_inner width=\u00a0\u00bb1\/2&Prime;][vc_single_image image=\u00a0\u00bb14875&Prime; img_size=\u00a0\u00bb300&#215;100&Prime; alignment=\u00a0\u00bbcenter\u00a0\u00bb onclick=\u00a0\u00bbcustom_link\u00a0\u00bb img_link_target=\u00a0\u00bb_blank\u00a0\u00bb link=\u00a0\u00bbhttps:\/\/thecoachessite.com\/\u00a0\u00bb][\/vc_column_inner][\/vc_row_inner][vc_row_inner][vc_column_inner width=\u00a0\u00bb1\/2&Prime;][vc_single_image image=\u00a0\u00bb24648&Prime; img_size=\u00a0\u00bb300&#215;95&Prime; alignment=\u00a0\u00bbcenter\u00a0\u00bb onclick=\u00a0\u00bbcustom_link\u00a0\u00bb img_link_target=\u00a0\u00bb_blank\u00a0\u00bb link=\u00a0\u00bbhttps:\/\/www.contehockeyshop.ch\/en\/home\u00a0\u00bb][\/vc_column_inner][vc_column_inner width=\u00a0\u00bb1\/2&Prime;][vc_single_image image=\u00a0\u00bb24666&Prime; img_size=\u00a0\u00bb750&#215;100&Prime; alignment=\u00a0\u00bbcenter\u00a0\u00bb onclick=\u00a0\u00bbcustom_link\u00a0\u00bb img_link_target=\u00a0\u00bb_blank\u00a0\u00bb link=\u00a0\u00bbhttps:\/\/morawa.digital\/\u00a0\u00bb][\/vc_column_inner][\/vc_row_inner][\/vc_column][\/vc_row]\n","protected":false},"excerpt":{"rendered":"<p>[mk_page_section bg_repeat=\u00a0\u00bbno-repeat\u00a0\u00bb min_height=\u00a0\u00bb0&Prime; padding_top=\u00a0\u00bb0&Prime; padding_bottom=\u00a0\u00bb0&Prime; sidebar=\u00a0\u00bbsidebar-1&Prime;][vc_column][vc_empty_space height=\u00a0\u00bb80px\u00a0\u00bb][\/vc_column][\/mk_page_section][vc_row parallax=\u00a0\u00bbcontent-moving\u00a0\u00bb full_width=\u00a0\u00bbstretch_row\u00a0\u00bb css=\u00a0\u00bb.vc_custom_1453912876587{padding-bottom: 50px !important;}\u00a0\u00bb][vc_column width=\u00a0\u00bb1\/2&Prime;][vc_custom_heading text=\u00a0\u00bbMy Ice Hockey &#8211; from Coach to Coach\u00a0\u00bb font_container=\u00a0\u00bbtag:h2|text_align:left|color:%23404041&Prime; use_theme_fonts=\u00a0\u00bbyes\u00a0\u00bb css=\u00a0\u00bb.vc_custom_1454765414507{padding-bottom: 10px !important;}\u00a0\u00bb][vc_column_text css=\u00a0\u00bb.vc_custom_1614849875929{margin-bottom: 0px !important;}\u00a0\u00bb]Afin de tirer le meilleur parti de My Ice Hockey, nous travaillons en \u00e9troite collaboration avec diff\u00e9rents partenaires. Gr\u00e2ce \u00e0 des interfaces int\u00e9gr\u00e9es, nous connectons My Ice [&hellip;]<\/p>\n","protected":false},"author":1,"featured_media":0,"parent":0,"menu_order":0,"comment_status":"closed","ping_status":"closed","template":"","meta":{"_exactmetrics_skip_tracking":false,"_exactmetrics_sitenote_active":false,"_exactmetrics_sitenote_note":"","_exactmetrics_sitenote_category":0},"yoast_head":"<!-- This site is optimized with the Yoast SEO plugin v20.10 - https:\/\/yoast.com\/wordpress\/plugins\/seo\/ -->\n<title>Partenaire - My Ice Hockey<\/title>\n<meta name=\"robots\" content=\"index, follow, max-snippet:-1, max-image-preview:large, max-video-preview:-1\" \/>\n<link rel=\"canonical\" href=\"https:\/\/myice.hockey\/fr\/partenaire\/\" \/>\n<meta property=\"og:locale\" content=\"fr_FR\" \/>\n<meta property=\"og:type\" content=\"article\" \/>\n<meta property=\"og:title\" content=\"Partenaire - My Ice Hockey\" \/>\n<meta property=\"og:description\" content=\"[mk_page_section bg_repeat=\u00a0\u00bbno-repeat\u00a0\u00bb min_height=\u00a0\u00bb0&Prime; padding_top=\u00a0\u00bb0&Prime; padding_bottom=\u00a0\u00bb0&Prime; sidebar=\u00a0\u00bbsidebar-1&Prime;][vc_column][vc_empty_space height=\u00a0\u00bb80px\u00a0\u00bb][\/vc_column][\/mk_page_section][vc_row parallax=\u00a0\u00bbcontent-moving\u00a0\u00bb full_width=\u00a0\u00bbstretch_row\u00a0\u00bb css=\u00a0\u00bb.vc_custom_1453912876587{padding-bottom: 50px !important;}\u00a0\u00bb][vc_column width=\u00a0\u00bb1\/2&Prime;][vc_custom_heading text=\u00a0\u00bbMy Ice Hockey &#8211; from Coach to Coach\u00a0\u00bb font_container=\u00a0\u00bbtag:h2|text_align:left|color:%23404041&Prime; use_theme_fonts=\u00a0\u00bbyes\u00a0\u00bb css=\u00a0\u00bb.vc_custom_1454765414507{padding-bottom: 10px !important;}\u00a0\u00bb][vc_column_text css=\u00a0\u00bb.vc_custom_1614849875929{margin-bottom: 0px !important;}\u00a0\u00bb]Afin de tirer le meilleur parti de My Ice Hockey, nous travaillons en \u00e9troite collaboration avec diff\u00e9rents partenaires. Gr\u00e2ce \u00e0 des interfaces int\u00e9gr\u00e9es, nous connectons My Ice [&hellip;]\" \/>\n<meta property=\"og:url\" content=\"https:\/\/myice.hockey\/fr\/partenaire\/\" \/>\n<meta property=\"og:site_name\" content=\"My Ice Hockey\" \/>\n<meta property=\"article:publisher\" content=\"https:\/\/www.facebook.com\/MyIceHockey\/\" \/>\n<meta property=\"article:modified_time\" content=\"2025-11-13T09:03:33+00:00\" \/>\n<meta name=\"twitter:card\" content=\"summary_large_image\" \/>\n<meta name=\"twitter:site\" content=\"@myicehockey\" \/>\n<meta name=\"twitter:label1\" content=\"Dur\u00e9e de lecture estim\u00e9e\" \/>\n\t<meta name=\"twitter:data1\" content=\"1 minute\" \/>\n<script type=\"application\/ld+json\" class=\"yoast-schema-graph\">{\"@context\":\"https:\/\/schema.org\",\"@graph\":[{\"@type\":\"WebPage\",\"@id\":\"https:\/\/myice.hockey\/fr\/partenaire\/\",\"url\":\"https:\/\/myice.hockey\/fr\/partenaire\/\",\"name\":\"Partenaire - My Ice Hockey\",\"isPartOf\":{\"@id\":\"https:\/\/myice.hockey\/fr\/#website\"},\"datePublished\":\"2016-01-26T16:17:28+00:00\",\"dateModified\":\"2025-11-13T09:03:33+00:00\",\"breadcrumb\":{\"@id\":\"https:\/\/myice.hockey\/fr\/partenaire\/#breadcrumb\"},\"inLanguage\":\"fr-FR\",\"potentialAction\":[{\"@type\":\"ReadAction\",\"target\":[\"https:\/\/myice.hockey\/fr\/partenaire\/\"]}]},{\"@type\":\"BreadcrumbList\",\"@id\":\"https:\/\/myice.hockey\/fr\/partenaire\/#breadcrumb\",\"itemListElement\":[{\"@type\":\"ListItem\",\"position\":1,\"name\":\"Home\",\"item\":\"https:\/\/myice.hockey\/fr\/\"},{\"@type\":\"ListItem\",\"position\":2,\"name\":\"Partenaire\"}]},{\"@type\":\"WebSite\",\"@id\":\"https:\/\/myice.hockey\/fr\/#website\",\"url\":\"https:\/\/myice.hockey\/fr\/\",\"name\":\"My Ice Hockey\",\"description\":\"My Ice Hockey - From Coach to Coach\",\"publisher\":{\"@id\":\"https:\/\/myice.hockey\/fr\/#organization\"},\"potentialAction\":[{\"@type\":\"SearchAction\",\"target\":{\"@type\":\"EntryPoint\",\"urlTemplate\":\"https:\/\/myice.hockey\/fr\/?s={search_term_string}\"},\"query-input\":\"required name=search_term_string\"}],\"inLanguage\":\"fr-FR\"},{\"@type\":\"Organization\",\"@id\":\"https:\/\/myice.hockey\/fr\/#organization\",\"name\":\"myice hockey\",\"url\":\"https:\/\/myice.hockey\/fr\/\",\"logo\":{\"@type\":\"ImageObject\",\"inLanguage\":\"fr-FR\",\"@id\":\"https:\/\/myice.hockey\/fr\/#\/schema\/logo\/image\/\",\"url\":\"https:\/\/myice.hockey\/wp-content\/uploads\/logo-header.png\",\"contentUrl\":\"https:\/\/myice.hockey\/wp-content\/uploads\/logo-header.png\",\"width\":440,\"height\":508,\"caption\":\"myice hockey\"},\"image\":{\"@id\":\"https:\/\/myice.hockey\/fr\/#\/schema\/logo\/image\/\"},\"sameAs\":[\"https:\/\/www.facebook.com\/MyIceHockey\/\",\"https:\/\/twitter.com\/myicehockey\",\"https:\/\/www.instagram.com\/myicehockey\/\",\"https:\/\/www.youtube.com\/channel\/UC46lQwPzfjtjxZ20LjcgiNA\/featured\"]}]}<\/script>\n<!-- \/ Yoast SEO plugin. -->","yoast_head_json":{"title":"Partenaire - My Ice Hockey","robots":{"index":"index","follow":"follow","max-snippet":"max-snippet:-1","max-image-preview":"max-image-preview:large","max-video-preview":"max-video-preview:-1"},"canonical":"https:\/\/myice.hockey\/fr\/partenaire\/","og_locale":"fr_FR","og_type":"article","og_title":"Partenaire - My Ice Hockey","og_description":"[mk_page_section bg_repeat=\u00a0\u00bbno-repeat\u00a0\u00bb min_height=\u00a0\u00bb0&Prime; padding_top=\u00a0\u00bb0&Prime; padding_bottom=\u00a0\u00bb0&Prime; sidebar=\u00a0\u00bbsidebar-1&Prime;][vc_column][vc_empty_space height=\u00a0\u00bb80px\u00a0\u00bb][\/vc_column][\/mk_page_section][vc_row parallax=\u00a0\u00bbcontent-moving\u00a0\u00bb full_width=\u00a0\u00bbstretch_row\u00a0\u00bb css=\u00a0\u00bb.vc_custom_1453912876587{padding-bottom: 50px !important;}\u00a0\u00bb][vc_column width=\u00a0\u00bb1\/2&Prime;][vc_custom_heading text=\u00a0\u00bbMy Ice Hockey &#8211; from Coach to Coach\u00a0\u00bb font_container=\u00a0\u00bbtag:h2|text_align:left|color:%23404041&Prime; use_theme_fonts=\u00a0\u00bbyes\u00a0\u00bb css=\u00a0\u00bb.vc_custom_1454765414507{padding-bottom: 10px !important;}\u00a0\u00bb][vc_column_text css=\u00a0\u00bb.vc_custom_1614849875929{margin-bottom: 0px !important;}\u00a0\u00bb]Afin de tirer le meilleur parti de My Ice Hockey, nous travaillons en \u00e9troite collaboration avec diff\u00e9rents partenaires. Gr\u00e2ce \u00e0 des interfaces int\u00e9gr\u00e9es, nous connectons My Ice [&hellip;]","og_url":"https:\/\/myice.hockey\/fr\/partenaire\/","og_site_name":"My Ice Hockey","article_publisher":"https:\/\/www.facebook.com\/MyIceHockey\/","article_modified_time":"2025-11-13T09:03:33+00:00","twitter_card":"summary_large_image","twitter_site":"@myicehockey","twitter_misc":{"Dur\u00e9e de lecture estim\u00e9e":"1 minute"},"schema":{"@context":"https:\/\/schema.org","@graph":[{"@type":"WebPage","@id":"https:\/\/myice.hockey\/fr\/partenaire\/","url":"https:\/\/myice.hockey\/fr\/partenaire\/","name":"Partenaire - My Ice Hockey","isPartOf":{"@id":"https:\/\/myice.hockey\/fr\/#website"},"datePublished":"2016-01-26T16:17:28+00:00","dateModified":"2025-11-13T09:03:33+00:00","breadcrumb":{"@id":"https:\/\/myice.hockey\/fr\/partenaire\/#breadcrumb"},"inLanguage":"fr-FR","potentialAction":[{"@type":"ReadAction","target":["https:\/\/myice.hockey\/fr\/partenaire\/"]}]},{"@type":"BreadcrumbList","@id":"https:\/\/myice.hockey\/fr\/partenaire\/#breadcrumb","itemListElement":[{"@type":"ListItem","position":1,"name":"Home","item":"https:\/\/myice.hockey\/fr\/"},{"@type":"ListItem","position":2,"name":"Partenaire"}]},{"@type":"WebSite","@id":"https:\/\/myice.hockey\/fr\/#website","url":"https:\/\/myice.hockey\/fr\/","name":"My Ice Hockey","description":"My Ice Hockey - From Coach to Coach","publisher":{"@id":"https:\/\/myice.hockey\/fr\/#organization"},"potentialAction":[{"@type":"SearchAction","target":{"@type":"EntryPoint","urlTemplate":"https:\/\/myice.hockey\/fr\/?s={search_term_string}"},"query-input":"required name=search_term_string"}],"inLanguage":"fr-FR"},{"@type":"Organization","@id":"https:\/\/myice.hockey\/fr\/#organization","name":"myice hockey","url":"https:\/\/myice.hockey\/fr\/","logo":{"@type":"ImageObject","inLanguage":"fr-FR","@id":"https:\/\/myice.hockey\/fr\/#\/schema\/logo\/image\/","url":"https:\/\/myice.hockey\/wp-content\/uploads\/logo-header.png","contentUrl":"https:\/\/myice.hockey\/wp-content\/uploads\/logo-header.png","width":440,"height":508,"caption":"myice hockey"},"image":{"@id":"https:\/\/myice.hockey\/fr\/#\/schema\/logo\/image\/"},"sameAs":["https:\/\/www.facebook.com\/MyIceHockey\/","https:\/\/twitter.com\/myicehockey","https:\/\/www.instagram.com\/myicehockey\/","https:\/\/www.youtube.com\/channel\/UC46lQwPzfjtjxZ20LjcgiNA\/featured"]}]}},"_links":{"self":[{"href":"https:\/\/myice.hockey\/fr\/wp-json\/wp\/v2\/pages\/4872"}],"collection":[{"href":"https:\/\/myice.hockey\/fr\/wp-json\/wp\/v2\/pages"}],"about":[{"href":"https:\/\/myice.hockey\/fr\/wp-json\/wp\/v2\/types\/page"}],"author":[{"embeddable":true,"href":"https:\/\/myice.hockey\/fr\/wp-json\/wp\/v2\/users\/1"}],"replies":[{"embeddable":true,"href":"https:\/\/myice.hockey\/fr\/wp-json\/wp\/v2\/comments?post=4872"}],"version-history":[{"count":14,"href":"https:\/\/myice.hockey\/fr\/wp-json\/wp\/v2\/pages\/4872\/revisions"}],"predecessor-version":[{"id":37767,"href":"https:\/\/myice.hockey\/fr\/wp-json\/wp\/v2\/pages\/4872\/revisions\/37767"}],"wp:attachment":[{"href":"https:\/\/myice.hockey\/fr\/wp-json\/wp\/v2\/media?parent=4872"}],"curies":[{"name":"wp","href":"https:\/\/api.w.org\/{rel}","templated":true}]}}