{"id":4869,"date":"2016-01-27T10:39:56","date_gmt":"2016-01-27T10:39:56","guid":{"rendered":"https:\/\/myice.hockey\/?page_id=4869\/"},"modified":"2022-01-25T15:05:04","modified_gmt":"2022-01-25T15:05:04","slug":"a-propos-de-nous","status":"publish","type":"page","link":"https:\/\/myice.hockey\/fr\/a-propos-de-nous\/","title":{"rendered":"\u00c0 propos de nous"},"content":{"rendered":"[mk_page_section bg_image=\u00a0\u00bbhttps:\/\/myice.hockey\/wp-content\/uploads\/mih_about-background.jpeg\u00a0\u00bb bg_stretch=\u00a0\u00bbtrue\u00a0\u00bb enable_3d=\u00a0\u00bbtrue\u00a0\u00bb video_color_mask=\u00a0\u00bb#000000&Prime; video_opacity=\u00a0\u00bb0.3&Prime; full_height=\u00a0\u00bbtrue\u00a0\u00bb sidebar=\u00a0\u00bbsidebar-1&Prime;][vc_column][mk_fancy_title color=\u00a0\u00bb#ffffff\u00a0\u00bb size=\u00a0\u00bb65&Prime; font_weight=\u00a0\u00bb400&Prime; margin_bottom=\u00a0\u00bb0&Prime; font_family=\u00a0\u00bbnone\u00a0\u00bb align=\u00a0\u00bbcenter\u00a0\u00bb]<strong>Force8<\/strong> c\u2019est SportsTech<br \/>\ndepuis 2008[\/mk_fancy_title][\/vc_column][\/mk_page_section][mk_page_section padding_top=\u00a0\u00bb80&Prime; padding_bottom=\u00a0\u00bb80&Prime; sidebar=\u00a0\u00bbsidebar-1&Prime;][vc_column width=\u00a0\u00bb1\/2&Prime;][vc_column_text css=\u00a0\u00bb.vc_custom_1643120814842{margin-bottom: 0px !important;}\u00a0\u00bb]<span style=\"font-size: 24px;\"><strong><a href=\"https:\/\/force8.coach\">Force8 SA<\/a><\/strong> est le fabricant de <strong>My Ice Hockey<\/strong>. Force8 propose des <strong>innovations num\u00e9riques<\/strong> dans le domaine du sport <strong>depuis 2008<\/strong>.<\/span><\/p>\n<p>Les exigences impos\u00e9es aux <strong>f\u00e9d\u00e9rations<\/strong> et aux <strong>clubs<\/strong> ne cessent d&rsquo;augmenter. Les entra\u00eeneurs et les athl\u00e8tes veulent \u00eatre pris en charge professionnellement et veulent se voir offrir un service impeccable. <strong>Le syst\u00e8me num\u00e9rique de gestion des athl\u00e8tes et des \u00e9quipes Force8.coach<\/strong> a \u00e9t\u00e9 d\u00e9velopp\u00e9 dans ce but. My Ice Hockey est bas\u00e9 sur Force8 Coach et offre une valeur ajout\u00e9e intelligente pour tous les joueurs de sport.<\/p>\n<p>La philosophie de My Ice Hockey est simple : nous voulons que <strong>le travail administratif des entra\u00eeneurs de hockey sur glace soit simplifi\u00e9<\/strong> et plus efficace. Nous y parvenons gr\u00e2ce \u00e0 notre logiciel My Ice Hockey. Cet outil est <strong>programm\u00e9<\/strong> par un <strong>entra\u00eeneur de hockey sur glace exp\u00e9riment\u00e9<\/strong> et un expert de J+S. Notre slogan n&rsquo;est donc pas une phrase vide de sens: from Coach to Coach<\/p>\n<p>La meilleure fa\u00e7on de nous conna\u00eetre et de conna\u00eetre nos produits est une <strong>rencontre personnelle<\/strong>.[\/vc_column_text][\/vc_column][vc_column width=\u00a0\u00bb1\/2&Prime;][vc_video link=\u00a0\u00bbhttps:\/\/www.youtube.com\/watch?v=t80JI1vjops\u00a0\u00bb autoplay=\u00a0\u00bbtrue\u00a0\u00bb hide_controls=\u00a0\u00bbtrue\u00a0\u00bb][\/vc_column][\/mk_page_section][mk_page_section bg_color=\u00a0\u00bb#211d1e\u00a0\u00bb enable_3d=\u00a0\u00bbtrue\u00a0\u00bb speed_factor=\u00a0\u00bb0.4&Prime; bg_gradient=\u00a0\u00bbleft_bottom\u00a0\u00bb video_opacity=\u00a0\u00bb0.5&Prime; min_height=\u00a0\u00bb275&Prime; full_width=\u00a0\u00bbtrue\u00a0\u00bb padding_top=\u00a0\u00bb60&Prime; padding_bottom=\u00a0\u00bb0&Prime; sidebar=\u00a0\u00bbsidebar-1&Prime;][vc_column][vc_row_inner is_fullwidth_content=\u00a0\u00bbfalse\u00a0\u00bb][vc_column_inner][mk_fancy_title color=\u00a0\u00bb#ffffff\u00a0\u00bb size=\u00a0\u00bb45&Prime; font_weight=\u00a0\u00bb300&Prime; margin_bottom=\u00a0\u00bb0&Prime; font_family=\u00a0\u00bbnone\u00a0\u00bb align=\u00a0\u00bbcenter\u00a0\u00bb]Contactez-nous sans engagement.[\/mk_fancy_title][mk_button dimension=\u00a0\u00bboutline\u00a0\u00bb corner_style=\u00a0\u00bbrounded\u00a0\u00bb size=\u00a0\u00bblarge\u00a0\u00bb url=\u00a0\u00bbhttps:\/\/myice.hockey\/en\/contact\/\u00a0\u00bb align=\u00a0\u00bbcenter\u00a0\u00bb animation=\u00a0\u00bbfade-in\u00a0\u00bb outline_skin=\u00a0\u00bblight\u00a0\u00bb]Contactez-nous[\/mk_button][\/vc_column_inner][\/vc_row_inner][\/vc_column][vc_column][mk_divider style=\u00a0\u00bbthin_solid\u00a0\u00bb thin_single_color=\u00a0\u00bb#969696&Prime; margin_top=\u00a0\u00bb40&Prime; margin_bottom=\u00a0\u00bb0&Prime;][\/vc_column][\/mk_page_section]\n","protected":false},"excerpt":{"rendered":"<p>[mk_page_section bg_image=\u00a0\u00bbhttps:\/\/myice.hockey\/wp-content\/uploads\/mih_about-background.jpeg\u00a0\u00bb bg_stretch=\u00a0\u00bbtrue\u00a0\u00bb enable_3d=\u00a0\u00bbtrue\u00a0\u00bb video_color_mask=\u00a0\u00bb#000000&Prime; video_opacity=\u00a0\u00bb0.3&Prime; full_height=\u00a0\u00bbtrue\u00a0\u00bb sidebar=\u00a0\u00bbsidebar-1&Prime;][vc_column][mk_fancy_title color=\u00a0\u00bb#ffffff\u00a0\u00bb size=\u00a0\u00bb65&Prime; font_weight=\u00a0\u00bb400&Prime; margin_bottom=\u00a0\u00bb0&Prime; font_family=\u00a0\u00bbnone\u00a0\u00bb align=\u00a0\u00bbcenter\u00a0\u00bb]Force8 c\u2019est SportsTech depuis 2008[\/mk_fancy_title][\/vc_column][\/mk_page_section][mk_page_section padding_top=\u00a0\u00bb80&Prime; padding_bottom=\u00a0\u00bb80&Prime; sidebar=\u00a0\u00bbsidebar-1&Prime;][vc_column width=\u00a0\u00bb1\/2&Prime;][vc_column_text css=\u00a0\u00bb.vc_custom_1643120814842{margin-bottom: 0px !important;}\u00a0\u00bb]Force8 SA est le fabricant de My Ice Hockey. Force8 propose des innovations num\u00e9riques dans le domaine du sport depuis 2008. Les exigences impos\u00e9es aux f\u00e9d\u00e9rations et aux clubs ne cessent [&hellip;]<\/p>\n","protected":false},"author":1,"featured_media":0,"parent":0,"menu_order":0,"comment_status":"closed","ping_status":"closed","template":"","meta":{"_exactmetrics_skip_tracking":false,"_exactmetrics_sitenote_active":false,"_exactmetrics_sitenote_note":"","_exactmetrics_sitenote_category":0},"yoast_head":"<!-- This site is optimized with the Yoast SEO plugin v20.10 - https:\/\/yoast.com\/wordpress\/plugins\/seo\/ -->\n<title>\u00c0 propos de nous - My Ice Hockey<\/title>\n<meta name=\"robots\" content=\"index, follow, max-snippet:-1, max-image-preview:large, max-video-preview:-1\" \/>\n<link rel=\"canonical\" href=\"https:\/\/myice.hockey\/fr\/a-propos-de-nous\/\" \/>\n<meta property=\"og:locale\" content=\"fr_FR\" \/>\n<meta property=\"og:type\" content=\"article\" \/>\n<meta property=\"og:title\" content=\"\u00c0 propos de nous - My Ice Hockey\" \/>\n<meta property=\"og:description\" content=\"[mk_page_section bg_image=\u00a0\u00bbhttps:\/\/myice.hockey\/wp-content\/uploads\/mih_about-background.jpeg\u00a0\u00bb bg_stretch=\u00a0\u00bbtrue\u00a0\u00bb enable_3d=\u00a0\u00bbtrue\u00a0\u00bb video_color_mask=\u00a0\u00bb#000000&Prime; video_opacity=\u00a0\u00bb0.3&Prime; full_height=\u00a0\u00bbtrue\u00a0\u00bb sidebar=\u00a0\u00bbsidebar-1&Prime;][vc_column][mk_fancy_title color=\u00a0\u00bb#ffffff\u00a0\u00bb size=\u00a0\u00bb65&Prime; font_weight=\u00a0\u00bb400&Prime; margin_bottom=\u00a0\u00bb0&Prime; font_family=\u00a0\u00bbnone\u00a0\u00bb align=\u00a0\u00bbcenter\u00a0\u00bb]Force8 c\u2019est SportsTech depuis 2008[\/mk_fancy_title][\/vc_column][\/mk_page_section][mk_page_section padding_top=\u00a0\u00bb80&Prime; padding_bottom=\u00a0\u00bb80&Prime; sidebar=\u00a0\u00bbsidebar-1&Prime;][vc_column width=\u00a0\u00bb1\/2&Prime;][vc_column_text css=\u00a0\u00bb.vc_custom_1643120814842{margin-bottom: 0px !important;}\u00a0\u00bb]Force8 SA est le fabricant de My Ice Hockey. Force8 propose des innovations num\u00e9riques dans le domaine du sport depuis 2008. Les exigences impos\u00e9es aux f\u00e9d\u00e9rations et aux clubs ne cessent [&hellip;]\" \/>\n<meta property=\"og:url\" content=\"https:\/\/myice.hockey\/fr\/a-propos-de-nous\/\" \/>\n<meta property=\"og:site_name\" content=\"My Ice Hockey\" \/>\n<meta property=\"article:publisher\" content=\"https:\/\/www.facebook.com\/MyIceHockey\/\" \/>\n<meta property=\"article:modified_time\" content=\"2022-01-25T15:05:04+00:00\" \/>\n<meta name=\"twitter:card\" content=\"summary_large_image\" \/>\n<meta name=\"twitter:site\" content=\"@myicehockey\" \/>\n<meta name=\"twitter:label1\" content=\"Dur\u00e9e de lecture estim\u00e9e\" \/>\n\t<meta name=\"twitter:data1\" content=\"2 minutes\" \/>\n<script type=\"application\/ld+json\" class=\"yoast-schema-graph\">{\"@context\":\"https:\/\/schema.org\",\"@graph\":[{\"@type\":\"WebPage\",\"@id\":\"https:\/\/myice.hockey\/fr\/a-propos-de-nous\/\",\"url\":\"https:\/\/myice.hockey\/fr\/a-propos-de-nous\/\",\"name\":\"\u00c0 propos de nous - My Ice Hockey\",\"isPartOf\":{\"@id\":\"https:\/\/myice.hockey\/fr\/#website\"},\"datePublished\":\"2016-01-27T10:39:56+00:00\",\"dateModified\":\"2022-01-25T15:05:04+00:00\",\"breadcrumb\":{\"@id\":\"https:\/\/myice.hockey\/fr\/a-propos-de-nous\/#breadcrumb\"},\"inLanguage\":\"fr-FR\",\"potentialAction\":[{\"@type\":\"ReadAction\",\"target\":[\"https:\/\/myice.hockey\/fr\/a-propos-de-nous\/\"]}]},{\"@type\":\"BreadcrumbList\",\"@id\":\"https:\/\/myice.hockey\/fr\/a-propos-de-nous\/#breadcrumb\",\"itemListElement\":[{\"@type\":\"ListItem\",\"position\":1,\"name\":\"Home\",\"item\":\"https:\/\/myice.hockey\/fr\/\"},{\"@type\":\"ListItem\",\"position\":2,\"name\":\"\u00c0 propos de nous\"}]},{\"@type\":\"WebSite\",\"@id\":\"https:\/\/myice.hockey\/fr\/#website\",\"url\":\"https:\/\/myice.hockey\/fr\/\",\"name\":\"My Ice Hockey\",\"description\":\"My Ice Hockey - From Coach to Coach\",\"publisher\":{\"@id\":\"https:\/\/myice.hockey\/fr\/#organization\"},\"potentialAction\":[{\"@type\":\"SearchAction\",\"target\":{\"@type\":\"EntryPoint\",\"urlTemplate\":\"https:\/\/myice.hockey\/fr\/?s={search_term_string}\"},\"query-input\":\"required name=search_term_string\"}],\"inLanguage\":\"fr-FR\"},{\"@type\":\"Organization\",\"@id\":\"https:\/\/myice.hockey\/fr\/#organization\",\"name\":\"myice hockey\",\"url\":\"https:\/\/myice.hockey\/fr\/\",\"logo\":{\"@type\":\"ImageObject\",\"inLanguage\":\"fr-FR\",\"@id\":\"https:\/\/myice.hockey\/fr\/#\/schema\/logo\/image\/\",\"url\":\"https:\/\/myice.hockey\/wp-content\/uploads\/logo-header.png\",\"contentUrl\":\"https:\/\/myice.hockey\/wp-content\/uploads\/logo-header.png\",\"width\":440,\"height\":508,\"caption\":\"myice hockey\"},\"image\":{\"@id\":\"https:\/\/myice.hockey\/fr\/#\/schema\/logo\/image\/\"},\"sameAs\":[\"https:\/\/www.facebook.com\/MyIceHockey\/\",\"https:\/\/twitter.com\/myicehockey\",\"https:\/\/www.instagram.com\/myicehockey\/\",\"https:\/\/www.youtube.com\/channel\/UC46lQwPzfjtjxZ20LjcgiNA\/featured\"]}]}<\/script>\n<!-- \/ Yoast SEO plugin. -->","yoast_head_json":{"title":"\u00c0 propos de nous - My Ice Hockey","robots":{"index":"index","follow":"follow","max-snippet":"max-snippet:-1","max-image-preview":"max-image-preview:large","max-video-preview":"max-video-preview:-1"},"canonical":"https:\/\/myice.hockey\/fr\/a-propos-de-nous\/","og_locale":"fr_FR","og_type":"article","og_title":"\u00c0 propos de nous - My Ice Hockey","og_description":"[mk_page_section bg_image=\u00a0\u00bbhttps:\/\/myice.hockey\/wp-content\/uploads\/mih_about-background.jpeg\u00a0\u00bb bg_stretch=\u00a0\u00bbtrue\u00a0\u00bb enable_3d=\u00a0\u00bbtrue\u00a0\u00bb video_color_mask=\u00a0\u00bb#000000&Prime; video_opacity=\u00a0\u00bb0.3&Prime; full_height=\u00a0\u00bbtrue\u00a0\u00bb sidebar=\u00a0\u00bbsidebar-1&Prime;][vc_column][mk_fancy_title color=\u00a0\u00bb#ffffff\u00a0\u00bb size=\u00a0\u00bb65&Prime; font_weight=\u00a0\u00bb400&Prime; margin_bottom=\u00a0\u00bb0&Prime; font_family=\u00a0\u00bbnone\u00a0\u00bb align=\u00a0\u00bbcenter\u00a0\u00bb]Force8 c\u2019est SportsTech depuis 2008[\/mk_fancy_title][\/vc_column][\/mk_page_section][mk_page_section padding_top=\u00a0\u00bb80&Prime; padding_bottom=\u00a0\u00bb80&Prime; sidebar=\u00a0\u00bbsidebar-1&Prime;][vc_column width=\u00a0\u00bb1\/2&Prime;][vc_column_text css=\u00a0\u00bb.vc_custom_1643120814842{margin-bottom: 0px !important;}\u00a0\u00bb]Force8 SA est le fabricant de My Ice Hockey. Force8 propose des innovations num\u00e9riques dans le domaine du sport depuis 2008. Les exigences impos\u00e9es aux f\u00e9d\u00e9rations et aux clubs ne cessent [&hellip;]","og_url":"https:\/\/myice.hockey\/fr\/a-propos-de-nous\/","og_site_name":"My Ice Hockey","article_publisher":"https:\/\/www.facebook.com\/MyIceHockey\/","article_modified_time":"2022-01-25T15:05:04+00:00","twitter_card":"summary_large_image","twitter_site":"@myicehockey","twitter_misc":{"Dur\u00e9e de lecture estim\u00e9e":"2 minutes"},"schema":{"@context":"https:\/\/schema.org","@graph":[{"@type":"WebPage","@id":"https:\/\/myice.hockey\/fr\/a-propos-de-nous\/","url":"https:\/\/myice.hockey\/fr\/a-propos-de-nous\/","name":"\u00c0 propos de nous - My Ice Hockey","isPartOf":{"@id":"https:\/\/myice.hockey\/fr\/#website"},"datePublished":"2016-01-27T10:39:56+00:00","dateModified":"2022-01-25T15:05:04+00:00","breadcrumb":{"@id":"https:\/\/myice.hockey\/fr\/a-propos-de-nous\/#breadcrumb"},"inLanguage":"fr-FR","potentialAction":[{"@type":"ReadAction","target":["https:\/\/myice.hockey\/fr\/a-propos-de-nous\/"]}]},{"@type":"BreadcrumbList","@id":"https:\/\/myice.hockey\/fr\/a-propos-de-nous\/#breadcrumb","itemListElement":[{"@type":"ListItem","position":1,"name":"Home","item":"https:\/\/myice.hockey\/fr\/"},{"@type":"ListItem","position":2,"name":"\u00c0 propos de nous"}]},{"@type":"WebSite","@id":"https:\/\/myice.hockey\/fr\/#website","url":"https:\/\/myice.hockey\/fr\/","name":"My Ice Hockey","description":"My Ice Hockey - From Coach to Coach","publisher":{"@id":"https:\/\/myice.hockey\/fr\/#organization"},"potentialAction":[{"@type":"SearchAction","target":{"@type":"EntryPoint","urlTemplate":"https:\/\/myice.hockey\/fr\/?s={search_term_string}"},"query-input":"required name=search_term_string"}],"inLanguage":"fr-FR"},{"@type":"Organization","@id":"https:\/\/myice.hockey\/fr\/#organization","name":"myice hockey","url":"https:\/\/myice.hockey\/fr\/","logo":{"@type":"ImageObject","inLanguage":"fr-FR","@id":"https:\/\/myice.hockey\/fr\/#\/schema\/logo\/image\/","url":"https:\/\/myice.hockey\/wp-content\/uploads\/logo-header.png","contentUrl":"https:\/\/myice.hockey\/wp-content\/uploads\/logo-header.png","width":440,"height":508,"caption":"myice hockey"},"image":{"@id":"https:\/\/myice.hockey\/fr\/#\/schema\/logo\/image\/"},"sameAs":["https:\/\/www.facebook.com\/MyIceHockey\/","https:\/\/twitter.com\/myicehockey","https:\/\/www.instagram.com\/myicehockey\/","https:\/\/www.youtube.com\/channel\/UC46lQwPzfjtjxZ20LjcgiNA\/featured"]}]}},"_links":{"self":[{"href":"https:\/\/myice.hockey\/fr\/wp-json\/wp\/v2\/pages\/4869"}],"collection":[{"href":"https:\/\/myice.hockey\/fr\/wp-json\/wp\/v2\/pages"}],"about":[{"href":"https:\/\/myice.hockey\/fr\/wp-json\/wp\/v2\/types\/page"}],"author":[{"embeddable":true,"href":"https:\/\/myice.hockey\/fr\/wp-json\/wp\/v2\/users\/1"}],"replies":[{"embeddable":true,"href":"https:\/\/myice.hockey\/fr\/wp-json\/wp\/v2\/comments?post=4869"}],"version-history":[{"count":15,"href":"https:\/\/myice.hockey\/fr\/wp-json\/wp\/v2\/pages\/4869\/revisions"}],"predecessor-version":[{"id":17691,"href":"https:\/\/myice.hockey\/fr\/wp-json\/wp\/v2\/pages\/4869\/revisions\/17691"}],"wp:attachment":[{"href":"https:\/\/myice.hockey\/fr\/wp-json\/wp\/v2\/media?parent=4869"}],"curies":[{"name":"wp","href":"https:\/\/api.w.org\/{rel}","templated":true}]}}