{"id":4861,"date":"2016-02-10T13:22:57","date_gmt":"2016-02-10T13:22:57","guid":{"rendered":"https:\/\/myice.hockey\/?page_id=4861\/"},"modified":"2019-08-26T13:44:10","modified_gmt":"2019-08-26T13:44:10","slug":"my-ice-hockey-pro","status":"publish","type":"page","link":"https:\/\/myice.hockey\/fr\/produkte\/my-ice-hockey-pro\/","title":{"rendered":"My Ice Hockey Pro"},"content":{"rendered":"[vc_row][vc_column][vc_empty_space height=\u00a0\u00bb80&Prime;][mk_fancy_title size=\u00a0\u00bb36&Prime; font_family=\u00a0\u00bbnone\u00a0\u00bb align=\u00a0\u00bbcenter\u00a0\u00bb]<strong>My Ice Hockey Pro<\/strong>\u00a0est le\u00a0<strong>produit id\u00e9al<\/strong><br \/>\npour tous les entra\u00eeneurs de hockey sur glace, qui veulent utiliser<br \/>\nun <strong>logiciel en ligne\u00a0de\u00a0planification de saison<\/strong>,\u00a0<strong>de gestion des \u00e9quipes et des joueurs<\/strong>,\u00a0<strong>de planification de l\u2019entra\u00eenement<\/strong>,\u00a0<strong>d\u2019administration des jeux <\/strong>y compris<strong> les dossier des joueurs<\/strong>[\/mk_fancy_title][vc_empty_space][mk_fancy_title color=\u00a0\u00bb#e61e25&Prime; size=\u00a0\u00bb28&Prime; font_weight=\u00a0\u00bb200&Prime; font_family=\u00a0\u00bbnone\u00a0\u00bb align=\u00a0\u00bbcenter\u00a0\u00bb]My Ice Hockey Pro inclus les plateformes et modules suivants:[\/mk_fancy_title][\/vc_column][vc_column][vc_video link=\u00a0\u00bbhttps:\/\/youtu.be\/ScUHZIUiwbI\u00a0\u00bb][\/vc_column][\/vc_row][vc_row][vc_column][vc_empty_space][\/vc_column][vc_column width=\u00a0\u00bb1\/2&Prime;][mk_padding_divider size=\u00a0\u00bb20&Prime;][mk_image src=\u00a0\u00bbhttps:\/\/myice.hockey\/wp-content\/uploads\/MIH-V3-DE-Teams.png\u00a0\u00bb image_size=\u00a0\u00bbfull\u00a0\u00bb][\/vc_column][vc_column width=\u00a0\u00bb1\/2&Prime;][mk_fancy_title size=\u00a0\u00bb26&Prime; line_height=\u00a0\u00bb85&Prime; font_weight=\u00a0\u00bbbold\u00a0\u00bb margin_top=\u00a0\u00bb40&Prime; margin_bottom=\u00a0\u00bb0&Prime; font_family=\u00a0\u00bbnone\u00a0\u00bb]Plateforme entra\u00eeneurs[\/mk_fancy_title][mk_fancy_title color=\u00a0\u00bb#e61e25&Prime; size=\u00a0\u00bb30&Prime; font_weight=\u00a0\u00bb100&Prime; margin_top=\u00a0\u00bb5&Prime; margin_bottom=\u00a0\u00bb0&Prime; font_family=\u00a0\u00bbnone\u00a0\u00bb]Modules principaux[\/mk_fancy_title][mk_custom_list]\n<ul>\n<li>Planification par mois avec des sp\u00e9cifications et des \u00e9valuations<\/li>\n<li>Gestion des joueurs et des \u00e9quipes<\/li>\n<li>Planification de l&rsquo;entra\u00eenement<\/li>\n<li>Plus de 1 500 exercices pr\u00e9d\u00e9finis et adapt\u00e9s \u00e0 l&rsquo;\u00e2ge des participants<\/li>\n<li>Le t\u00e9l\u00e9chargement d&rsquo;exercices individuels ainsi que des \u00e9l\u00e9ments propres peuvent \u00eatre enregistr\u00e9s<\/li>\n<li>Gestion du jeu (line-up \/ convocation \/ Game Sheets \/ Coaching Sheets \/ statistiques tr\u00e8s d\u00e9taill\u00e9es sur les joueurs et les \u00e9quipes)<\/li>\n<li>Dossier du joueur (STAR Profile \/ statistiques des joueurs \/ \u00e9valuation d&rsquo;entra\u00eenement \/ tests d&rsquo;\u00e9quipe \/ journal d&rsquo;entra\u00eenement \/ taille et poids \/ \u00e9valuations \/ Feedback\u00a0\/ questionnaires \/ plan de carri\u00e8re \/ m\u00e9dical \/ blessures \/ \u00e9cole \/ travail \/ paroles des joueurs \/ entrevue parentale \/ documents des joueurs externes \/ documents des \u00e9quipes externes)<\/li>\n<\/ul>\n[\/mk_custom_list][\/vc_column][vc_column][mk_divider style=\u00a0\u00bbshadow_line\u00a0\u00bb][\/vc_column][vc_column width=\u00a0\u00bb1\/2&Prime;][mk_padding_divider][mk_fancy_title size=\u00a0\u00bb26&Prime; line_height=\u00a0\u00bb85&Prime; font_weight=\u00a0\u00bbbold\u00a0\u00bb margin_top=\u00a0\u00bb20&Prime; margin_bottom=\u00a0\u00bb0&Prime; font_family=\u00a0\u00bbnone\u00a0\u00bb]Plateforme des joueurs[\/mk_fancy_title][mk_fancy_title color=\u00a0\u00bb#e61e25&Prime; size=\u00a0\u00bb30&Prime; font_weight=\u00a0\u00bb100&Prime; margin_top=\u00a0\u00bb5&Prime; margin_bottom=\u00a0\u00bb0&Prime; font_family=\u00a0\u00bbnone\u00a0\u00bb]Outil de communication entre entra\u00eeneur(s) et joueur(s)[\/mk_fancy_title][mk_custom_list]\n<ul>\n<li>Acc\u00e8s individuel par joueur<\/li>\n<li>Plan de l&rsquo;entra\u00eenement en ligne visible (groupe de l&rsquo;entra\u00eenement \/ participant \/ type \/ date \/ lieu \/ heure \/ statut \/ commentaires)<\/li>\n<li>Le plan de l&rsquo;entra\u00eenement en ligne est mobile (exportation PDF\/XLS possible)<\/li>\n<li>Annulez de l&rsquo;entra\u00eenement en ligne (plus d&rsquo;appels t\u00e9l\u00e9phoniques, de SMS, de WhatsApp ou d&rsquo;e-mails)<\/li>\n<li>Informations de jeu en ligne visibles (type \/ adversaire \/ r\u00e9sultat \/ date \/ heure \/ r\u00e9union \/ d\u00e9part \/ statut \/ commentaires)<\/li>\n<li>Dossier du joueur (STAR Profile auto-\u00e9valuation\/ tests d&rsquo;\u00e9quipe \/ journal d&rsquo;entra\u00eenement \/ taille et poids \/ \u00e9valuations \/ questionnaires \/ plan de carri\u00e8re \/ m\u00e9dical \/ \u00e9cole \/ travail \/ paroles des joueurs \/ entrevue parentale \/ documents des joueurs externes \/ documents des \u00e9quipes externes)<\/li>\n<li>Les joueurs g\u00e8rent les adresses de mani\u00e8re autonome (parents \/ \u00e9cole \/ agent)<\/li>\n<li>D\u00e9finir les caract\u00e9ristiques du joueur (position de base \/ page de jeu \/ position favorite \/ num\u00e9ro \/ photo)<\/li>\n<\/ul>\n[\/mk_custom_list][\/vc_column][vc_column width=\u00a0\u00bb1\/2&Prime;][mk_padding_divider size=\u00a0\u00bb20&Prime;][mk_image src=\u00a0\u00bbhttps:\/\/myice.hockey\/wp-content\/uploads\/MIH-V3-DE-Spielerplattform-Dossier.png\u00a0\u00bb image_size=\u00a0\u00bbfull\u00a0\u00bb][\/vc_column][\/vc_row][vc_row][vc_column][mk_divider style=\u00a0\u00bbshadow_line\u00a0\u00bb][\/vc_column][\/vc_row][vc_row][vc_column width=\u00a0\u00bb1\/2&Prime;][mk_padding_divider size=\u00a0\u00bb20&Prime;][mk_image src=\u00a0\u00bbhttps:\/\/myice.hockey\/wp-content\/uploads\/MIH-V3-DE-Staffplattform.png\u00a0\u00bb image_size=\u00a0\u00bbfull\u00a0\u00bb][\/vc_column][vc_column width=\u00a0\u00bb1\/2&Prime;][mk_padding_divider][mk_fancy_title size=\u00a0\u00bb26&Prime; line_height=\u00a0\u00bb85&Prime; font_weight=\u00a0\u00bbbold\u00a0\u00bb margin_top=\u00a0\u00bb20&Prime; margin_bottom=\u00a0\u00bb0&Prime; font_family=\u00a0\u00bbnone\u00a0\u00bb]Plateforme des collaborateurs[\/mk_fancy_title][mk_fancy_title color=\u00a0\u00bb#e61e25&Prime; size=\u00a0\u00bb30&Prime; font_weight=\u00a0\u00bb100&Prime; margin_top=\u00a0\u00bb5&Prime; margin_bottom=\u00a0\u00bb0&Prime; font_family=\u00a0\u00bbnone\u00a0\u00bb]Outil de communication entre entra\u00eeneur(s) et collaborateur(s)[\/mk_fancy_title][mk_custom_list]\n<ul>\n<li>Acc\u00e8s individuel par collaborateur<\/li>\n<li>Plan de l&rsquo;entra\u00eenement en ligne visible (groupe de l&rsquo;entra\u00eenement \/ type \/ date \/ lieu \/ heure \/ statut \/ commentaires)<\/li>\n<li>Les entra\u00eenements peuvent \u00eatre visualis\u00e9es et export\u00e9es, y compris\u00a0 des exercices programm\u00e9s\u00a0(par entra\u00eeneur)<\/li>\n<li>Le plan de l&rsquo;entra\u00eenement en ligne est mobile (exportation PDF\/XLS possible)<\/li>\n<li>Annulez les entra\u00eenement en ligne (plus d&rsquo;appels t\u00e9l\u00e9phoniques, de SMS, de WhatsApp ou d&rsquo;e-mails)<\/li>\n<li>Informations de jeu en ligne visibles (type \/ adversaire \/ r\u00e9sultat \/ date \/ heure \/ r\u00e9union \/ d\u00e9part \/ statut \/ commentaires)<\/li>\n<li>Les collaborateurs g\u00e8rent les adresses de mani\u00e8re autonome (y compris les fonctions du club ou du groupe d&rsquo;\u00e2ge)<\/li>\n<\/ul>\n[\/mk_custom_list][\/vc_column][\/vc_row][vc_row][vc_column][vc_empty_space][mk_fancy_title font_family=\u00a0\u00bbnone\u00a0\u00bb]\n<h3><strong>Aussi disponible : My Ice Hockey Dossier<br \/>\n&#8211; Module &lsquo;Dossier&rsquo; : utilisez les fonctions de dossier de My Ice Hockey<\/strong><\/h3>\n[\/mk_fancy_title][mk_divider style=\u00a0\u00bbshadow_line\u00a0\u00bb margin_bottom=\u00a0\u00bb60&Prime;][\/vc_column][\/vc_row][vc_row css=\u00a0\u00bb.vc_custom_1455708027995{margin-bottom: 32px !important;}\u00a0\u00bb][vc_column width=\u00a0\u00bb1\/3&Prime;][vc_column_text css=\u00a0\u00bb.vc_custom_1562750201087{margin-bottom: 0px !important;}\u00a0\u00bb]\n<p style=\"text-align: center;\"><strong>Gestion d&rsquo;\u00e9quipe \/ Planification par mois \/ Entra\u00eenements avec exercices<\/strong><\/p>\n[\/vc_column_text][vc_gallery type=\u00a0\u00bbnivo\u00a0\u00bb interval=\u00a0\u00bb0&Prime; images=\u00a0\u00bb2020,2058,2032,2018,2015,2014,2013,2033,2023&Prime; img_size=\u00a0\u00bbfull\u00a0\u00bb][\/vc_column][vc_column width=\u00a0\u00bb1\/3&Prime;][vc_column_text css=\u00a0\u00bb.vc_custom_1562750244400{margin-bottom: 0px !important;}\u00a0\u00bb]\n<p style=\"text-align: center;\"><strong>Jeux \/ Line-up \/ Statistiques d\u00e9taill\u00e9es des joueurs et des \u00e9quipe<\/strong><\/p>\n[\/vc_column_text][vc_gallery type=\u00a0\u00bbnivo\u00a0\u00bb interval=\u00a0\u00bb0&Prime; images=\u00a0\u00bb2473,2467,2466,2465,2468,2470,2471&Prime; img_size=\u00a0\u00bbfull\u00a0\u00bb][\/vc_column][vc_column width=\u00a0\u00bb1\/3&Prime;][vc_column_text css=\u00a0\u00bb.vc_custom_1562750316599{margin-bottom: 0px !important;}\u00a0\u00bb]\n<p style=\"text-align: center;\"><strong>\u00c9valuations et statistiques \/ Interviews \/ Tests d&rsquo;\u00e9quipe \/ Questionnaire \/ M\u00e9dical etc.<\/strong><\/p>\n[\/vc_column_text][vc_gallery type=\u00a0\u00bbnivo\u00a0\u00bb interval=\u00a0\u00bb0&Prime; images=\u00a0\u00bb2487,2486,2485,2484,2483,2479,2480,2476,2477,2478,2481,2482&Prime; img_size=\u00a0\u00bbfull\u00a0\u00bb][\/vc_column][\/vc_row][mk_page_section bg_color=\u00a0\u00bb#e61e25&Prime; enable_3d=\u00a0\u00bbtrue\u00a0\u00bb speed_factor=\u00a0\u00bb0.4&Prime; bg_gradient=\u00a0\u00bbleft_bottom\u00a0\u00bb video_opacity=\u00a0\u00bb0.5&Prime; min_height=\u00a0\u00bb275&Prime; padding_top=\u00a0\u00bb90&Prime; padding_bottom=\u00a0\u00bb90&Prime; sidebar=\u00a0\u00bbsidebar-1&Prime;][vc_column][mk_fancy_title color=\u00a0\u00bb#ffffff\u00a0\u00bb size=\u00a0\u00bb36&Prime; font_weight=\u00a0\u00bb300&Prime; margin_bottom=\u00a0\u00bb0&Prime; font_family=\u00a0\u00bbnone\u00a0\u00bb align=\u00a0\u00bbcenter\u00a0\u00bb]My Ice Hockey Pro ist <strong>ab CHF 39 pro Monat erh\u00e4ltlich<\/strong> &#8211;<strong><br \/>\n<\/strong>un prix \u00e9quitable pour de nombreux modules utiles![\/mk_fancy_title][\/vc_column][\/mk_page_section][mk_page_section top_shape_color=\u00a0\u00bb#ffffff\u00a0\u00bb bottom_shape_color=\u00a0\u00bb#ffffff\u00a0\u00bb section_id=\u00a0\u00bbhireus-form\u00a0\u00bb sidebar=\u00a0\u00bbsidebar-1&Prime;][vc_column][mk_fancy_title size=\u00a0\u00bb36&Prime; margin_top=\u00a0\u00bb40&Prime; font_family=\u00a0\u00bbnone\u00a0\u00bb align=\u00a0\u00bbcenter\u00a0\u00bb]<strong>Contactez Nous<br \/>\n<\/strong>[\/mk_fancy_title][vc_empty_space]\n<div class=\"wpcf7 no-js\" id=\"wpcf7-f5486-o1\" lang=\"fr-FR\" dir=\"ltr\">\n<div class=\"screen-reader-response\"><p role=\"status\" aria-live=\"polite\" aria-atomic=\"true\"><\/p> <ul><\/ul><\/div>\n<form action=\"\/fr\/wp-json\/wp\/v2\/pages\/4861#wpcf7-f5486-o1\" method=\"post\" class=\"wpcf7-form init\" aria-label=\"Formulaire de contact\" novalidate=\"novalidate\" data-status=\"init\">\n<div style=\"display: none;\">\n<input type=\"hidden\" name=\"_wpcf7\" value=\"5486\" \/>\n<input type=\"hidden\" name=\"_wpcf7_version\" value=\"5.7.7\" \/>\n<input type=\"hidden\" name=\"_wpcf7_locale\" value=\"fr_FR\" \/>\n<input type=\"hidden\" name=\"_wpcf7_unit_tag\" value=\"wpcf7-f5486-o1\" \/>\n<input type=\"hidden\" name=\"_wpcf7_container_post\" value=\"0\" \/>\n<input type=\"hidden\" name=\"_wpcf7_posted_data_hash\" value=\"\" \/>\n<input type=\"hidden\" name=\"_wpcf7_recaptcha_response\" value=\"\" \/>\n<\/div>\n<p class=\"form-label\">Nom et Pr\u00e9nom <span style=\"color:#eb4d61;\">*<\/span>\n<\/p>\n<p><span class=\"wpcf7-form-control-wrap\" data-name=\"client-name\"><input size=\"40\" class=\"wpcf7-form-control wpcf7-text wpcf7-validates-as-required\" id=\"client-name\" aria-required=\"true\" aria-invalid=\"false\" value=\"\" type=\"text\" name=\"client-name\" \/><\/span>\n<\/p>\n<div class=\"form-half-column\">\n\t<p class=\"form-label\">Email <span style=\"color:#eb4d61;\">*<\/span>\n\t<\/p>\n\t<p><span class=\"wpcf7-form-control-wrap\" data-name=\"client-email\"><input size=\"40\" class=\"wpcf7-form-control wpcf7-text wpcf7-email wpcf7-validates-as-required wpcf7-validates-as-email\" id=\"client-email\" aria-required=\"true\" aria-invalid=\"false\" value=\"\" type=\"email\" name=\"client-email\" \/><\/span>\n\t<\/p>\n<\/div>\n<div class=\"form-half-column\">\n\t<p class=\"form-label\"> N\u00famero de telefone\n\t<\/p>\n\t<p><span class=\"wpcf7-form-control-wrap\" data-name=\"client-phone\"><input size=\"40\" class=\"wpcf7-form-control wpcf7-text wpcf7-tel wpcf7-validates-as-tel\" id=\"client-phone\" aria-invalid=\"false\" value=\"\" type=\"tel\" name=\"client-phone\" \/><\/span>\n\t<\/p>\n<\/div>\n<p class=\"form-label\">Club\n<\/p>\n<p><span class=\"wpcf7-form-control-wrap\" data-name=\"client-info\"><input size=\"40\" class=\"wpcf7-form-control wpcf7-text\" id=\"client-info\" aria-invalid=\"false\" value=\"\" type=\"text\" name=\"client-info\" \/><\/span>\n<\/p>\n<p class=\"form-label\">Je m'int\u00e9resse \u00e0 <span style=\"color:#eb4d61;\">*<\/span>\n<\/p>\n<p><span class=\"wpcf7-form-control-wrap\" data-name=\"chosen-plan\"><select class=\"wpcf7-form-control wpcf7-select\" id=\"chosen-plan\" aria-invalid=\"false\" name=\"chosen-plan\"><option value=\"\">&#8212;Veuillez choisir une option&#8212;<\/option><option value=\"My Ice Hockey Free\">My Ice Hockey Free<\/option><option value=\"My Ice Hockey Starter\">My Ice Hockey Starter<\/option><option value=\"My Ice Hockey Basic\">My Ice Hockey Basic<\/option><option value=\"My Ice Hockey PRO\">My Ice Hockey PRO<\/option><\/select><\/span>\n<\/p>\n<p class=\"form-label\">Remarques\n<\/p>\n<p><span class=\"wpcf7-form-control-wrap\" data-name=\"project-extra\"><textarea cols=\"40\" rows=\"10\" class=\"wpcf7-form-control wpcf7-textarea\" id=\"project-extra\" aria-invalid=\"false\" name=\"project-extra\"><\/textarea><\/span>\n<\/p>\n<div class=\"clear\">\n<\/div>\n\n<div class=\"clear\">\n<\/div>\n<p><input class=\"wpcf7-form-control has-spinner wpcf7-submit\" id=\"project-submit\" type=\"submit\" value=\"Envoyer\" \/>\n<\/p>\n<div class=\"clear\">\n<\/div><div class=\"wpcf7-response-output\" aria-hidden=\"true\"><\/div>\n<\/form>\n<\/div>\n[vc_raw_js]JTNDc2NyaXB0JTIwdHlwZSUzRCUyMnRleHQlMkZqYXZhc2NyaXB0JTIyJTNFJTBBZG9jdW1lbnQuYWRkRXZlbnRMaXN0ZW5lciUyOCUyMCUyN3dwY2Y3bWFpbHNlbnQlMjclMkMlMjBmdW5jdGlvbiUyOCUyMGV2ZW50JTIwJTI5JTIwJTdCJTBBJTIwJTIwJTIwJTIwd2luZG93LmRhdGFMYXllci5wdXNoJTI4JTdCJTBBJTA5JTIwJTI3ZXZlbnQlMjclM0ElMjAlMjdwcm8lMjclMkMlMEElMDklMjAlMjdmb3JtTG9jYXRpb24lMjclM0ElMjAlMjdwcm8lMjclMEElMDklN0QlMjklM0IlMEElN0QlMkMlMjBmYWxzZSUyMCUyOSUzQiUwQSUzQyUyRnNjcmlwdCUzRQ==[\/vc_raw_js][\/vc_column][\/mk_page_section][vc_row fullwidth=\u00a0\u00bbtrue\u00a0\u00bb css=\u00a0\u00bb.vc_custom_1455705801848{padding-top: 32px !important;padding-bottom: 32px !important;background-color: #e61e25 !important;}\u00a0\u00bb][vc_column width=\u00a0\u00bb1\/3&Prime;][\/vc_column][vc_column width=\u00a0\u00bb1\/3&Prime;][mk_button dimension=\u00a0\u00bboutline\u00a0\u00bb size=\u00a0\u00bbmedium\u00a0\u00bb url=\u00a0\u00bbhttp:\/\/myice.hockey\/fr\/produkte\/\u00a0\u00bb align=\u00a0\u00bbcenter\u00a0\u00bb button_custom_width=\u00a0\u00bb300&Prime; margin_bottom=\u00a0\u00bb0&Prime; animation=\u00a0\u00bbfade-in\u00a0\u00bb outline_skin=\u00a0\u00bblight\u00a0\u00bb]Comparer tous les produits[\/mk_button][\/vc_column][vc_column width=\u00a0\u00bb1\/3&Prime;][\/vc_column][\/vc_row]\n","protected":false},"excerpt":{"rendered":"<p>[vc_row][vc_column][vc_empty_space height=\u00a0\u00bb80&Prime;][mk_fancy_title size=\u00a0\u00bb36&Prime; font_family=\u00a0\u00bbnone\u00a0\u00bb align=\u00a0\u00bbcenter\u00a0\u00bb]My Ice Hockey Pro\u00a0est le\u00a0produit id\u00e9al pour tous les entra\u00eeneurs de hockey sur glace, qui veulent utiliser un logiciel en ligne\u00a0de\u00a0planification de saison,\u00a0de gestion des \u00e9quipes et des joueurs,\u00a0de planification de l\u2019entra\u00eenement,\u00a0d\u2019administration des jeux y compris les dossier des joueurs[\/mk_fancy_title][vc_empty_space][mk_fancy_title color=\u00a0\u00bb#e61e25&Prime; size=\u00a0\u00bb28&Prime; font_weight=\u00a0\u00bb200&Prime; font_family=\u00a0\u00bbnone\u00a0\u00bb align=\u00a0\u00bbcenter\u00a0\u00bb]My Ice Hockey Pro inclus les plateformes [&hellip;]<\/p>\n","protected":false},"author":1,"featured_media":0,"parent":4849,"menu_order":0,"comment_status":"closed","ping_status":"closed","template":"","meta":{"_exactmetrics_skip_tracking":false,"_exactmetrics_sitenote_active":false,"_exactmetrics_sitenote_note":"","_exactmetrics_sitenote_category":0},"yoast_head":"<!-- This site is optimized with the Yoast SEO plugin v20.10 - https:\/\/yoast.com\/wordpress\/plugins\/seo\/ -->\n<title>My Ice Hockey Pro - My Ice Hockey<\/title>\n<meta name=\"robots\" content=\"index, follow, max-snippet:-1, max-image-preview:large, max-video-preview:-1\" \/>\n<link rel=\"canonical\" href=\"https:\/\/myice.hockey\/fr\/produkte\/my-ice-hockey-pro\/\" \/>\n<meta property=\"og:locale\" content=\"fr_FR\" \/>\n<meta property=\"og:type\" content=\"article\" \/>\n<meta property=\"og:title\" content=\"My Ice Hockey Pro - My Ice Hockey\" \/>\n<meta property=\"og:description\" content=\"[vc_row][vc_column][vc_empty_space height=\u00a0\u00bb80&Prime;][mk_fancy_title size=\u00a0\u00bb36&Prime; font_family=\u00a0\u00bbnone\u00a0\u00bb align=\u00a0\u00bbcenter\u00a0\u00bb]My Ice Hockey Pro\u00a0est le\u00a0produit id\u00e9al pour tous les entra\u00eeneurs de hockey sur glace, qui veulent utiliser un logiciel en ligne\u00a0de\u00a0planification de saison,\u00a0de gestion des \u00e9quipes et des joueurs,\u00a0de planification de l\u2019entra\u00eenement,\u00a0d\u2019administration des jeux y compris les dossier des joueurs[\/mk_fancy_title][vc_empty_space][mk_fancy_title color=\u00a0\u00bb#e61e25&Prime; size=\u00a0\u00bb28&Prime; font_weight=\u00a0\u00bb200&Prime; font_family=\u00a0\u00bbnone\u00a0\u00bb align=\u00a0\u00bbcenter\u00a0\u00bb]My Ice Hockey Pro inclus les plateformes [&hellip;]\" \/>\n<meta property=\"og:url\" content=\"https:\/\/myice.hockey\/fr\/produkte\/my-ice-hockey-pro\/\" \/>\n<meta property=\"og:site_name\" content=\"My Ice Hockey\" \/>\n<meta property=\"article:publisher\" content=\"https:\/\/www.facebook.com\/MyIceHockey\/\" \/>\n<meta property=\"article:modified_time\" content=\"2019-08-26T13:44:10+00:00\" \/>\n<meta name=\"twitter:card\" content=\"summary_large_image\" \/>\n<meta name=\"twitter:site\" content=\"@myicehockey\" \/>\n<meta name=\"twitter:label1\" content=\"Dur\u00e9e de lecture estim\u00e9e\" \/>\n\t<meta name=\"twitter:data1\" content=\"6 minutes\" \/>\n<script type=\"application\/ld+json\" class=\"yoast-schema-graph\">{\"@context\":\"https:\/\/schema.org\",\"@graph\":[{\"@type\":\"WebPage\",\"@id\":\"https:\/\/myice.hockey\/fr\/produkte\/my-ice-hockey-pro\/\",\"url\":\"https:\/\/myice.hockey\/fr\/produkte\/my-ice-hockey-pro\/\",\"name\":\"My Ice Hockey Pro - My Ice Hockey\",\"isPartOf\":{\"@id\":\"https:\/\/myice.hockey\/fr\/#website\"},\"datePublished\":\"2016-02-10T13:22:57+00:00\",\"dateModified\":\"2019-08-26T13:44:10+00:00\",\"breadcrumb\":{\"@id\":\"https:\/\/myice.hockey\/fr\/produkte\/my-ice-hockey-pro\/#breadcrumb\"},\"inLanguage\":\"fr-FR\",\"potentialAction\":[{\"@type\":\"ReadAction\",\"target\":[\"https:\/\/myice.hockey\/fr\/produkte\/my-ice-hockey-pro\/\"]}]},{\"@type\":\"BreadcrumbList\",\"@id\":\"https:\/\/myice.hockey\/fr\/produkte\/my-ice-hockey-pro\/#breadcrumb\",\"itemListElement\":[{\"@type\":\"ListItem\",\"position\":1,\"name\":\"Home\",\"item\":\"https:\/\/myice.hockey\/fr\/\"},{\"@type\":\"ListItem\",\"position\":2,\"name\":\"Produkte\",\"item\":\"https:\/\/myice.hockey\/fr\/produkte\/\"},{\"@type\":\"ListItem\",\"position\":3,\"name\":\"My Ice Hockey Pro\"}]},{\"@type\":\"WebSite\",\"@id\":\"https:\/\/myice.hockey\/fr\/#website\",\"url\":\"https:\/\/myice.hockey\/fr\/\",\"name\":\"My Ice Hockey\",\"description\":\"My Ice Hockey - From Coach to Coach\",\"publisher\":{\"@id\":\"https:\/\/myice.hockey\/fr\/#organization\"},\"potentialAction\":[{\"@type\":\"SearchAction\",\"target\":{\"@type\":\"EntryPoint\",\"urlTemplate\":\"https:\/\/myice.hockey\/fr\/?s={search_term_string}\"},\"query-input\":\"required name=search_term_string\"}],\"inLanguage\":\"fr-FR\"},{\"@type\":\"Organization\",\"@id\":\"https:\/\/myice.hockey\/fr\/#organization\",\"name\":\"myice hockey\",\"url\":\"https:\/\/myice.hockey\/fr\/\",\"logo\":{\"@type\":\"ImageObject\",\"inLanguage\":\"fr-FR\",\"@id\":\"https:\/\/myice.hockey\/fr\/#\/schema\/logo\/image\/\",\"url\":\"https:\/\/myice.hockey\/wp-content\/uploads\/logo-header.png\",\"contentUrl\":\"https:\/\/myice.hockey\/wp-content\/uploads\/logo-header.png\",\"width\":440,\"height\":508,\"caption\":\"myice hockey\"},\"image\":{\"@id\":\"https:\/\/myice.hockey\/fr\/#\/schema\/logo\/image\/\"},\"sameAs\":[\"https:\/\/www.facebook.com\/MyIceHockey\/\",\"https:\/\/twitter.com\/myicehockey\",\"https:\/\/www.instagram.com\/myicehockey\/\",\"https:\/\/www.youtube.com\/channel\/UC46lQwPzfjtjxZ20LjcgiNA\/featured\"]}]}<\/script>\n<!-- \/ Yoast SEO plugin. -->","yoast_head_json":{"title":"My Ice Hockey Pro - My Ice Hockey","robots":{"index":"index","follow":"follow","max-snippet":"max-snippet:-1","max-image-preview":"max-image-preview:large","max-video-preview":"max-video-preview:-1"},"canonical":"https:\/\/myice.hockey\/fr\/produkte\/my-ice-hockey-pro\/","og_locale":"fr_FR","og_type":"article","og_title":"My Ice Hockey Pro - My Ice Hockey","og_description":"[vc_row][vc_column][vc_empty_space height=\u00a0\u00bb80&Prime;][mk_fancy_title size=\u00a0\u00bb36&Prime; font_family=\u00a0\u00bbnone\u00a0\u00bb align=\u00a0\u00bbcenter\u00a0\u00bb]My Ice Hockey Pro\u00a0est le\u00a0produit id\u00e9al pour tous les entra\u00eeneurs de hockey sur glace, qui veulent utiliser un logiciel en ligne\u00a0de\u00a0planification de saison,\u00a0de gestion des \u00e9quipes et des joueurs,\u00a0de planification de l\u2019entra\u00eenement,\u00a0d\u2019administration des jeux y compris les dossier des joueurs[\/mk_fancy_title][vc_empty_space][mk_fancy_title color=\u00a0\u00bb#e61e25&Prime; size=\u00a0\u00bb28&Prime; font_weight=\u00a0\u00bb200&Prime; font_family=\u00a0\u00bbnone\u00a0\u00bb align=\u00a0\u00bbcenter\u00a0\u00bb]My Ice Hockey Pro inclus les plateformes [&hellip;]","og_url":"https:\/\/myice.hockey\/fr\/produkte\/my-ice-hockey-pro\/","og_site_name":"My Ice Hockey","article_publisher":"https:\/\/www.facebook.com\/MyIceHockey\/","article_modified_time":"2019-08-26T13:44:10+00:00","twitter_card":"summary_large_image","twitter_site":"@myicehockey","twitter_misc":{"Dur\u00e9e de lecture estim\u00e9e":"6 minutes"},"schema":{"@context":"https:\/\/schema.org","@graph":[{"@type":"WebPage","@id":"https:\/\/myice.hockey\/fr\/produkte\/my-ice-hockey-pro\/","url":"https:\/\/myice.hockey\/fr\/produkte\/my-ice-hockey-pro\/","name":"My Ice Hockey Pro - My Ice Hockey","isPartOf":{"@id":"https:\/\/myice.hockey\/fr\/#website"},"datePublished":"2016-02-10T13:22:57+00:00","dateModified":"2019-08-26T13:44:10+00:00","breadcrumb":{"@id":"https:\/\/myice.hockey\/fr\/produkte\/my-ice-hockey-pro\/#breadcrumb"},"inLanguage":"fr-FR","potentialAction":[{"@type":"ReadAction","target":["https:\/\/myice.hockey\/fr\/produkte\/my-ice-hockey-pro\/"]}]},{"@type":"BreadcrumbList","@id":"https:\/\/myice.hockey\/fr\/produkte\/my-ice-hockey-pro\/#breadcrumb","itemListElement":[{"@type":"ListItem","position":1,"name":"Home","item":"https:\/\/myice.hockey\/fr\/"},{"@type":"ListItem","position":2,"name":"Produkte","item":"https:\/\/myice.hockey\/fr\/produkte\/"},{"@type":"ListItem","position":3,"name":"My Ice Hockey Pro"}]},{"@type":"WebSite","@id":"https:\/\/myice.hockey\/fr\/#website","url":"https:\/\/myice.hockey\/fr\/","name":"My Ice Hockey","description":"My Ice Hockey - From Coach to Coach","publisher":{"@id":"https:\/\/myice.hockey\/fr\/#organization"},"potentialAction":[{"@type":"SearchAction","target":{"@type":"EntryPoint","urlTemplate":"https:\/\/myice.hockey\/fr\/?s={search_term_string}"},"query-input":"required name=search_term_string"}],"inLanguage":"fr-FR"},{"@type":"Organization","@id":"https:\/\/myice.hockey\/fr\/#organization","name":"myice hockey","url":"https:\/\/myice.hockey\/fr\/","logo":{"@type":"ImageObject","inLanguage":"fr-FR","@id":"https:\/\/myice.hockey\/fr\/#\/schema\/logo\/image\/","url":"https:\/\/myice.hockey\/wp-content\/uploads\/logo-header.png","contentUrl":"https:\/\/myice.hockey\/wp-content\/uploads\/logo-header.png","width":440,"height":508,"caption":"myice hockey"},"image":{"@id":"https:\/\/myice.hockey\/fr\/#\/schema\/logo\/image\/"},"sameAs":["https:\/\/www.facebook.com\/MyIceHockey\/","https:\/\/twitter.com\/myicehockey","https:\/\/www.instagram.com\/myicehockey\/","https:\/\/www.youtube.com\/channel\/UC46lQwPzfjtjxZ20LjcgiNA\/featured"]}]}},"_links":{"self":[{"href":"https:\/\/myice.hockey\/fr\/wp-json\/wp\/v2\/pages\/4861"}],"collection":[{"href":"https:\/\/myice.hockey\/fr\/wp-json\/wp\/v2\/pages"}],"about":[{"href":"https:\/\/myice.hockey\/fr\/wp-json\/wp\/v2\/types\/page"}],"author":[{"embeddable":true,"href":"https:\/\/myice.hockey\/fr\/wp-json\/wp\/v2\/users\/1"}],"replies":[{"embeddable":true,"href":"https:\/\/myice.hockey\/fr\/wp-json\/wp\/v2\/comments?post=4861"}],"version-history":[{"count":6,"href":"https:\/\/myice.hockey\/fr\/wp-json\/wp\/v2\/pages\/4861\/revisions"}],"predecessor-version":[{"id":5501,"href":"https:\/\/myice.hockey\/fr\/wp-json\/wp\/v2\/pages\/4861\/revisions\/5501"}],"up":[{"embeddable":true,"href":"https:\/\/myice.hockey\/fr\/wp-json\/wp\/v2\/pages\/4849"}],"wp:attachment":[{"href":"https:\/\/myice.hockey\/fr\/wp-json\/wp\/v2\/media?parent=4861"}],"curies":[{"name":"wp","href":"https:\/\/api.w.org\/{rel}","templated":true}]}}