{"id":4843,"date":"2019-02-21T16:12:01","date_gmt":"2019-02-21T16:12:01","guid":{"rendered":"https:\/\/myice.hockey\/?page_id=4843\/"},"modified":"2024-08-07T09:03:16","modified_gmt":"2024-08-07T09:03:16","slug":"academy","status":"publish","type":"page","link":"https:\/\/myice.hockey\/fr\/academy\/","title":{"rendered":"Academy"},"content":{"rendered":"[mk_page_section bg_image=\u00a0\u00bbhttps:\/\/myice.hockey\/wp-content\/uploads\/background_mih.jpg\u00a0\u00bb bg_repeat=\u00a0\u00bbno-repeat\u00a0\u00bb bg_stretch=\u00a0\u00bbtrue\u00a0\u00bb enable_3d=\u00a0\u00bbtrue\u00a0\u00bb padding_top=\u00a0\u00bb40&Prime; padding_bottom=\u00a0\u00bb40&Prime; sidebar=\u00a0\u00bbsidebar-1&Prime;][vc_column][mk_padding_divider size=\u00a0\u00bb150&Prime;][mk_fancy_title color=\u00a0\u00bb#221c1e\u00a0\u00bb size=\u00a0\u00bb45&Prime; font_weight=\u00a0\u00bb300&Prime; letter_spacing=\u00a0\u00bb-2&Prime; margin_top=\u00a0\u00bb40&Prime; margin_bottom=\u00a0\u00bb0&Prime; font_family=\u00a0\u00bbnone\u00a0\u00bb align=\u00a0\u00bbcenter\u00a0\u00bb animation=\u00a0\u00bbbottom-to-top\u00a0\u00bb]My Ice Hockey<strong> Academy<br \/>\n<\/strong>[\/mk_fancy_title][mk_image src=\u00a0\u00bbhttps:\/\/myice.hockey\/wp-content\/uploads\/line.png\u00a0\u00bb align=\u00a0\u00bbcenter\u00a0\u00bb margin_bottom=\u00a0\u00bb17&Prime; animation=\u00a0\u00bbbottom-to-top\u00a0\u00bb crop=\u00a0\u00bbfalse\u00a0\u00bb][vc_row_inner css=\u00a0\u00bb.vc_custom_1544721880881{margin-bottom: 0px !important;padding-bottom: 0px !important;}\u00a0\u00bb][vc_column_inner width=\u00a0\u00bb2\/4&Prime;][mk_padding_divider size=\u00a0\u00bb150&Prime;][mk_image src=\u00a0\u00bbhttps:\/\/myice.hockey\/wp-content\/uploads\/mih_academy-logo.png\u00a0\u00bb image_size=\u00a0\u00bbfull\u00a0\u00bb align=\u00a0\u00bbcenter\u00a0\u00bb margin_bottom=\u00a0\u00bb0&Prime;][\/vc_column_inner][vc_column_inner width=\u00a0\u00bb2\/4&Prime; css=\u00a0\u00bb.vc_custom_1544721865802{margin-bottom: 0px !important;padding-bottom: 0px !important;}\u00a0\u00bb][mk_padding_divider size=\u00a0\u00bb20&Prime;][mk_custom_box corner_radius=\u00a0\u00bb5&Prime; padding_vertical=\u00a0\u00bb50&Prime; padding_horizental=\u00a0\u00bb40&Prime; min_height=\u00a0\u00bb300&Prime; bg_color=\u00a0\u00bb#ffffff\u00a0\u00bb][mk_fancy_title size=\u00a0\u00bb25&Prime; font_weight=\u00a0\u00bbbold\u00a0\u00bb margin_bottom=\u00a0\u00bb0&Prime; font_family=\u00a0\u00bbnone\u00a0\u00bb responsive_align=\u00a0\u00bbleft\u00a0\u00bb]Que propose la<br \/>\nMy Ice Hockey Academy?[\/mk_fancy_title][mk_divider style=\u00a0\u00bbthin_solid\u00a0\u00bb divider_width=\u00a0\u00bbcustom_width\u00a0\u00bb custom_width=\u00a0\u00bb30&Prime; align=\u00a0\u00bbleft\u00a0\u00bb thin_single_color=\u00a0\u00bb#e51718&Prime; thickness=\u00a0\u00bb3&Prime; margin_top=\u00a0\u00bb0&Prime;][vc_column_text css=\u00a0\u00bb.vc_custom_1723021315623{margin-bottom: 0px !important;}\u00a0\u00bb]\n<h4><span style=\"color: #333333;\"><strong>Vid\u00e9os de soir\u00e9es communautaires enregistr\u00e9es<\/strong><br \/>\nLes entra\u00eeneurs racontent la vie quotidienne de My Ice Hockey<br \/>\n<\/span><\/h4>\n<h4><strong><span style=\"color: #333333;\">Webinaire enregistr\u00e9<br \/>\n<\/span><\/strong><span style=\"color: #333333;\">Regardez l&rsquo;un de nos webinaires enregistr\u00e9s<\/span><\/h4>\n<h4><span style=\"color: #333333;\"><strong>Tutoriels vid\u00e9o<\/strong><br \/>\nDes tutoriels vid\u00e9o courts et accrocheurs pour vous<\/span><\/h4>\n<h4><span style=\"color: #333333;\"><strong>D\u00e9mo personnalis\u00e9e<\/strong><br \/>\nNous sommes \u00e9galement heureux de vous donner une d\u00e9monstration individuelle<br \/>\n<\/span><\/h4>\n<h4><span style=\"color: #333333;\"><strong>Cours de recyclage<\/strong><br \/>\nLaissez-nous vous\/votre \u00e9quipe\u00a0<\/span><span style=\"color: #333333;\">(\u00e0 nouveau)\u00a0<\/span><span style=\"color: #333333;\">montrer les d\u00e9tails<br \/>\n<\/span><\/h4>\n<h4><span style=\"color: #333333;\"><strong>Podcast<\/strong><br \/>\n\u00c9couter un podcast sur My Ice Hockey<br \/>\n<\/span><\/h4>\n[\/vc_column_text][\/mk_custom_box][\/vc_column_inner][\/vc_row_inner][\/vc_column][\/mk_page_section][mk_page_section bg_color=\u00a0\u00bb#2f2829&Prime; min_height=\u00a0\u00bb200&Prime; padding_top=\u00a0\u00bb0&Prime; padding_bottom=\u00a0\u00bb0&Prime; sidebar=\u00a0\u00bbsidebar-1&Prime;][vc_column][mk_padding_divider size=\u00a0\u00bb60&Prime;][\/vc_column][vc_column width=\u00a0\u00bb1\/2&Prime;][mk_fancy_title color=\u00a0\u00bb#ffffff\u00a0\u00bb size=\u00a0\u00bb25&Prime; font_weight=\u00a0\u00bb300&Prime; margin_bottom=\u00a0\u00bb0&Prime; font_family=\u00a0\u00bbnone\u00a0\u00bb responsive_align=\u00a0\u00bbleft\u00a0\u00bb]\n<h2 class=\"blog-single-title\"><span style=\"color: #ffffff;\"><strong>Vid\u00e9os de la soir\u00e9e de la communaut\u00e9<br \/>\n<\/strong>Aper\u00e7u de la vie quotidienne de My Ice Hockey (en allemand)<\/span><\/h2>\n<p><strong><a href=\"https:\/\/www.youtube.com\/watch?v=_hUm6waEjtI&amp;t=2s\" target=\"_blank\" rel=\"noopener\"><span style=\"color: #808080;\">\u00ab\u00a0Comment je fais la planification de l&rsquo;entra\u00eenement\u00a0\u00bb avec Thomas Jungo, Seensee Future (CH)<\/span><\/a><\/strong><\/p>\n<p><strong><a href=\"https:\/\/www.youtube.com\/watch?v=iYwTwx3HOSQ&amp;t=10s\" target=\"_blank\" rel=\"noopener\"><span style=\"color: #808080;\">\u00ab\u00a0Aper\u00e7u de ma gestion de la comp\u00e9tition\u00a0\u00bb avec Gerd Gruber, Acad\u00e9mie de Styrie (AT)<\/span><\/a><\/strong><\/p>\n<p><strong><a href=\"https:\/\/www.youtube.com\/watch?v=dcgCDpmCJH4&amp;t=122s\" target=\"_blank\" rel=\"noopener\"><span style=\"color: #808080;\">\u00ab\u00a0Je vous montre comment j&rsquo;utilise les tests et les interviews\u00a0\u00bb avec Torsten Fendt, Augsburger EV (DE)<\/span><\/a><\/strong>[\/mk_fancy_title][\/vc_column][vc_column width=\u00a0\u00bb1\/2&Prime;][mk_fancy_title color=\u00a0\u00bb#ffffff\u00a0\u00bb size=\u00a0\u00bb25&Prime; font_weight=\u00a0\u00bb300&Prime; margin_bottom=\u00a0\u00bb0&Prime; font_family=\u00a0\u00bbnone\u00a0\u00bb responsive_align=\u00a0\u00bbleft\u00a0\u00bb]\n<h2 class=\"blog-single-title\"><span style=\"color: #ffffff;\"><strong>Webinaire enregistr\u00e9<br \/>\n<\/strong>30 minutes d&rsquo;introduction \u00e0 My Ice Hockey<\/span><\/h2>\n<div class=\"mk-single-content clearfix\">\n<p><span style=\"color: #ffffff;\"><span style=\"color: #999999;\"><strong><a href=\"https:\/\/www.youtube.com\/watch?v=g3ix11Lb1HQ\" target=\"_blank\" rel=\"noopener\"><span style=\"color: #808080;\">Voir le webinaire enregistr\u00e9 (en allemand)<\/span><\/a><br \/>\n<\/strong><\/span><\/span><\/p>\n<\/div>\n[\/mk_fancy_title][\/vc_column][vc_column][mk_padding_divider][\/vc_column][\/mk_page_section][mk_page_section bg_color=\u00a0\u00bb#e51718&Prime; min_height=\u00a0\u00bb150&Prime; js_vertical_centered=\u00a0\u00bbtrue\u00a0\u00bb sidebar=\u00a0\u00bbsidebar-1&Prime;][vc_column][mk_fancy_title color=\u00a0\u00bb#ffffff\u00a0\u00bb size=\u00a0\u00bb35&Prime; font_weight=\u00a0\u00bb400&Prime; margin_top=\u00a0\u00bb10&Prime; margin_bottom=\u00a0\u00bb0&Prime; font_family=\u00a0\u00bbnone\u00a0\u00bb align=\u00a0\u00bbcenter\u00a0\u00bb]\n<h3><span style=\"color: #ffffff;\">Cliquez <a style=\"color: #ffffff;\" href=\"https:\/\/myice.hockey\/fr\/demo-access\/\" target=\"_blank\" rel=\"noopener\"><strong>ICI<\/strong><\/a> pour demander une d\u00e9monstration individuelle<\/span><\/h3>\n[\/mk_fancy_title][\/vc_column][\/mk_page_section][mk_page_section bg_color=\u00a0\u00bb#2f2829&Prime; min_height=\u00a0\u00bb200&Prime; padding_top=\u00a0\u00bb0&Prime; padding_bottom=\u00a0\u00bb0&Prime; sidebar=\u00a0\u00bbsidebar-1&Prime;][vc_column][mk_padding_divider size=\u00a0\u00bb60&Prime;][\/vc_column][vc_column width=\u00a0\u00bb1\/2&Prime;][mk_fancy_title color=\u00a0\u00bb#ffffff\u00a0\u00bb size=\u00a0\u00bb25&Prime; font_weight=\u00a0\u00bb300&Prime; margin_bottom=\u00a0\u00bb0&Prime; font_family=\u00a0\u00bbnone\u00a0\u00bb responsive_align=\u00a0\u00bbleft\u00a0\u00bb]\n<h2 class=\"blog-single-title\"><span style=\"color: #ffffff;\"><strong>Tutoriels Vid\u00e9o<br \/>\n<\/strong>Aper\u00e7u des diff\u00e9rents modules de<br \/>\nMy Ice Hockey<br \/>\n<\/span><\/h2>\n<p><strong><span style=\"color: #808080;\">Regardez les tutoriels vid\u00e9o ici:<br \/>\n<\/span><a href=\"https:\/\/www.youtube.com\/playlist?list=PLshFOZiFIQ9rthEhyBz72kT5CFDlMsaXb\" target=\"_blank\" rel=\"noopener\"><span style=\"color: #808080;\">En allemand<\/span><\/a><\/strong><br \/>\n<strong><a href=\"https:\/\/www.youtube.com\/playlist?list=PLshFOZiFIQ9q6R-O6K6drFUBQj0aA-QCS\" target=\"_blank\" rel=\"noopener\"><span style=\"color: #808080;\">En anglais<\/span><\/a><\/strong>[\/mk_fancy_title][\/vc_column][vc_column width=\u00a0\u00bb1\/2&Prime;][mk_fancy_title color=\u00a0\u00bb#ffffff\u00a0\u00bb size=\u00a0\u00bb25&Prime; font_weight=\u00a0\u00bb300&Prime; margin_bottom=\u00a0\u00bb0&Prime; font_family=\u00a0\u00bbnone\u00a0\u00bb responsive_align=\u00a0\u00bbleft\u00a0\u00bb]\n<h2 class=\"blog-single-title\"><span style=\"color: #ffffff;\"><strong>Podcast<\/strong><br \/>\nAaron Wilbur (The Coaches Site) parle de My Ice Hockey<br \/>\n<\/span><\/h2>\n<div class=\"mk-single-content clearfix\">\n<p><strong><span style=\"color: #808080;\"><a style=\"color: #808080;\" href=\"https:\/\/www.youtube.com\/watch?v=i0tyZ7SQP0E\" target=\"_blank\" rel=\"noopener\">\u00c9coutez le podcast ici<\/a><\/span><\/strong><\/p>\n<\/div>\n[\/mk_fancy_title][\/vc_column][vc_column][mk_padding_divider][\/vc_column][\/mk_page_section][mk_page_section layout_structure=\u00a0\u00bbhalf_left\u00a0\u00bb bg_image=\u00a0\u00bbhttps:\/\/myice.hockey\/wp-content\/uploads\/mih_image07.jpg\u00a0\u00bb bg_color=\u00a0\u00bb#ffffff\u00a0\u00bb bg_stretch=\u00a0\u00bbtrue\u00a0\u00bb video_color_mask=\u00a0\u00bb#000000&Prime; min_height=\u00a0\u00bb500&Prime; js_vertical_centered=\u00a0\u00bbtrue\u00a0\u00bb padding_top=\u00a0\u00bb30&Prime; padding_bottom=\u00a0\u00bb30&Prime;][vc_column][mk_fancy_title size=\u00a0\u00bb35&Prime; font_weight=\u00a0\u00bbbold\u00a0\u00bb margin_bottom=\u00a0\u00bb0&Prime; font_family=\u00a0\u00bbnone\u00a0\u00bb responsive_align=\u00a0\u00bbleft\u00a0\u00bb]Cours de recyclage?[\/mk_fancy_title][mk_fancy_title size=\u00a0\u00bb25&Prime; font_weight=\u00a0\u00bb400&Prime; margin_bottom=\u00a0\u00bb0&Prime; font_family=\u00a0\u00bbnone\u00a0\u00bb responsive_align=\u00a0\u00bbleft\u00a0\u00bb]Voulez-vous &#8211; ou votre \u00e9quipe &#8211; suivre un cours de recyclage?[\/mk_fancy_title][vc_column_text css=\u00a0\u00bb.vc_custom_1613653360714{margin-bottom: 0px !important;}\u00a0\u00bb]Contactez-nous <span style=\"color: #ff0000;\"><em><a style=\"color: #ff0000;\" href=\"https:\/\/myice.hockey\/fr\/contactez-nous\/\" target=\"_blank\" rel=\"noopener\">directement<\/a><\/em><\/span>.[\/vc_column_text][\/vc_column][\/mk_page_section]\n","protected":false},"excerpt":{"rendered":"<p>[mk_page_section bg_image=\u00a0\u00bbhttps:\/\/myice.hockey\/wp-content\/uploads\/background_mih.jpg\u00a0\u00bb bg_repeat=\u00a0\u00bbno-repeat\u00a0\u00bb bg_stretch=\u00a0\u00bbtrue\u00a0\u00bb enable_3d=\u00a0\u00bbtrue\u00a0\u00bb padding_top=\u00a0\u00bb40&Prime; padding_bottom=\u00a0\u00bb40&Prime; sidebar=\u00a0\u00bbsidebar-1&Prime;][vc_column][mk_padding_divider size=\u00a0\u00bb150&Prime;][mk_fancy_title color=\u00a0\u00bb#221c1e\u00a0\u00bb size=\u00a0\u00bb45&Prime; font_weight=\u00a0\u00bb300&Prime; letter_spacing=\u00a0\u00bb-2&Prime; margin_top=\u00a0\u00bb40&Prime; margin_bottom=\u00a0\u00bb0&Prime; font_family=\u00a0\u00bbnone\u00a0\u00bb align=\u00a0\u00bbcenter\u00a0\u00bb animation=\u00a0\u00bbbottom-to-top\u00a0\u00bb]My Ice Hockey Academy [\/mk_fancy_title][mk_image src=\u00a0\u00bbhttps:\/\/myice.hockey\/wp-content\/uploads\/line.png\u00a0\u00bb align=\u00a0\u00bbcenter\u00a0\u00bb margin_bottom=\u00a0\u00bb17&Prime; animation=\u00a0\u00bbbottom-to-top\u00a0\u00bb crop=\u00a0\u00bbfalse\u00a0\u00bb][vc_row_inner css=\u00a0\u00bb.vc_custom_1544721880881{margin-bottom: 0px !important;padding-bottom: 0px !important;}\u00a0\u00bb][vc_column_inner width=\u00a0\u00bb2\/4&Prime;][mk_padding_divider size=\u00a0\u00bb150&Prime;][mk_image src=\u00a0\u00bbhttps:\/\/myice.hockey\/wp-content\/uploads\/mih_academy-logo.png\u00a0\u00bb image_size=\u00a0\u00bbfull\u00a0\u00bb align=\u00a0\u00bbcenter\u00a0\u00bb margin_bottom=\u00a0\u00bb0&Prime;][\/vc_column_inner][vc_column_inner width=\u00a0\u00bb2\/4&Prime; css=\u00a0\u00bb.vc_custom_1544721865802{margin-bottom: 0px !important;padding-bottom: 0px !important;}\u00a0\u00bb][mk_padding_divider size=\u00a0\u00bb20&Prime;][mk_custom_box corner_radius=\u00a0\u00bb5&Prime; padding_vertical=\u00a0\u00bb50&Prime; padding_horizental=\u00a0\u00bb40&Prime; min_height=\u00a0\u00bb300&Prime; bg_color=\u00a0\u00bb#ffffff\u00a0\u00bb][mk_fancy_title size=\u00a0\u00bb25&Prime; font_weight=\u00a0\u00bbbold\u00a0\u00bb margin_bottom=\u00a0\u00bb0&Prime; font_family=\u00a0\u00bbnone\u00a0\u00bb responsive_align=\u00a0\u00bbleft\u00a0\u00bb]Que [&hellip;]<\/p>\n","protected":false},"author":1,"featured_media":0,"parent":0,"menu_order":0,"comment_status":"closed","ping_status":"closed","template":"","meta":{"_exactmetrics_skip_tracking":false,"_exactmetrics_sitenote_active":false,"_exactmetrics_sitenote_note":"","_exactmetrics_sitenote_category":0},"yoast_head":"<!-- This site is optimized with the Yoast SEO plugin v20.10 - https:\/\/yoast.com\/wordpress\/plugins\/seo\/ -->\n<title>Academy - My Ice Hockey<\/title>\n<meta name=\"robots\" content=\"index, follow, max-snippet:-1, max-image-preview:large, max-video-preview:-1\" \/>\n<link rel=\"canonical\" href=\"https:\/\/myice.hockey\/fr\/academy\/\" \/>\n<meta property=\"og:locale\" content=\"fr_FR\" \/>\n<meta property=\"og:type\" content=\"article\" \/>\n<meta property=\"og:title\" content=\"Academy - My Ice Hockey\" \/>\n<meta property=\"og:description\" content=\"[mk_page_section bg_image=\u00a0\u00bbhttps:\/\/myice.hockey\/wp-content\/uploads\/background_mih.jpg\u00a0\u00bb bg_repeat=\u00a0\u00bbno-repeat\u00a0\u00bb bg_stretch=\u00a0\u00bbtrue\u00a0\u00bb enable_3d=\u00a0\u00bbtrue\u00a0\u00bb padding_top=\u00a0\u00bb40&Prime; padding_bottom=\u00a0\u00bb40&Prime; sidebar=\u00a0\u00bbsidebar-1&Prime;][vc_column][mk_padding_divider size=\u00a0\u00bb150&Prime;][mk_fancy_title color=\u00a0\u00bb#221c1e\u00a0\u00bb size=\u00a0\u00bb45&Prime; font_weight=\u00a0\u00bb300&Prime; letter_spacing=\u00a0\u00bb-2&Prime; margin_top=\u00a0\u00bb40&Prime; margin_bottom=\u00a0\u00bb0&Prime; font_family=\u00a0\u00bbnone\u00a0\u00bb align=\u00a0\u00bbcenter\u00a0\u00bb animation=\u00a0\u00bbbottom-to-top\u00a0\u00bb]My Ice Hockey Academy [\/mk_fancy_title][mk_image src=\u00a0\u00bbhttps:\/\/myice.hockey\/wp-content\/uploads\/line.png\u00a0\u00bb align=\u00a0\u00bbcenter\u00a0\u00bb margin_bottom=\u00a0\u00bb17&Prime; animation=\u00a0\u00bbbottom-to-top\u00a0\u00bb crop=\u00a0\u00bbfalse\u00a0\u00bb][vc_row_inner css=\u00a0\u00bb.vc_custom_1544721880881{margin-bottom: 0px !important;padding-bottom: 0px !important;}\u00a0\u00bb][vc_column_inner width=\u00a0\u00bb2\/4&Prime;][mk_padding_divider size=\u00a0\u00bb150&Prime;][mk_image src=\u00a0\u00bbhttps:\/\/myice.hockey\/wp-content\/uploads\/mih_academy-logo.png\u00a0\u00bb image_size=\u00a0\u00bbfull\u00a0\u00bb align=\u00a0\u00bbcenter\u00a0\u00bb margin_bottom=\u00a0\u00bb0&Prime;][\/vc_column_inner][vc_column_inner width=\u00a0\u00bb2\/4&Prime; css=\u00a0\u00bb.vc_custom_1544721865802{margin-bottom: 0px !important;padding-bottom: 0px !important;}\u00a0\u00bb][mk_padding_divider size=\u00a0\u00bb20&Prime;][mk_custom_box corner_radius=\u00a0\u00bb5&Prime; padding_vertical=\u00a0\u00bb50&Prime; padding_horizental=\u00a0\u00bb40&Prime; min_height=\u00a0\u00bb300&Prime; bg_color=\u00a0\u00bb#ffffff\u00a0\u00bb][mk_fancy_title size=\u00a0\u00bb25&Prime; font_weight=\u00a0\u00bbbold\u00a0\u00bb margin_bottom=\u00a0\u00bb0&Prime; font_family=\u00a0\u00bbnone\u00a0\u00bb responsive_align=\u00a0\u00bbleft\u00a0\u00bb]Que [&hellip;]\" \/>\n<meta property=\"og:url\" content=\"https:\/\/myice.hockey\/fr\/academy\/\" \/>\n<meta property=\"og:site_name\" content=\"My Ice Hockey\" \/>\n<meta property=\"article:publisher\" content=\"https:\/\/www.facebook.com\/MyIceHockey\/\" \/>\n<meta property=\"article:modified_time\" content=\"2024-08-07T09:03:16+00:00\" \/>\n<meta name=\"twitter:card\" content=\"summary_large_image\" \/>\n<meta name=\"twitter:site\" content=\"@myicehockey\" \/>\n<meta name=\"twitter:label1\" content=\"Dur\u00e9e de lecture estim\u00e9e\" \/>\n\t<meta name=\"twitter:data1\" content=\"2 minutes\" \/>\n<script type=\"application\/ld+json\" class=\"yoast-schema-graph\">{\"@context\":\"https:\/\/schema.org\",\"@graph\":[{\"@type\":\"WebPage\",\"@id\":\"https:\/\/myice.hockey\/fr\/academy\/\",\"url\":\"https:\/\/myice.hockey\/fr\/academy\/\",\"name\":\"Academy - My Ice Hockey\",\"isPartOf\":{\"@id\":\"https:\/\/myice.hockey\/fr\/#website\"},\"datePublished\":\"2019-02-21T16:12:01+00:00\",\"dateModified\":\"2024-08-07T09:03:16+00:00\",\"breadcrumb\":{\"@id\":\"https:\/\/myice.hockey\/fr\/academy\/#breadcrumb\"},\"inLanguage\":\"fr-FR\",\"potentialAction\":[{\"@type\":\"ReadAction\",\"target\":[\"https:\/\/myice.hockey\/fr\/academy\/\"]}]},{\"@type\":\"BreadcrumbList\",\"@id\":\"https:\/\/myice.hockey\/fr\/academy\/#breadcrumb\",\"itemListElement\":[{\"@type\":\"ListItem\",\"position\":1,\"name\":\"Home\",\"item\":\"https:\/\/myice.hockey\/fr\/\"},{\"@type\":\"ListItem\",\"position\":2,\"name\":\"Academy\"}]},{\"@type\":\"WebSite\",\"@id\":\"https:\/\/myice.hockey\/fr\/#website\",\"url\":\"https:\/\/myice.hockey\/fr\/\",\"name\":\"My Ice Hockey\",\"description\":\"My Ice Hockey - From Coach to Coach\",\"publisher\":{\"@id\":\"https:\/\/myice.hockey\/fr\/#organization\"},\"potentialAction\":[{\"@type\":\"SearchAction\",\"target\":{\"@type\":\"EntryPoint\",\"urlTemplate\":\"https:\/\/myice.hockey\/fr\/?s={search_term_string}\"},\"query-input\":\"required name=search_term_string\"}],\"inLanguage\":\"fr-FR\"},{\"@type\":\"Organization\",\"@id\":\"https:\/\/myice.hockey\/fr\/#organization\",\"name\":\"myice hockey\",\"url\":\"https:\/\/myice.hockey\/fr\/\",\"logo\":{\"@type\":\"ImageObject\",\"inLanguage\":\"fr-FR\",\"@id\":\"https:\/\/myice.hockey\/fr\/#\/schema\/logo\/image\/\",\"url\":\"https:\/\/myice.hockey\/wp-content\/uploads\/logo-header.png\",\"contentUrl\":\"https:\/\/myice.hockey\/wp-content\/uploads\/logo-header.png\",\"width\":440,\"height\":508,\"caption\":\"myice hockey\"},\"image\":{\"@id\":\"https:\/\/myice.hockey\/fr\/#\/schema\/logo\/image\/\"},\"sameAs\":[\"https:\/\/www.facebook.com\/MyIceHockey\/\",\"https:\/\/twitter.com\/myicehockey\",\"https:\/\/www.instagram.com\/myicehockey\/\",\"https:\/\/www.youtube.com\/channel\/UC46lQwPzfjtjxZ20LjcgiNA\/featured\"]}]}<\/script>\n<!-- \/ Yoast SEO plugin. -->","yoast_head_json":{"title":"Academy - My Ice Hockey","robots":{"index":"index","follow":"follow","max-snippet":"max-snippet:-1","max-image-preview":"max-image-preview:large","max-video-preview":"max-video-preview:-1"},"canonical":"https:\/\/myice.hockey\/fr\/academy\/","og_locale":"fr_FR","og_type":"article","og_title":"Academy - My Ice Hockey","og_description":"[mk_page_section bg_image=\u00a0\u00bbhttps:\/\/myice.hockey\/wp-content\/uploads\/background_mih.jpg\u00a0\u00bb bg_repeat=\u00a0\u00bbno-repeat\u00a0\u00bb bg_stretch=\u00a0\u00bbtrue\u00a0\u00bb enable_3d=\u00a0\u00bbtrue\u00a0\u00bb padding_top=\u00a0\u00bb40&Prime; padding_bottom=\u00a0\u00bb40&Prime; sidebar=\u00a0\u00bbsidebar-1&Prime;][vc_column][mk_padding_divider size=\u00a0\u00bb150&Prime;][mk_fancy_title color=\u00a0\u00bb#221c1e\u00a0\u00bb size=\u00a0\u00bb45&Prime; font_weight=\u00a0\u00bb300&Prime; letter_spacing=\u00a0\u00bb-2&Prime; margin_top=\u00a0\u00bb40&Prime; margin_bottom=\u00a0\u00bb0&Prime; font_family=\u00a0\u00bbnone\u00a0\u00bb align=\u00a0\u00bbcenter\u00a0\u00bb animation=\u00a0\u00bbbottom-to-top\u00a0\u00bb]My Ice Hockey Academy [\/mk_fancy_title][mk_image src=\u00a0\u00bbhttps:\/\/myice.hockey\/wp-content\/uploads\/line.png\u00a0\u00bb align=\u00a0\u00bbcenter\u00a0\u00bb margin_bottom=\u00a0\u00bb17&Prime; animation=\u00a0\u00bbbottom-to-top\u00a0\u00bb crop=\u00a0\u00bbfalse\u00a0\u00bb][vc_row_inner css=\u00a0\u00bb.vc_custom_1544721880881{margin-bottom: 0px !important;padding-bottom: 0px !important;}\u00a0\u00bb][vc_column_inner width=\u00a0\u00bb2\/4&Prime;][mk_padding_divider size=\u00a0\u00bb150&Prime;][mk_image src=\u00a0\u00bbhttps:\/\/myice.hockey\/wp-content\/uploads\/mih_academy-logo.png\u00a0\u00bb image_size=\u00a0\u00bbfull\u00a0\u00bb align=\u00a0\u00bbcenter\u00a0\u00bb margin_bottom=\u00a0\u00bb0&Prime;][\/vc_column_inner][vc_column_inner width=\u00a0\u00bb2\/4&Prime; css=\u00a0\u00bb.vc_custom_1544721865802{margin-bottom: 0px !important;padding-bottom: 0px !important;}\u00a0\u00bb][mk_padding_divider size=\u00a0\u00bb20&Prime;][mk_custom_box corner_radius=\u00a0\u00bb5&Prime; padding_vertical=\u00a0\u00bb50&Prime; padding_horizental=\u00a0\u00bb40&Prime; min_height=\u00a0\u00bb300&Prime; bg_color=\u00a0\u00bb#ffffff\u00a0\u00bb][mk_fancy_title size=\u00a0\u00bb25&Prime; font_weight=\u00a0\u00bbbold\u00a0\u00bb margin_bottom=\u00a0\u00bb0&Prime; font_family=\u00a0\u00bbnone\u00a0\u00bb responsive_align=\u00a0\u00bbleft\u00a0\u00bb]Que [&hellip;]","og_url":"https:\/\/myice.hockey\/fr\/academy\/","og_site_name":"My Ice Hockey","article_publisher":"https:\/\/www.facebook.com\/MyIceHockey\/","article_modified_time":"2024-08-07T09:03:16+00:00","twitter_card":"summary_large_image","twitter_site":"@myicehockey","twitter_misc":{"Dur\u00e9e de lecture estim\u00e9e":"2 minutes"},"schema":{"@context":"https:\/\/schema.org","@graph":[{"@type":"WebPage","@id":"https:\/\/myice.hockey\/fr\/academy\/","url":"https:\/\/myice.hockey\/fr\/academy\/","name":"Academy - My Ice Hockey","isPartOf":{"@id":"https:\/\/myice.hockey\/fr\/#website"},"datePublished":"2019-02-21T16:12:01+00:00","dateModified":"2024-08-07T09:03:16+00:00","breadcrumb":{"@id":"https:\/\/myice.hockey\/fr\/academy\/#breadcrumb"},"inLanguage":"fr-FR","potentialAction":[{"@type":"ReadAction","target":["https:\/\/myice.hockey\/fr\/academy\/"]}]},{"@type":"BreadcrumbList","@id":"https:\/\/myice.hockey\/fr\/academy\/#breadcrumb","itemListElement":[{"@type":"ListItem","position":1,"name":"Home","item":"https:\/\/myice.hockey\/fr\/"},{"@type":"ListItem","position":2,"name":"Academy"}]},{"@type":"WebSite","@id":"https:\/\/myice.hockey\/fr\/#website","url":"https:\/\/myice.hockey\/fr\/","name":"My Ice Hockey","description":"My Ice Hockey - From Coach to Coach","publisher":{"@id":"https:\/\/myice.hockey\/fr\/#organization"},"potentialAction":[{"@type":"SearchAction","target":{"@type":"EntryPoint","urlTemplate":"https:\/\/myice.hockey\/fr\/?s={search_term_string}"},"query-input":"required name=search_term_string"}],"inLanguage":"fr-FR"},{"@type":"Organization","@id":"https:\/\/myice.hockey\/fr\/#organization","name":"myice hockey","url":"https:\/\/myice.hockey\/fr\/","logo":{"@type":"ImageObject","inLanguage":"fr-FR","@id":"https:\/\/myice.hockey\/fr\/#\/schema\/logo\/image\/","url":"https:\/\/myice.hockey\/wp-content\/uploads\/logo-header.png","contentUrl":"https:\/\/myice.hockey\/wp-content\/uploads\/logo-header.png","width":440,"height":508,"caption":"myice hockey"},"image":{"@id":"https:\/\/myice.hockey\/fr\/#\/schema\/logo\/image\/"},"sameAs":["https:\/\/www.facebook.com\/MyIceHockey\/","https:\/\/twitter.com\/myicehockey","https:\/\/www.instagram.com\/myicehockey\/","https:\/\/www.youtube.com\/channel\/UC46lQwPzfjtjxZ20LjcgiNA\/featured"]}]}},"_links":{"self":[{"href":"https:\/\/myice.hockey\/fr\/wp-json\/wp\/v2\/pages\/4843"}],"collection":[{"href":"https:\/\/myice.hockey\/fr\/wp-json\/wp\/v2\/pages"}],"about":[{"href":"https:\/\/myice.hockey\/fr\/wp-json\/wp\/v2\/types\/page"}],"author":[{"embeddable":true,"href":"https:\/\/myice.hockey\/fr\/wp-json\/wp\/v2\/users\/1"}],"replies":[{"embeddable":true,"href":"https:\/\/myice.hockey\/fr\/wp-json\/wp\/v2\/comments?post=4843"}],"version-history":[{"count":47,"href":"https:\/\/myice.hockey\/fr\/wp-json\/wp\/v2\/pages\/4843\/revisions"}],"predecessor-version":[{"id":31911,"href":"https:\/\/myice.hockey\/fr\/wp-json\/wp\/v2\/pages\/4843\/revisions\/31911"}],"wp:attachment":[{"href":"https:\/\/myice.hockey\/fr\/wp-json\/wp\/v2\/media?parent=4843"}],"curies":[{"name":"wp","href":"https:\/\/api.w.org\/{rel}","templated":true}]}}