{"id":18476,"date":"2022-04-21T14:59:39","date_gmt":"2022-04-21T14:59:39","guid":{"rendered":"https:\/\/myice.hockey\/j-s-sportdb\/"},"modified":"2024-10-30T09:13:49","modified_gmt":"2024-10-30T09:13:49","slug":"js-bdns-import","status":"publish","type":"page","link":"https:\/\/myice.hockey\/fr\/js-bdns-import\/","title":{"rendered":"J+S BDNS Import"},"content":{"rendered":"[mk_page_section bg_image=\u00a0\u00bbhttps:\/\/myice.hockey\/wp-content\/uploads\/mih_background.01.jpg\u00a0\u00bb bg_position=\u00a0\u00bbright bottom\u00a0\u00bb bg_stretch=\u00a0\u00bbtrue\u00a0\u00bb enable_3d=\u00a0\u00bbtrue\u00a0\u00bb video_color_mask=\u00a0\u00bb#ffffff\u00a0\u00bb video_opacity=\u00a0\u00bb0.7&Prime; min_height=\u00a0\u00bb600&Prime; js_vertical_centered=\u00a0\u00bbtrue\u00a0\u00bb sidebar=\u00a0\u00bbsidebar-1&Prime;][vc_column width=\u00a0\u00bb2\/3&Prime;][mk_fancy_title color=\u00a0\u00bb#e61e25&Prime; size=\u00a0\u00bb25&Prime; font_weight=\u00a0\u00bb300&Prime; margin_top=\u00a0\u00bb40&Prime; margin_bottom=\u00a0\u00bb0&Prime; font_family=\u00a0\u00bbnone\u00a0\u00bb responsive_align=\u00a0\u00bbleft\u00a0\u00bb animation=\u00a0\u00bbbottom-to-top\u00a0\u00bb]Contr\u00f4le de pr\u00e9sence de My Ice Hockey[\/mk_fancy_title][mk_fancy_title color=\u00a0\u00bb#221c1e\u00a0\u00bb size=\u00a0\u00bb45&Prime; line_height=\u00a0\u00bb95&Prime; font_weight=\u00a0\u00bbbold\u00a0\u00bb letter_spacing=\u00a0\u00bb-2&Prime; margin_bottom=\u00a0\u00bb0&Prime; font_family=\u00a0\u00bbnone\u00a0\u00bb responsive_align=\u00a0\u00bbleft\u00a0\u00bb animation=\u00a0\u00bbbottom-to-top\u00a0\u00bb]J+S BDNS Import[\/mk_fancy_title][\/vc_column][vc_column width=\u00a0\u00bb1\/3&Prime;][\/vc_column][\/mk_page_section][mk_page_section bg_color=\u00a0\u00bb#ffffff\u00a0\u00bb video_color_mask=\u00a0\u00bb#ffffff\u00a0\u00bb padding_top=\u00a0\u00bb0&Prime; padding_bottom=\u00a0\u00bb80&Prime; section_id=\u00a0\u00bbcoaches\u00a0\u00bb sidebar=\u00a0\u00bbsidebar-1&Prime;][vc_column width=\u00a0\u00bb2\/3&Prime;][mk_padding_divider visibility=\u00a0\u00bbhidden-sm\u00a0\u00bb][mk_image src=\u00a0\u00bbhttps:\/\/myice.hockey\/wp-content\/uploads\/js-bdns_fr_v1.png\u00a0\u00bb image_size=\u00a0\u00bbfull\u00a0\u00bb align=\u00a0\u00bbcenter\u00a0\u00bb visibility=\u00a0\u00bbvisible-sm\u00a0\u00bb][mk_fancy_title color=\u00a0\u00bb#221c1e\u00a0\u00bb size=\u00a0\u00bb45&Prime; font_weight=\u00a0\u00bbbold\u00a0\u00bb letter_spacing=\u00a0\u00bb-2&Prime; margin_top=\u00a0\u00bb40&Prime; margin_bottom=\u00a0\u00bb0&Prime; font_family=\u00a0\u00bbnone\u00a0\u00bb responsive_align=\u00a0\u00bbleft\u00a0\u00bb animation=\u00a0\u00bbbottom-to-top\u00a0\u00bb]J+S BDNS Import[\/mk_fancy_title][vc_column_text css=\u00a0\u00bb.vc_custom_1678351782814{margin-bottom: 0px !important;}\u00a0\u00bb]Tu effectues de toute fa\u00e7on tes <strong>contr\u00f4les de pr\u00e9sence<\/strong> dans My Ice Hockey ? Alors <strong>exporte ces donn\u00e9es<\/strong> de My Ice Hockey et importe-les dans la <a href=\"https:\/\/www.jugendundsport.ch\/fr\/themen\/neue-nds.html\" target=\"_blank\" rel=\"noopener\">J+S Banque de Donn\u00e9es Nationale sur le Sport<\/a>\u00a0 (BDNS) &#8211; rien de plus simple !<\/p>\n<p>Oui, tu as bien lu. Fini de perdre du temps \u00e0 saisir les pr\u00e9sences de tes joueurs. Apr\u00e8s un peu de travail pr\u00e9paratoire dans My Ice Hockey, tu peux effectuer l&rsquo;importation J+S BDNS en quelques clics.<\/p>\n<p>Enfin, elle est l\u00e0 : la connexion J+S BDNS depuis My Ice Hockey. Un autre formidable gain de temps de My Ice Hockey. L&rsquo;importation J+S BDNS est gratuite pour tous les clients.<\/p>\n<p><span style=\"color: #ff0000;\"><a style=\"color: #ff0000;\" href=\"https:\/\/help.myice.hockey\/knowledge-base\/nds-import\/\" target=\"_blank\" rel=\"noopener\">Tu trouveras ici les instructions d\u00e9taill\u00e9es.<\/a><\/span>[\/vc_column_text][\/vc_column][vc_column width=\u00a0\u00bb1\/3&Prime; css=\u00a0\u00bb.vc_custom_1637758179169{margin-right: 0px !important;padding-right: 0px !important;}\u00a0\u00bb][mk_padding_divider size=\u00a0\u00bb100&Prime; visibility=\u00a0\u00bbhidden-sm\u00a0\u00bb][mk_image src=\u00a0\u00bbhttps:\/\/myice.hockey\/wp-content\/uploads\/js-bdns_fr_v1.png\u00a0\u00bb image_size=\u00a0\u00bbfull\u00a0\u00bb visibility=\u00a0\u00bbhidden-sm\u00a0\u00bb][\/vc_column][\/mk_page_section][mk_page_section bg_image=\u00a0\u00bbhttps:\/\/myice.hockey\/wp-content\/uploads\/mih-testimonials.jpeg\u00a0\u00bb bg_stretch=\u00a0\u00bbtrue\u00a0\u00bb enable_3d=\u00a0\u00bbtrue\u00a0\u00bb video_color_mask=\u00a0\u00bb#ffffff\u00a0\u00bb video_opacity=\u00a0\u00bb0.8&Prime; min_height=\u00a0\u00bb450&Prime; js_vertical_centered=\u00a0\u00bbtrue\u00a0\u00bb padding_bottom=\u00a0\u00bb40&Prime; sidebar=\u00a0\u00bbsidebar-1&Prime;][vc_column][mk_fancy_title color=\u00a0\u00bb#221c1e\u00a0\u00bb size=\u00a0\u00bb45&Prime; font_weight=\u00a0\u00bbbold\u00a0\u00bb letter_spacing=\u00a0\u00bb-2&Prime; margin_top=\u00a0\u00bb40&Prime; margin_bottom=\u00a0\u00bb0&Prime; font_family=\u00a0\u00bbnone\u00a0\u00bb responsive_align=\u00a0\u00bbleft\u00a0\u00bb animation=\u00a0\u00bbbottom-to-top\u00a0\u00bb]T\u00e9moignages[\/mk_fancy_title][vc_row_inner][vc_column_inner width=\u00a0\u00bb1\/2&Prime;][vc_column_text css=\u00a0\u00bb.vc_custom_1678351903214{margin-bottom: 0px !important;}\u00a0\u00bb]<em>\u00ab\u00a0J&rsquo;ai d\u00e9j\u00e0 pu tester la connexion \u00e0 J+S BDNS et je suis ravi de la rapidit\u00e9 avec laquelle je peux importer les pr\u00e9sences de mes joueurs de My Ice Hockey dans J+S BDNS. Dans mon travail de responsable J+S et de coach sur plusieurs cat\u00e9gories d&rsquo;\u00e2ge, le module J+S BDNS m&rsquo;apporte un beau gain de temps\u00a0\u00bb<\/em>.[\/vc_column_text][vc_column_text css=\u00a0\u00bb.vc_custom_1651580733899{margin-bottom: 0px !important;}\u00a0\u00bb]<strong><span style=\"font-size: 14px;\">Matthias H\u00fcgli, <\/span><\/strong><span style=\"font-size: 14px;\">Head Coach U13 Elite EV Zug<\/span>[\/vc_column_text][\/vc_column_inner][vc_column_inner width=\u00a0\u00bb1\/2&Prime;][vc_column_text css=\u00a0\u00bb.vc_custom_1678351940388{margin-bottom: 0px !important;}\u00a0\u00bb]<em>\u00ab\u00a0En quelques heures, j&rsquo;ai pu importer sans erreur les pr\u00e9sences de tout un niveau de toute la saison avec J+S BDNS via la connexion My Ice Hockey. G\u00e9nial !\u00a0\u00bb<\/em>[\/vc_column_text][vc_column_text css=\u00a0\u00bb.vc_custom_1651580773947{margin-bottom: 0px !important;}\u00a0\u00bb]<strong><span style=\"font-size: 14px;\">Thomas Heiniger, <\/span><\/strong><span style=\"font-size: 14px;\">Directeur de la rel\u00e8ve EHC Chur Capricorns<\/span>[\/vc_column_text][\/vc_column_inner][\/vc_row_inner][\/vc_column][\/mk_page_section]\n","protected":false},"excerpt":{"rendered":"<p>[mk_page_section bg_image=\u00a0\u00bbhttps:\/\/myice.hockey\/wp-content\/uploads\/mih_background.01.jpg\u00a0\u00bb bg_position=\u00a0\u00bbright bottom\u00a0\u00bb bg_stretch=\u00a0\u00bbtrue\u00a0\u00bb enable_3d=\u00a0\u00bbtrue\u00a0\u00bb video_color_mask=\u00a0\u00bb#ffffff\u00a0\u00bb video_opacity=\u00a0\u00bb0.7&Prime; min_height=\u00a0\u00bb600&Prime; js_vertical_centered=\u00a0\u00bbtrue\u00a0\u00bb sidebar=\u00a0\u00bbsidebar-1&Prime;][vc_column width=\u00a0\u00bb2\/3&Prime;][mk_fancy_title color=\u00a0\u00bb#e61e25&Prime; size=\u00a0\u00bb25&Prime; font_weight=\u00a0\u00bb300&Prime; margin_top=\u00a0\u00bb40&Prime; margin_bottom=\u00a0\u00bb0&Prime; font_family=\u00a0\u00bbnone\u00a0\u00bb responsive_align=\u00a0\u00bbleft\u00a0\u00bb animation=\u00a0\u00bbbottom-to-top\u00a0\u00bb]Contr\u00f4le de pr\u00e9sence de My Ice Hockey[\/mk_fancy_title][mk_fancy_title color=\u00a0\u00bb#221c1e\u00a0\u00bb size=\u00a0\u00bb45&Prime; line_height=\u00a0\u00bb95&Prime; font_weight=\u00a0\u00bbbold\u00a0\u00bb letter_spacing=\u00a0\u00bb-2&Prime; margin_bottom=\u00a0\u00bb0&Prime; font_family=\u00a0\u00bbnone\u00a0\u00bb responsive_align=\u00a0\u00bbleft\u00a0\u00bb animation=\u00a0\u00bbbottom-to-top\u00a0\u00bb]J+S BDNS Import[\/mk_fancy_title][\/vc_column][vc_column width=\u00a0\u00bb1\/3&Prime;][\/vc_column][\/mk_page_section][mk_page_section bg_color=\u00a0\u00bb#ffffff\u00a0\u00bb video_color_mask=\u00a0\u00bb#ffffff\u00a0\u00bb padding_top=\u00a0\u00bb0&Prime; padding_bottom=\u00a0\u00bb80&Prime; section_id=\u00a0\u00bbcoaches\u00a0\u00bb sidebar=\u00a0\u00bbsidebar-1&Prime;][vc_column width=\u00a0\u00bb2\/3&Prime;][mk_padding_divider visibility=\u00a0\u00bbhidden-sm\u00a0\u00bb][mk_image src=\u00a0\u00bbhttps:\/\/myice.hockey\/wp-content\/uploads\/js-bdns_fr_v1.png\u00a0\u00bb image_size=\u00a0\u00bbfull\u00a0\u00bb align=\u00a0\u00bbcenter\u00a0\u00bb visibility=\u00a0\u00bbvisible-sm\u00a0\u00bb][mk_fancy_title color=\u00a0\u00bb#221c1e\u00a0\u00bb size=\u00a0\u00bb45&Prime; font_weight=\u00a0\u00bbbold\u00a0\u00bb letter_spacing=\u00a0\u00bb-2&Prime; margin_top=\u00a0\u00bb40&Prime; [&hellip;]<\/p>\n","protected":false},"author":1,"featured_media":18530,"parent":0,"menu_order":0,"comment_status":"closed","ping_status":"closed","template":"","meta":{"_exactmetrics_skip_tracking":false,"_exactmetrics_sitenote_active":false,"_exactmetrics_sitenote_note":"","_exactmetrics_sitenote_category":0},"yoast_head":"<!-- This site is optimized with the Yoast SEO plugin v20.10 - https:\/\/yoast.com\/wordpress\/plugins\/seo\/ -->\n<title>J+S BDNS Import - My Ice Hockey<\/title>\n<meta name=\"robots\" content=\"index, follow, max-snippet:-1, max-image-preview:large, max-video-preview:-1\" \/>\n<link rel=\"canonical\" href=\"https:\/\/myice.hockey\/fr\/js-bdns-import\/\" \/>\n<meta property=\"og:locale\" content=\"fr_FR\" \/>\n<meta property=\"og:type\" content=\"article\" \/>\n<meta property=\"og:title\" content=\"J+S BDNS Import - My Ice Hockey\" \/>\n<meta property=\"og:description\" content=\"[mk_page_section bg_image=\u00a0\u00bbhttps:\/\/myice.hockey\/wp-content\/uploads\/mih_background.01.jpg\u00a0\u00bb bg_position=\u00a0\u00bbright bottom\u00a0\u00bb bg_stretch=\u00a0\u00bbtrue\u00a0\u00bb enable_3d=\u00a0\u00bbtrue\u00a0\u00bb video_color_mask=\u00a0\u00bb#ffffff\u00a0\u00bb video_opacity=\u00a0\u00bb0.7&Prime; min_height=\u00a0\u00bb600&Prime; js_vertical_centered=\u00a0\u00bbtrue\u00a0\u00bb sidebar=\u00a0\u00bbsidebar-1&Prime;][vc_column width=\u00a0\u00bb2\/3&Prime;][mk_fancy_title color=\u00a0\u00bb#e61e25&Prime; size=\u00a0\u00bb25&Prime; font_weight=\u00a0\u00bb300&Prime; margin_top=\u00a0\u00bb40&Prime; margin_bottom=\u00a0\u00bb0&Prime; font_family=\u00a0\u00bbnone\u00a0\u00bb responsive_align=\u00a0\u00bbleft\u00a0\u00bb animation=\u00a0\u00bbbottom-to-top\u00a0\u00bb]Contr\u00f4le de pr\u00e9sence de My Ice Hockey[\/mk_fancy_title][mk_fancy_title color=\u00a0\u00bb#221c1e\u00a0\u00bb size=\u00a0\u00bb45&Prime; line_height=\u00a0\u00bb95&Prime; font_weight=\u00a0\u00bbbold\u00a0\u00bb letter_spacing=\u00a0\u00bb-2&Prime; margin_bottom=\u00a0\u00bb0&Prime; font_family=\u00a0\u00bbnone\u00a0\u00bb responsive_align=\u00a0\u00bbleft\u00a0\u00bb animation=\u00a0\u00bbbottom-to-top\u00a0\u00bb]J+S BDNS Import[\/mk_fancy_title][\/vc_column][vc_column width=\u00a0\u00bb1\/3&Prime;][\/vc_column][\/mk_page_section][mk_page_section bg_color=\u00a0\u00bb#ffffff\u00a0\u00bb video_color_mask=\u00a0\u00bb#ffffff\u00a0\u00bb padding_top=\u00a0\u00bb0&Prime; padding_bottom=\u00a0\u00bb80&Prime; section_id=\u00a0\u00bbcoaches\u00a0\u00bb sidebar=\u00a0\u00bbsidebar-1&Prime;][vc_column width=\u00a0\u00bb2\/3&Prime;][mk_padding_divider visibility=\u00a0\u00bbhidden-sm\u00a0\u00bb][mk_image src=\u00a0\u00bbhttps:\/\/myice.hockey\/wp-content\/uploads\/js-bdns_fr_v1.png\u00a0\u00bb image_size=\u00a0\u00bbfull\u00a0\u00bb align=\u00a0\u00bbcenter\u00a0\u00bb visibility=\u00a0\u00bbvisible-sm\u00a0\u00bb][mk_fancy_title color=\u00a0\u00bb#221c1e\u00a0\u00bb size=\u00a0\u00bb45&Prime; font_weight=\u00a0\u00bbbold\u00a0\u00bb letter_spacing=\u00a0\u00bb-2&Prime; margin_top=\u00a0\u00bb40&Prime; [&hellip;]\" \/>\n<meta property=\"og:url\" content=\"https:\/\/myice.hockey\/fr\/js-bdns-import\/\" \/>\n<meta property=\"og:site_name\" content=\"My Ice Hockey\" \/>\n<meta property=\"article:publisher\" content=\"https:\/\/www.facebook.com\/MyIceHockey\/\" \/>\n<meta property=\"article:modified_time\" content=\"2024-10-30T09:13:49+00:00\" \/>\n<meta property=\"og:image\" content=\"https:\/\/myice.hockey\/wp-content\/uploads\/js-sportbd_fr.v1.png\" \/>\n\t<meta property=\"og:image:width\" content=\"1500\" \/>\n\t<meta property=\"og:image:height\" content=\"1500\" \/>\n\t<meta property=\"og:image:type\" content=\"image\/png\" \/>\n<meta name=\"twitter:card\" content=\"summary_large_image\" \/>\n<meta name=\"twitter:site\" content=\"@myicehockey\" \/>\n<meta name=\"twitter:label1\" content=\"Dur\u00e9e de lecture estim\u00e9e\" \/>\n\t<meta name=\"twitter:data1\" content=\"2 minutes\" \/>\n<script type=\"application\/ld+json\" class=\"yoast-schema-graph\">{\"@context\":\"https:\/\/schema.org\",\"@graph\":[{\"@type\":\"WebPage\",\"@id\":\"https:\/\/myice.hockey\/fr\/js-bdns-import\/\",\"url\":\"https:\/\/myice.hockey\/fr\/js-bdns-import\/\",\"name\":\"J+S BDNS Import - My Ice Hockey\",\"isPartOf\":{\"@id\":\"https:\/\/myice.hockey\/fr\/#website\"},\"datePublished\":\"2022-04-21T14:59:39+00:00\",\"dateModified\":\"2024-10-30T09:13:49+00:00\",\"breadcrumb\":{\"@id\":\"https:\/\/myice.hockey\/fr\/js-bdns-import\/#breadcrumb\"},\"inLanguage\":\"fr-FR\",\"potentialAction\":[{\"@type\":\"ReadAction\",\"target\":[\"https:\/\/myice.hockey\/fr\/js-bdns-import\/\"]}]},{\"@type\":\"BreadcrumbList\",\"@id\":\"https:\/\/myice.hockey\/fr\/js-bdns-import\/#breadcrumb\",\"itemListElement\":[{\"@type\":\"ListItem\",\"position\":1,\"name\":\"Home\",\"item\":\"https:\/\/myice.hockey\/fr\/\"},{\"@type\":\"ListItem\",\"position\":2,\"name\":\"J+S BDNS Import\"}]},{\"@type\":\"WebSite\",\"@id\":\"https:\/\/myice.hockey\/fr\/#website\",\"url\":\"https:\/\/myice.hockey\/fr\/\",\"name\":\"My Ice Hockey\",\"description\":\"My Ice Hockey - From Coach to Coach\",\"publisher\":{\"@id\":\"https:\/\/myice.hockey\/fr\/#organization\"},\"potentialAction\":[{\"@type\":\"SearchAction\",\"target\":{\"@type\":\"EntryPoint\",\"urlTemplate\":\"https:\/\/myice.hockey\/fr\/?s={search_term_string}\"},\"query-input\":\"required name=search_term_string\"}],\"inLanguage\":\"fr-FR\"},{\"@type\":\"Organization\",\"@id\":\"https:\/\/myice.hockey\/fr\/#organization\",\"name\":\"myice hockey\",\"url\":\"https:\/\/myice.hockey\/fr\/\",\"logo\":{\"@type\":\"ImageObject\",\"inLanguage\":\"fr-FR\",\"@id\":\"https:\/\/myice.hockey\/fr\/#\/schema\/logo\/image\/\",\"url\":\"https:\/\/myice.hockey\/wp-content\/uploads\/logo-header.png\",\"contentUrl\":\"https:\/\/myice.hockey\/wp-content\/uploads\/logo-header.png\",\"width\":440,\"height\":508,\"caption\":\"myice hockey\"},\"image\":{\"@id\":\"https:\/\/myice.hockey\/fr\/#\/schema\/logo\/image\/\"},\"sameAs\":[\"https:\/\/www.facebook.com\/MyIceHockey\/\",\"https:\/\/twitter.com\/myicehockey\",\"https:\/\/www.instagram.com\/myicehockey\/\",\"https:\/\/www.youtube.com\/channel\/UC46lQwPzfjtjxZ20LjcgiNA\/featured\"]}]}<\/script>\n<!-- \/ Yoast SEO plugin. -->","yoast_head_json":{"title":"J+S BDNS Import - My Ice Hockey","robots":{"index":"index","follow":"follow","max-snippet":"max-snippet:-1","max-image-preview":"max-image-preview:large","max-video-preview":"max-video-preview:-1"},"canonical":"https:\/\/myice.hockey\/fr\/js-bdns-import\/","og_locale":"fr_FR","og_type":"article","og_title":"J+S BDNS Import - My Ice Hockey","og_description":"[mk_page_section bg_image=\u00a0\u00bbhttps:\/\/myice.hockey\/wp-content\/uploads\/mih_background.01.jpg\u00a0\u00bb bg_position=\u00a0\u00bbright bottom\u00a0\u00bb bg_stretch=\u00a0\u00bbtrue\u00a0\u00bb enable_3d=\u00a0\u00bbtrue\u00a0\u00bb video_color_mask=\u00a0\u00bb#ffffff\u00a0\u00bb video_opacity=\u00a0\u00bb0.7&Prime; min_height=\u00a0\u00bb600&Prime; js_vertical_centered=\u00a0\u00bbtrue\u00a0\u00bb sidebar=\u00a0\u00bbsidebar-1&Prime;][vc_column width=\u00a0\u00bb2\/3&Prime;][mk_fancy_title color=\u00a0\u00bb#e61e25&Prime; size=\u00a0\u00bb25&Prime; font_weight=\u00a0\u00bb300&Prime; margin_top=\u00a0\u00bb40&Prime; margin_bottom=\u00a0\u00bb0&Prime; font_family=\u00a0\u00bbnone\u00a0\u00bb responsive_align=\u00a0\u00bbleft\u00a0\u00bb animation=\u00a0\u00bbbottom-to-top\u00a0\u00bb]Contr\u00f4le de pr\u00e9sence de My Ice Hockey[\/mk_fancy_title][mk_fancy_title color=\u00a0\u00bb#221c1e\u00a0\u00bb size=\u00a0\u00bb45&Prime; line_height=\u00a0\u00bb95&Prime; font_weight=\u00a0\u00bbbold\u00a0\u00bb letter_spacing=\u00a0\u00bb-2&Prime; margin_bottom=\u00a0\u00bb0&Prime; font_family=\u00a0\u00bbnone\u00a0\u00bb responsive_align=\u00a0\u00bbleft\u00a0\u00bb animation=\u00a0\u00bbbottom-to-top\u00a0\u00bb]J+S BDNS Import[\/mk_fancy_title][\/vc_column][vc_column width=\u00a0\u00bb1\/3&Prime;][\/vc_column][\/mk_page_section][mk_page_section bg_color=\u00a0\u00bb#ffffff\u00a0\u00bb video_color_mask=\u00a0\u00bb#ffffff\u00a0\u00bb padding_top=\u00a0\u00bb0&Prime; padding_bottom=\u00a0\u00bb80&Prime; section_id=\u00a0\u00bbcoaches\u00a0\u00bb sidebar=\u00a0\u00bbsidebar-1&Prime;][vc_column width=\u00a0\u00bb2\/3&Prime;][mk_padding_divider visibility=\u00a0\u00bbhidden-sm\u00a0\u00bb][mk_image src=\u00a0\u00bbhttps:\/\/myice.hockey\/wp-content\/uploads\/js-bdns_fr_v1.png\u00a0\u00bb image_size=\u00a0\u00bbfull\u00a0\u00bb align=\u00a0\u00bbcenter\u00a0\u00bb visibility=\u00a0\u00bbvisible-sm\u00a0\u00bb][mk_fancy_title color=\u00a0\u00bb#221c1e\u00a0\u00bb size=\u00a0\u00bb45&Prime; font_weight=\u00a0\u00bbbold\u00a0\u00bb letter_spacing=\u00a0\u00bb-2&Prime; margin_top=\u00a0\u00bb40&Prime; [&hellip;]","og_url":"https:\/\/myice.hockey\/fr\/js-bdns-import\/","og_site_name":"My Ice Hockey","article_publisher":"https:\/\/www.facebook.com\/MyIceHockey\/","article_modified_time":"2024-10-30T09:13:49+00:00","og_image":[{"width":1500,"height":1500,"url":"https:\/\/myice.hockey\/wp-content\/uploads\/js-sportbd_fr.v1.png","type":"image\/png"}],"twitter_card":"summary_large_image","twitter_site":"@myicehockey","twitter_misc":{"Dur\u00e9e de lecture estim\u00e9e":"2 minutes"},"schema":{"@context":"https:\/\/schema.org","@graph":[{"@type":"WebPage","@id":"https:\/\/myice.hockey\/fr\/js-bdns-import\/","url":"https:\/\/myice.hockey\/fr\/js-bdns-import\/","name":"J+S BDNS Import - My Ice Hockey","isPartOf":{"@id":"https:\/\/myice.hockey\/fr\/#website"},"datePublished":"2022-04-21T14:59:39+00:00","dateModified":"2024-10-30T09:13:49+00:00","breadcrumb":{"@id":"https:\/\/myice.hockey\/fr\/js-bdns-import\/#breadcrumb"},"inLanguage":"fr-FR","potentialAction":[{"@type":"ReadAction","target":["https:\/\/myice.hockey\/fr\/js-bdns-import\/"]}]},{"@type":"BreadcrumbList","@id":"https:\/\/myice.hockey\/fr\/js-bdns-import\/#breadcrumb","itemListElement":[{"@type":"ListItem","position":1,"name":"Home","item":"https:\/\/myice.hockey\/fr\/"},{"@type":"ListItem","position":2,"name":"J+S BDNS Import"}]},{"@type":"WebSite","@id":"https:\/\/myice.hockey\/fr\/#website","url":"https:\/\/myice.hockey\/fr\/","name":"My Ice Hockey","description":"My Ice Hockey - From Coach to Coach","publisher":{"@id":"https:\/\/myice.hockey\/fr\/#organization"},"potentialAction":[{"@type":"SearchAction","target":{"@type":"EntryPoint","urlTemplate":"https:\/\/myice.hockey\/fr\/?s={search_term_string}"},"query-input":"required name=search_term_string"}],"inLanguage":"fr-FR"},{"@type":"Organization","@id":"https:\/\/myice.hockey\/fr\/#organization","name":"myice hockey","url":"https:\/\/myice.hockey\/fr\/","logo":{"@type":"ImageObject","inLanguage":"fr-FR","@id":"https:\/\/myice.hockey\/fr\/#\/schema\/logo\/image\/","url":"https:\/\/myice.hockey\/wp-content\/uploads\/logo-header.png","contentUrl":"https:\/\/myice.hockey\/wp-content\/uploads\/logo-header.png","width":440,"height":508,"caption":"myice hockey"},"image":{"@id":"https:\/\/myice.hockey\/fr\/#\/schema\/logo\/image\/"},"sameAs":["https:\/\/www.facebook.com\/MyIceHockey\/","https:\/\/twitter.com\/myicehockey","https:\/\/www.instagram.com\/myicehockey\/","https:\/\/www.youtube.com\/channel\/UC46lQwPzfjtjxZ20LjcgiNA\/featured"]}]}},"_links":{"self":[{"href":"https:\/\/myice.hockey\/fr\/wp-json\/wp\/v2\/pages\/18476"}],"collection":[{"href":"https:\/\/myice.hockey\/fr\/wp-json\/wp\/v2\/pages"}],"about":[{"href":"https:\/\/myice.hockey\/fr\/wp-json\/wp\/v2\/types\/page"}],"author":[{"embeddable":true,"href":"https:\/\/myice.hockey\/fr\/wp-json\/wp\/v2\/users\/1"}],"replies":[{"embeddable":true,"href":"https:\/\/myice.hockey\/fr\/wp-json\/wp\/v2\/comments?post=18476"}],"version-history":[{"count":12,"href":"https:\/\/myice.hockey\/fr\/wp-json\/wp\/v2\/pages\/18476\/revisions"}],"predecessor-version":[{"id":33154,"href":"https:\/\/myice.hockey\/fr\/wp-json\/wp\/v2\/pages\/18476\/revisions\/33154"}],"wp:featuredmedia":[{"embeddable":true,"href":"https:\/\/myice.hockey\/fr\/wp-json\/wp\/v2\/media\/18530"}],"wp:attachment":[{"href":"https:\/\/myice.hockey\/fr\/wp-json\/wp\/v2\/media?parent=18476"}],"curies":[{"name":"wp","href":"https:\/\/api.w.org\/{rel}","templated":true}]}}