{"id":17938,"date":"2022-02-17T15:50:22","date_gmt":"2022-02-17T15:50:22","guid":{"rendered":"https:\/\/myice.hockey\/jobs\/"},"modified":"2023-02-13T09:27:46","modified_gmt":"2023-02-13T09:27:46","slug":"jobs","status":"publish","type":"page","link":"https:\/\/myice.hockey\/fr\/jobs\/","title":{"rendered":"Jobs"},"content":{"rendered":"[mk_page_section padding_top=\u00a0\u00bb60&Prime; padding_bottom=\u00a0\u00bb60&Prime; sidebar=\u00a0\u00bbsidebar-1&Prime;][vc_column][mk_fancy_title size=\u00a0\u00bb45&Prime; font_weight=\u00a0\u00bbbold\u00a0\u00bb font_family=\u00a0\u00bbnone\u00a0\u00bb]Force8 &#8211; Digital. Sport. Innovations.[\/mk_fancy_title][vc_column_text css=\u00a0\u00bb.vc_custom_1646127939097{margin-bottom: 0px !important;}\u00a0\u00bb]Force8 Ltd &#8211; fond\u00e9e en 2008 &#8211; est une soci\u00e9t\u00e9 bas\u00e9e en Suisse qui fournit un syst\u00e8me de gestion des athl\u00e8tes et des \u00e9quipes. Nous aidons les <strong>f\u00e9d\u00e9rations sportives et les clubs<\/strong> \u00e0 num\u00e9riser le parcours de leurs athl\u00e8tes. My Ice Hockey fournit une solution efficace aux entra\u00eeneurs, qui peuvent ainsi planifier les entra\u00eenements, g\u00e9rer les comp\u00e9titions et suivre et analyser leurs athl\u00e8tes.<\/p>\n<p>Tout en travaillant dur pour nos clients tels que <strong>Swiss Ice Hockey Federation, la F\u00e9d\u00e9ration allemande de hockey sur glace, le ZSC Lions<\/strong>, ou <strong>K\u00f6lner Junghaie<\/strong> nous prenons beaucoup de plaisir \u00e0 travailler dans ce monde passionnant de la technologie sportive.[\/vc_column_text][\/vc_column][\/mk_page_section][mk_page_section bg_color=\u00a0\u00bb#f9f9f9&Prime; padding_top=\u00a0\u00bb60&Prime; padding_bottom=\u00a0\u00bb60&Prime; sidebar=\u00a0\u00bbsidebar-1&Prime;][vc_column][mk_fancy_title size=\u00a0\u00bb30&Prime; font_weight=\u00a0\u00bbbold\u00a0\u00bb margin_bottom=\u00a0\u00bb0&Prime; font_family=\u00a0\u00bbnone\u00a0\u00bb]Coach r\u00e9gional des ventes[\/mk_fancy_title][vc_column_text css=\u00a0\u00bb.vc_custom_1643818113348{margin-bottom: 0px !important;}\u00a0\u00bb]\u00cates-vous un entra\u00eeneur sportif d\u00e9sireux de <strong>gagner de l&rsquo;argent suppl\u00e9mentaire gr\u00e2ce au sport que vous aimez<\/strong>? Nos <strong>excellents<\/strong> <strong>produits et notre structure de commissions<\/strong> vous aideront \u00e0 atteindre cet objectif et m\u00eame plus.[\/vc_column_text][mk_padding_divider][vc_row_inner][vc_column_inner width=\u00a0\u00bb1\/3&Prime;][vc_column_text css=\u00a0\u00bb.vc_custom_1646038440218{margin-bottom: 0px !important;}\u00a0\u00bb]<strong><span style=\"font-size: 18px;\">Responsibiliti\u00e9s<\/span><\/strong><\/p>\n<p>Nous recrutons des coachs qui sont motiv\u00e9s pour travailler avec le syst\u00e8me de gestion des athl\u00e8tes et des \u00e9quipes My Ice Hockey (licence gratuite) et le vendre \u00e0 d&rsquo;autres organisations (lyc\u00e9es, coll\u00e8ges, clubs, etc.)[\/vc_column_text][\/vc_column_inner][vc_column_inner width=\u00a0\u00bb1\/3&Prime;][vc_column_text css=\u00a0\u00bb.vc_custom_1643818197576{margin-bottom: 0px !important;}\u00a0\u00bb]<strong><span style=\"font-size: 18px;\">Profil<\/span><\/strong><\/p>\n<p>Vous devez avoir de solides comp\u00e9tences en mati\u00e8re de vente et de service \u00e0 la client\u00e8le et disposer d&rsquo;un vaste r\u00e9seau dans la communaut\u00e9 sportive. Vous g\u00e9n\u00e9rez de nouvelles pistes de vente et concluez m\u00eame des affaires par vous-m\u00eame &#8211; soutenu par notre country manager.[\/vc_column_text][\/vc_column_inner][vc_column_inner width=\u00a0\u00bb1\/3&Prime;][vc_column_text css=\u00a0\u00bb.vc_custom_1643818229858{margin-bottom: 0px !important;}\u00a0\u00bb]<strong><span style=\"font-size: 18px;\">Ce que nous offrons<br \/>\n<\/span><\/strong><\/p>\n<p>Toutes les ventes r\u00e9alis\u00e9es avec votre aide seront r\u00e9mun\u00e9r\u00e9es par une commission g\u00e9n\u00e9reuse et des renouvellements annuels permanents. Ce poste ne n\u00e9cessitera que quelques heures par semaine, et Force8 vous fournira le mat\u00e9riel n\u00e9cessaire.[\/vc_column_text][\/vc_column_inner][\/vc_row_inner][vc_column_text css=\u00a0\u00bb.vc_custom_1676280458893{margin-bottom: 0px !important;}\u00a0\u00bb]Si ce d\u00e9fi vous int\u00e9resse et que vous vous d\u00e9finissez comme curieux et passionn\u00e9, alors nous aimerions vous conna\u00eetre.<strong><br \/>\n<\/strong><\/p>\n<p><a href=\"mailto:jobs@force8.coach\">Veuillez envoyer votre CV et votre lettre de motivation \u00e0 cette adresse e-mail.<\/a>[\/vc_column_text][\/vc_column][\/mk_page_section]\n","protected":false},"excerpt":{"rendered":"<p>[mk_page_section padding_top=\u00a0\u00bb60&Prime; padding_bottom=\u00a0\u00bb60&Prime; sidebar=\u00a0\u00bbsidebar-1&Prime;][vc_column][mk_fancy_title size=\u00a0\u00bb45&Prime; font_weight=\u00a0\u00bbbold\u00a0\u00bb font_family=\u00a0\u00bbnone\u00a0\u00bb]Force8 &#8211; Digital. Sport. Innovations.[\/mk_fancy_title][vc_column_text css=\u00a0\u00bb.vc_custom_1646127939097{margin-bottom: 0px !important;}\u00a0\u00bb]Force8 Ltd &#8211; fond\u00e9e en 2008 &#8211; est une soci\u00e9t\u00e9 bas\u00e9e en Suisse qui fournit un syst\u00e8me de gestion des athl\u00e8tes et des \u00e9quipes. Nous aidons les f\u00e9d\u00e9rations sportives et les clubs \u00e0 num\u00e9riser le parcours de leurs athl\u00e8tes. My Ice Hockey [&hellip;]<\/p>\n","protected":false},"author":1,"featured_media":0,"parent":0,"menu_order":0,"comment_status":"closed","ping_status":"closed","template":"","meta":{"_exactmetrics_skip_tracking":false,"_exactmetrics_sitenote_active":false,"_exactmetrics_sitenote_note":"","_exactmetrics_sitenote_category":0},"yoast_head":"<!-- This site is optimized with the Yoast SEO plugin v20.10 - https:\/\/yoast.com\/wordpress\/plugins\/seo\/ -->\n<title>Jobs - My Ice Hockey<\/title>\n<meta name=\"robots\" content=\"index, follow, max-snippet:-1, max-image-preview:large, max-video-preview:-1\" \/>\n<link rel=\"canonical\" href=\"https:\/\/myice.hockey\/fr\/jobs\/\" \/>\n<meta property=\"og:locale\" content=\"fr_FR\" \/>\n<meta property=\"og:type\" content=\"article\" \/>\n<meta property=\"og:title\" content=\"Jobs - My Ice Hockey\" \/>\n<meta property=\"og:description\" content=\"[mk_page_section padding_top=\u00a0\u00bb60&Prime; padding_bottom=\u00a0\u00bb60&Prime; sidebar=\u00a0\u00bbsidebar-1&Prime;][vc_column][mk_fancy_title size=\u00a0\u00bb45&Prime; font_weight=\u00a0\u00bbbold\u00a0\u00bb font_family=\u00a0\u00bbnone\u00a0\u00bb]Force8 &#8211; Digital. Sport. Innovations.[\/mk_fancy_title][vc_column_text css=\u00a0\u00bb.vc_custom_1646127939097{margin-bottom: 0px !important;}\u00a0\u00bb]Force8 Ltd &#8211; fond\u00e9e en 2008 &#8211; est une soci\u00e9t\u00e9 bas\u00e9e en Suisse qui fournit un syst\u00e8me de gestion des athl\u00e8tes et des \u00e9quipes. Nous aidons les f\u00e9d\u00e9rations sportives et les clubs \u00e0 num\u00e9riser le parcours de leurs athl\u00e8tes. My Ice Hockey [&hellip;]\" \/>\n<meta property=\"og:url\" content=\"https:\/\/myice.hockey\/fr\/jobs\/\" \/>\n<meta property=\"og:site_name\" content=\"My Ice Hockey\" \/>\n<meta property=\"article:publisher\" content=\"https:\/\/www.facebook.com\/MyIceHockey\/\" \/>\n<meta property=\"article:modified_time\" content=\"2023-02-13T09:27:46+00:00\" \/>\n<meta name=\"twitter:card\" content=\"summary_large_image\" \/>\n<meta name=\"twitter:site\" content=\"@myicehockey\" \/>\n<meta name=\"twitter:label1\" content=\"Dur\u00e9e de lecture estim\u00e9e\" \/>\n\t<meta name=\"twitter:data1\" content=\"2 minutes\" \/>\n<script type=\"application\/ld+json\" class=\"yoast-schema-graph\">{\"@context\":\"https:\/\/schema.org\",\"@graph\":[{\"@type\":\"WebPage\",\"@id\":\"https:\/\/myice.hockey\/fr\/jobs\/\",\"url\":\"https:\/\/myice.hockey\/fr\/jobs\/\",\"name\":\"Jobs - My Ice Hockey\",\"isPartOf\":{\"@id\":\"https:\/\/myice.hockey\/fr\/#website\"},\"datePublished\":\"2022-02-17T15:50:22+00:00\",\"dateModified\":\"2023-02-13T09:27:46+00:00\",\"breadcrumb\":{\"@id\":\"https:\/\/myice.hockey\/fr\/jobs\/#breadcrumb\"},\"inLanguage\":\"fr-FR\",\"potentialAction\":[{\"@type\":\"ReadAction\",\"target\":[\"https:\/\/myice.hockey\/fr\/jobs\/\"]}]},{\"@type\":\"BreadcrumbList\",\"@id\":\"https:\/\/myice.hockey\/fr\/jobs\/#breadcrumb\",\"itemListElement\":[{\"@type\":\"ListItem\",\"position\":1,\"name\":\"Home\",\"item\":\"https:\/\/myice.hockey\/fr\/\"},{\"@type\":\"ListItem\",\"position\":2,\"name\":\"Jobs\"}]},{\"@type\":\"WebSite\",\"@id\":\"https:\/\/myice.hockey\/fr\/#website\",\"url\":\"https:\/\/myice.hockey\/fr\/\",\"name\":\"My Ice Hockey\",\"description\":\"My Ice Hockey - From Coach to Coach\",\"publisher\":{\"@id\":\"https:\/\/myice.hockey\/fr\/#organization\"},\"potentialAction\":[{\"@type\":\"SearchAction\",\"target\":{\"@type\":\"EntryPoint\",\"urlTemplate\":\"https:\/\/myice.hockey\/fr\/?s={search_term_string}\"},\"query-input\":\"required name=search_term_string\"}],\"inLanguage\":\"fr-FR\"},{\"@type\":\"Organization\",\"@id\":\"https:\/\/myice.hockey\/fr\/#organization\",\"name\":\"myice hockey\",\"url\":\"https:\/\/myice.hockey\/fr\/\",\"logo\":{\"@type\":\"ImageObject\",\"inLanguage\":\"fr-FR\",\"@id\":\"https:\/\/myice.hockey\/fr\/#\/schema\/logo\/image\/\",\"url\":\"https:\/\/myice.hockey\/wp-content\/uploads\/logo-header.png\",\"contentUrl\":\"https:\/\/myice.hockey\/wp-content\/uploads\/logo-header.png\",\"width\":440,\"height\":508,\"caption\":\"myice hockey\"},\"image\":{\"@id\":\"https:\/\/myice.hockey\/fr\/#\/schema\/logo\/image\/\"},\"sameAs\":[\"https:\/\/www.facebook.com\/MyIceHockey\/\",\"https:\/\/twitter.com\/myicehockey\",\"https:\/\/www.instagram.com\/myicehockey\/\",\"https:\/\/www.youtube.com\/channel\/UC46lQwPzfjtjxZ20LjcgiNA\/featured\"]}]}<\/script>\n<!-- \/ Yoast SEO plugin. -->","yoast_head_json":{"title":"Jobs - My Ice Hockey","robots":{"index":"index","follow":"follow","max-snippet":"max-snippet:-1","max-image-preview":"max-image-preview:large","max-video-preview":"max-video-preview:-1"},"canonical":"https:\/\/myice.hockey\/fr\/jobs\/","og_locale":"fr_FR","og_type":"article","og_title":"Jobs - My Ice Hockey","og_description":"[mk_page_section padding_top=\u00a0\u00bb60&Prime; padding_bottom=\u00a0\u00bb60&Prime; sidebar=\u00a0\u00bbsidebar-1&Prime;][vc_column][mk_fancy_title size=\u00a0\u00bb45&Prime; font_weight=\u00a0\u00bbbold\u00a0\u00bb font_family=\u00a0\u00bbnone\u00a0\u00bb]Force8 &#8211; Digital. Sport. Innovations.[\/mk_fancy_title][vc_column_text css=\u00a0\u00bb.vc_custom_1646127939097{margin-bottom: 0px !important;}\u00a0\u00bb]Force8 Ltd &#8211; fond\u00e9e en 2008 &#8211; est une soci\u00e9t\u00e9 bas\u00e9e en Suisse qui fournit un syst\u00e8me de gestion des athl\u00e8tes et des \u00e9quipes. Nous aidons les f\u00e9d\u00e9rations sportives et les clubs \u00e0 num\u00e9riser le parcours de leurs athl\u00e8tes. My Ice Hockey [&hellip;]","og_url":"https:\/\/myice.hockey\/fr\/jobs\/","og_site_name":"My Ice Hockey","article_publisher":"https:\/\/www.facebook.com\/MyIceHockey\/","article_modified_time":"2023-02-13T09:27:46+00:00","twitter_card":"summary_large_image","twitter_site":"@myicehockey","twitter_misc":{"Dur\u00e9e de lecture estim\u00e9e":"2 minutes"},"schema":{"@context":"https:\/\/schema.org","@graph":[{"@type":"WebPage","@id":"https:\/\/myice.hockey\/fr\/jobs\/","url":"https:\/\/myice.hockey\/fr\/jobs\/","name":"Jobs - My Ice Hockey","isPartOf":{"@id":"https:\/\/myice.hockey\/fr\/#website"},"datePublished":"2022-02-17T15:50:22+00:00","dateModified":"2023-02-13T09:27:46+00:00","breadcrumb":{"@id":"https:\/\/myice.hockey\/fr\/jobs\/#breadcrumb"},"inLanguage":"fr-FR","potentialAction":[{"@type":"ReadAction","target":["https:\/\/myice.hockey\/fr\/jobs\/"]}]},{"@type":"BreadcrumbList","@id":"https:\/\/myice.hockey\/fr\/jobs\/#breadcrumb","itemListElement":[{"@type":"ListItem","position":1,"name":"Home","item":"https:\/\/myice.hockey\/fr\/"},{"@type":"ListItem","position":2,"name":"Jobs"}]},{"@type":"WebSite","@id":"https:\/\/myice.hockey\/fr\/#website","url":"https:\/\/myice.hockey\/fr\/","name":"My Ice Hockey","description":"My Ice Hockey - From Coach to Coach","publisher":{"@id":"https:\/\/myice.hockey\/fr\/#organization"},"potentialAction":[{"@type":"SearchAction","target":{"@type":"EntryPoint","urlTemplate":"https:\/\/myice.hockey\/fr\/?s={search_term_string}"},"query-input":"required name=search_term_string"}],"inLanguage":"fr-FR"},{"@type":"Organization","@id":"https:\/\/myice.hockey\/fr\/#organization","name":"myice hockey","url":"https:\/\/myice.hockey\/fr\/","logo":{"@type":"ImageObject","inLanguage":"fr-FR","@id":"https:\/\/myice.hockey\/fr\/#\/schema\/logo\/image\/","url":"https:\/\/myice.hockey\/wp-content\/uploads\/logo-header.png","contentUrl":"https:\/\/myice.hockey\/wp-content\/uploads\/logo-header.png","width":440,"height":508,"caption":"myice hockey"},"image":{"@id":"https:\/\/myice.hockey\/fr\/#\/schema\/logo\/image\/"},"sameAs":["https:\/\/www.facebook.com\/MyIceHockey\/","https:\/\/twitter.com\/myicehockey","https:\/\/www.instagram.com\/myicehockey\/","https:\/\/www.youtube.com\/channel\/UC46lQwPzfjtjxZ20LjcgiNA\/featured"]}]}},"_links":{"self":[{"href":"https:\/\/myice.hockey\/fr\/wp-json\/wp\/v2\/pages\/17938"}],"collection":[{"href":"https:\/\/myice.hockey\/fr\/wp-json\/wp\/v2\/pages"}],"about":[{"href":"https:\/\/myice.hockey\/fr\/wp-json\/wp\/v2\/types\/page"}],"author":[{"embeddable":true,"href":"https:\/\/myice.hockey\/fr\/wp-json\/wp\/v2\/users\/1"}],"replies":[{"embeddable":true,"href":"https:\/\/myice.hockey\/fr\/wp-json\/wp\/v2\/comments?post=17938"}],"version-history":[{"count":7,"href":"https:\/\/myice.hockey\/fr\/wp-json\/wp\/v2\/pages\/17938\/revisions"}],"predecessor-version":[{"id":22851,"href":"https:\/\/myice.hockey\/fr\/wp-json\/wp\/v2\/pages\/17938\/revisions\/22851"}],"wp:attachment":[{"href":"https:\/\/myice.hockey\/fr\/wp-json\/wp\/v2\/media?parent=17938"}],"curies":[{"name":"wp","href":"https:\/\/api.w.org\/{rel}","templated":true}]}}